{"id":10446,"date":"2024-03-15T13:33:29","date_gmt":"2024-03-15T12:33:29","guid":{"rendered":"https:\/\/vps181.cesvima.upm.es\/re-hab\/?page_id=10446"},"modified":"2024-03-15T13:34:36","modified_gmt":"2024-03-15T12:34:36","slug":"2022-informe-de-revision-de-la-metodologia-del-catalogo-de-barrios-vulnerables-para-adaptarla-al-nuevo-censo-2021","status":"publish","type":"page","link":"https:\/\/vps181.cesvima.upm.es\/re-hab\/2022-informe-de-revision-de-la-metodologia-del-catalogo-de-barrios-vulnerables-para-adaptarla-al-nuevo-censo-2021\/","title":{"rendered":"2022. Informe de revisi\u00f3n de la metodolog\u00eda del Cat\u00e1logo de Barrios Vulnerables para adaptarla al nuevo Censo 2021"},"content":{"rendered":"<p><strong>Convenio entre el Ministerio de Transportes, Movilidad y Agenda Urbana y el Instituto Juan de Herrera de la Escuela T\u00e9cnica Superior de Arquitectura de Madrid (UPM), para la incorporaci\u00f3n al Observatorio de la Vulnerabilidad Urbana de un \u00abInforme de revisi\u00f3n de la metodolog\u00eda del Cat\u00e1logo de Barrios Vulnerables para adaptarla al nuevo Censo 2021\u201d.<\/strong><\/p>\n<p>Este trabajo se ha desarrollado gracias al Convenio firmado en junio de 2022 entre el Ministerio de Transportes, Movilidad y Agenda Urbana, a trav\u00e9s de la Direcci\u00f3n General de Agenda Urbana y Arquitectura en virtud del Real Decreto 554\/2020, de 2 de junio, y de conformidad con el Real Decreto 645\/2020, de7 de julio y el Instituto Juan de Herrera para el desarrollo del Observatorio de la Vulnerabilidad Urbana en Espa\u00f1a a trav\u00e9s de un <em>\u00abInforme de revisi\u00f3n de la metodolog\u00eda del Cat\u00e1logo de Barrios Vulnerables para adaptarla al nuevo Censo 2021\u00bb<\/em>.<\/p>\n<p><b>Contenido del Informe<\/b><\/p>\n<p>El informe se estructura en 6 cap\u00edtulos:<\/p>\n<ul>\n<li>CAP\u00cdTULO 1. Repasa la metodolog\u00eda de los anteriores cat\u00e1logos describiendo sint\u00e9ticamente las operaciones a realizar para el Cat\u00e1logo de 2021, algunas de las cuales se desglosar\u00e1n en detalle en los siguientes cap\u00edtulos.<\/li>\n<li>CAP\u00cdTULO 2. Propone una definici\u00f3n del cuerpo de estudio del Cat\u00e1logo de Barrios Vulnerables 2021, incorporando al listado de los Cat\u00e1logos anteriores, formado por municipios mayores de 50.000 habitantes y capitales de provincia, los nuevos municipios que superaban en 2021 dicha poblaci\u00f3n, y analizando la cobertura de los municipios de an\u00e1lisis respecto a las Grandes \u00c1reas Urbanas definidas por el MITMA.<\/li>\n<li>CAP\u00cdTULO 3. Presenta una propuesta de metodolog\u00eda de los indicadores de delimitaci\u00f3n, Indicadores B\u00e1sicos de Vulnerabilidad Urbana (IBVU), utilizados en anteriores Cat\u00e1logos: los vinculados a Paro (IPAR) y Estudios (IEST) extra\u00eddos de los datos preliminares del Censo de Poblaci\u00f3n 20213, que se complementan con un nuevo indicador basado en la renta (IREN), elaborado a partir de otro producto del INE, el Atlas de Distribuci\u00f3n de Renta de los Hogares. Adem\u00e1s, ya que el indicador de Vivienda (IVIV) no puede obtenerse del Censo 2021, se explora la posibilidad de utilizar una variable extra\u00edda de las bases de datos de Catastro a trav\u00e9s un informe anejo realizado sobre vulnerabilidad residencial.<\/li>\n<li>CAP\u00cdTULO 4. Analiza la disponibilidad en el Censo 2021 de los indicadores de caracterizaci\u00f3n usados en Cat\u00e1logos anteriores y propone su sustituci\u00f3n o la incorporaci\u00f3n de indicadores nuevos a partir del an\u00e1lisis de varias dimensiones de la vulnerabilidad: social , inmobiliaria y energ\u00e9tica. Adem\u00e1s del nuevo listado de indicadores, tambi\u00e9n se propone un nuevo dise\u00f1o para las fichas estad\u00edsticas de barrio y ciudad a partir de las cuales se va a presentar la informaci\u00f3n del Cat\u00e1logo 2021.<\/li>\n<li>CAP\u00cdTULO 5. Lista las referencias utilizadas para este informe.<\/li>\n<li>CAP\u00cdTULO 6. ANEXOS. Cuatro anexos que recogen los informes sobre las distintas dimensiones de vulnerabilidad (social, residencial, inmobiliaria, y energ\u00e9tica) recogidas en los cap\u00edtulos 2 y 3 y elaborados por las expertas invitadas.<\/li>\n<\/ul>\n<p><span style=\"font-size: medium\"><strong><span style=\"font-family: verdana,geneva;color: #21759b\"><span style=\"font-size: small\">EQUIPO<\/span><\/span><\/strong><\/span><\/p>\n<p style=\"text-align: justify\">DIRECTOR DEL TRABAJO:<\/p>\n<p style=\"text-align: justify;padding-left: 30px\"><b>Agust\u00edn Hern\u00e1ndez Aja<\/b>, doctor arquitecto, Catedr\u00e1tico de Universidad\u00a0<a title=\"Departamento de Urban\u00edstica y Ordenaci\u00f3n del Territorio\" href=\"https:\/\/duyot.aq.upm.es\/\" target=\"_blank\" rel=\"noopener noreferrer\">Dpto. de Urban\u00edstica y Ordenaci\u00f3n del Territorio<\/a>\u00a0de la Universidad Polit\u00e9cnica de Madrid. Miembro del Grupo de Investigaci\u00f3n en Arquitectura, Urbanismo y Sostenibilidad (<a href=\"https:\/\/vps181.cesvima.upm.es\/\">GIAU+S<\/a>) de la\u00a0<a title=\"Escuela T\u00e9cnica Superior de Arquitectura de Madrid\" href=\"http:\/\/etsamadrid.aq.upm.es\/\" target=\"_blank\" rel=\"noopener noreferrer\">ETSAM<\/a>\/<a title=\"Universidad Polit\u00e9cnica de Madrid\" href=\"http:\/\/www.upm.es\/institucional\" target=\"_blank\" rel=\"noopener noreferrer\">UPM<\/a><\/p>\n<p>COORDINACI\u00d3N:<\/p>\n<p style=\"text-align: justify;padding-left: 30px\"><b>Agust\u00edn Hern\u00e1ndez Aja<\/b>, doctor arquitecto, Catedr\u00e1tico de Universidad\u00a0<a title=\"Departamento de Urban\u00edstica y Ordenaci\u00f3n del Territorio\" href=\"https:\/\/duyot.aq.upm.es\/\" target=\"_blank\" rel=\"noopener noreferrer\">Dpto. de Urban\u00edstica y Ordenaci\u00f3n del Territorio<\/a>\u00a0de la Universidad Polit\u00e9cnica de Madrid. Miembro del Grupo de Investigaci\u00f3n en Arquitectura, Urbanismo y Sostenibilidad (<a href=\"https:\/\/vps181.cesvima.upm.es\/\">GIAU+S<\/a>) de la\u00a0<a title=\"Escuela T\u00e9cnica Superior de Arquitectura de Madrid\" href=\"http:\/\/etsamadrid.aq.upm.es\/\" target=\"_blank\" rel=\"noopener noreferrer\">ETSAM<\/a>\/<a title=\"Universidad Polit\u00e9cnica de Madrid\" href=\"http:\/\/www.upm.es\/institucional\" target=\"_blank\" rel=\"noopener noreferrer\">UPM<\/a><\/p>\n<p style=\"text-align: justify;padding-left: 30px\"><strong>Iv\u00e1n Rodr\u00edguez Su\u00e1rez<\/strong>, arquitecto, profesor asociado del <a title=\"Departamento de Urban\u00edstica y Ordenaci\u00f3n del Territorio\" href=\"https:\/\/duyot.aq.upm.es\/\" target=\"_blank\" rel=\"noopener noreferrer\">Departamento de Urban\u00edstica y Ordenaci\u00f3n del Territorio<\/a> de la <a title=\"ETSAM\" href=\"http:\/\/etsamadrid.aq.upm.es\/\" target=\"_blank\" rel=\"noopener noreferrer\">ETSAM<\/a>\/<a title=\"UPM\" href=\"http:\/\/www.upm.es\/institucional\" target=\"_blank\" rel=\"noopener noreferrer\">UPM<\/a>,\u00a0miembro del Grupo de Investigaci\u00f3n en Arquitectura, Urbanismo y Sostenibilidad (<a href=\"http:\/\/habitat.aq.upm.es\/gi\/\" target=\"_blank\" rel=\"noopener noreferrer\">giau+s<\/a>)<\/p>\n<p>EQUIPO DE TRABAJO:<\/p>\n<p style=\"text-align: justify;padding-left: 30px\"><b><strong>Lucas \u00c1lvarez del Valle<\/strong>,<\/b> arquitecto, investigador del <a title=\"Departamento de Urban\u00edstica y Ordenaci\u00f3n del Territorio\" href=\"https:\/\/duyot.aq.upm.es\/\" target=\"_blank\" rel=\"noopener noreferrer\">Departamento de Urban\u00edstica y Ordenaci\u00f3n del Territorio<\/a> de la <a title=\"ETSAM\" href=\"http:\/\/etsamadrid.aq.upm.es\/\" target=\"_blank\" rel=\"noopener noreferrer\">ETSAM<\/a>\/<a title=\"UPM\" href=\"http:\/\/www.upm.es\/institucional\" target=\"_blank\" rel=\"noopener noreferrer\">UPM<\/a>,\u00a0miembro del Grupo de Investigaci\u00f3n en Arquitectura, Urbanismo y Sostenibilidad (<a href=\"http:\/\/habitat.aq.upm.es\/gi\/\" target=\"_blank\" rel=\"noopener noreferrer\">giau+s<\/a>).<\/p>\n<p style=\"text-align: justify;padding-left: 30px\"><b>Agust\u00edn Hern\u00e1ndez Aja<\/b>, doctor arquitecto, Catedr\u00e1tico de Universidad\u00a0<a title=\"Departamento de Urban\u00edstica y Ordenaci\u00f3n del Territorio\" href=\"https:\/\/duyot.aq.upm.es\/\" target=\"_blank\" rel=\"noopener noreferrer\">Dpto. de Urban\u00edstica y Ordenaci\u00f3n del Territorio<\/a>\u00a0de la Universidad Polit\u00e9cnica de Madrid. Miembro del Grupo de Investigaci\u00f3n en Arquitectura, Urbanismo y Sostenibilidad (<a href=\"https:\/\/vps181.cesvima.upm.es\/\">GIAU+S<\/a>) de la\u00a0<a title=\"Escuela T\u00e9cnica Superior de Arquitectura de Madrid\" href=\"http:\/\/etsamadrid.aq.upm.es\/\" target=\"_blank\" rel=\"noopener noreferrer\">ETSAM<\/a>\/<a title=\"Universidad Polit\u00e9cnica de Madrid\" href=\"http:\/\/www.upm.es\/institucional\" target=\"_blank\" rel=\"noopener noreferrer\">UPM<\/a><\/p>\n<p style=\"text-align: justify;padding-left: 30px\"><strong>Iv\u00e1n Rodr\u00edguez Su\u00e1rez<\/strong>, arquitecto, profesor asociado del <a title=\"Departamento de Urban\u00edstica y Ordenaci\u00f3n del Territorio\" href=\"https:\/\/duyot.aq.upm.es\/\" target=\"_blank\" rel=\"noopener noreferrer\">Departamento de Urban\u00edstica y Ordenaci\u00f3n del Territorio<\/a> de la <a title=\"ETSAM\" href=\"http:\/\/etsamadrid.aq.upm.es\/\" target=\"_blank\" rel=\"noopener noreferrer\">ETSAM<\/a>\/<a title=\"UPM\" href=\"http:\/\/www.upm.es\/institucional\" target=\"_blank\" rel=\"noopener noreferrer\">UPM<\/a>,\u00a0miembro del Grupo de Investigaci\u00f3n en Arquitectura, Urbanismo y Sostenibilidad (<a href=\"http:\/\/habitat.aq.upm.es\/gi\/\" target=\"_blank\" rel=\"noopener noreferrer\">giau+s<\/a>)<\/p>\n<p style=\"padding-left: 30px\"><strong>Andr\u00e9s Viedma Guiard, <\/strong>arquitecto, investigador del <a title=\"Departamento de Urban\u00edstica y Ordenaci\u00f3n del Territorio\" href=\"https:\/\/duyot.aq.upm.es\/\" target=\"_blank\" rel=\"noopener noreferrer\">Departamento de Urban\u00edstica y<\/a> <a title=\"Departamento de Urban\u00edstica y Ordenaci\u00f3n del Territorio\" href=\"https:\/\/duyot.aq.upm.es\/\" target=\"_blank\" rel=\"noopener noreferrer\">Ordenaci\u00f3n<\/a><a title=\"Departamento de Urban\u00edstica y Ordenaci\u00f3n del Territorio\" href=\"https:\/\/duyot.aq.upm.es\/\" target=\"_blank\" rel=\"noopener noreferrer\"> del Territorio<\/a> de la <a title=\"ETSAM\" href=\"http:\/\/etsamadrid.aq.upm.es\/\" target=\"_blank\" rel=\"noopener noreferrer\">ETSAM<\/a>\/<a title=\"UPM\" href=\"http:\/\/www.upm.es\/institucional\" target=\"_blank\" rel=\"noopener noreferrer\">UPM<\/a>,\u00a0miembro del Grupo de Investigaci\u00f3n en Arquitectura, Urbanismo y Sostenibilidad (<a href=\"http:\/\/habitat.aq.upm.es\/gi\/\" target=\"_blank\" rel=\"noopener noreferrer\">giau+s<\/a>)<\/p>\n<p style=\"padding-left: 30px\"><strong>Ana D\u00edez Bermejo<\/strong>, arquitecta, investigadora del\u00a0<a title=\"Departamento de Urban\u00edstica y Ordenaci\u00f3n del Territorio\" href=\"https:\/\/duyot.aq.upm.es\/\" target=\"_blank\" rel=\"noopener noreferrer\">Departamento de Urban\u00edstica y Ordenaci\u00f3n del Territorio<\/a>\u00a0de la\u00a0<a title=\"ETSAM\" href=\"http:\/\/etsamadrid.aq.upm.es\/\" target=\"_blank\" rel=\"noopener noreferrer\">ETSAM<\/a>\/<a title=\"UPM\" href=\"http:\/\/www.upm.es\/institucional\" target=\"_blank\" rel=\"noopener noreferrer\">UPM<\/a>,\u00a0miembro del Grupo de Investigaci\u00f3n en Arquitectura, Urbanismo y Sostenibilidad (<a href=\"http:\/\/habitat.aq.upm.es\/gi\/\" target=\"_blank\" rel=\"noopener noreferrer\">giau+s<\/a>)<\/p>\n<p>EXPERTAS INVITADAS:<\/p>\n<p>Adem\u00e1s, se ha contado con la participaci\u00f3n de un grupo de expertas en diferentes dimensiones de la vulnerabilidad para abordar la incorporaci\u00f3n de nuevos indicadores al pr\u00f3ximo Cat\u00e1logo:<\/p>\n<p><em>\u00a0Vulnerabilidad social:<\/em><\/p>\n<ul>\n<li><strong>Aitana Alguacil Denche<\/strong>, soci\u00f3loga, profesora asociada en el <a href=\"https:\/\/www.uc3m.es\/departamento-analisis-social\/inicio\">Departamento de An\u00e1lisis Social<\/a> de la Universidad Carlos III de Madrid y experta en estudios de pobreza y exclusi\u00f3n social, exclusi\u00f3n residencial y pobreza energ\u00e9tica.<\/li>\n<\/ul>\n<p><em>Vulnerabilidad del parque residencial:<\/em><\/p>\n<ul>\n<li><strong>Sandra Mart\u00ednez Cuevas<\/strong>, arquitecta, doctora en Ingenier\u00eda Geogr\u00e1fica y profesora titular en el <a href=\"https:\/\/www.topografia.upm.es\/DITYC\">Departamento de Ingenier\u00eda Topogr\u00e1fica y Cartograf\u00eda<\/a> de la Universidad Polit\u00e9cnica de Madrid. Grupo de Investigaci\u00f3n en Geom\u00e1tica, Amenazas Naturales y Riesgos (<a href=\"https:\/\/blogs.upm.es\/terra\/\">TERRA<\/a>).<\/li>\n<\/ul>\n<p><em>Vulnerabilidad inmobiliaria:<\/em><\/p>\n<ul>\n<li><strong>Cristina Fern\u00e1ndez Ram\u00edrez<\/strong>, arquitecta-urbanista y profesora asociada del <a title=\"Departamento de Urban\u00edstica y Ordenaci\u00f3n del Territorio\" href=\"https:\/\/duyot.aq.upm.es\/\" target=\"_blank\" rel=\"noopener noreferrer\">Departamento de Urban\u00edstica y<\/a> <a title=\"Departamento de Urban\u00edstica y Ordenaci\u00f3n del Territorio\" href=\"https:\/\/duyot.aq.upm.es\/\" target=\"_blank\" rel=\"noopener noreferrer\">Ordenaci\u00f3n<\/a><a title=\"Departamento de Urban\u00edstica y Ordenaci\u00f3n del Territorio\" href=\"https:\/\/duyot.aq.upm.es\/\" target=\"_blank\" rel=\"noopener noreferrer\"> del Territorio<\/a> de la Universidad Polit\u00e9cnica de Madrid. Grupo de Investigaci\u00f3n en Arquitectura, Urbanismo y Sostenibilidad (<a href=\"http:\/\/habitat.aq.upm.es\/gi\/\" target=\"_blank\" rel=\"noopener noreferrer\">giau+s<\/a>).<\/li>\n<\/ul>\n<p><em>Vulnerabilidad energ\u00e9tica:<\/em><\/p>\n<ul>\n<li><strong>Carmen S\u00e1nchez-Guevara<\/strong>, doctora arquitecta y profesora contratada doctora en el <a href=\"https:\/\/www.dcta.upm.es\/\">Departamento de Construcci\u00f3n y Tecnolog\u00eda Arquitect\u00f3nicas<\/a> de la Universidad Polit\u00e9cnica de Madrid. Grupo de Investigaci\u00f3n en Arquitectura Bioclim\u00e1tica en un entorno sostenible (<a href=\"https:\/\/blogs.upm.es\/abio\/\">ABIO<\/a>).<\/li>\n<li><strong>Ana Sanz Fern\u00e1ndez<\/strong>, doctora arquitecta-urbanista e investigadora contratada en el <a title=\"Departamento de Urban\u00edstica y Ordenaci\u00f3n del Territorio\" href=\"https:\/\/duyot.aq.upm.es\/\" target=\"_blank\" rel=\"noopener noreferrer\">Departamento de Urban\u00edstica y<\/a> <a title=\"Departamento de Urban\u00edstica y Ordenaci\u00f3n del Territorio\" href=\"https:\/\/duyot.aq.upm.es\/\" target=\"_blank\" rel=\"noopener noreferrer\">Ordenaci\u00f3n<\/a><a title=\"Departamento de Urban\u00edstica y Ordenaci\u00f3n del Territorio\" href=\"https:\/\/duyot.aq.upm.es\/\" target=\"_blank\" rel=\"noopener noreferrer\"> del Territorio<\/a> de la Universidad Polit\u00e9cnica de Madrid. Grupo de Investigaci\u00f3n en Arquitectura, Urbanismo y Sostenibilidad (<a href=\"http:\/\/habitat.aq.upm.es\/gi\/\" target=\"_blank\" rel=\"noopener noreferrer\">giau+s<\/a>).<\/li>\n<\/ul>\n<p>Por parte del Ministerio de Transportes Movilidad y Agenda Urbana:<\/p>\n<ul>\n<li><strong>Francisco Javier Mart\u00edn Ramiro.<\/strong> Director General de Arquitectura, Vivienda y Suelo.<\/li>\n<li><strong>Nuria Materredonda Desantes.<\/strong> Directora General de Agenda Urbana y Arquitectura.<\/li>\n<li><strong>\u00c1ngela de la Cruz Mera.<\/strong> Subdirectora General de Pol\u00edticas Urbanas.<\/li>\n<li><strong>Eduardo de Santiago Rodr\u00edguez<\/strong> (Coordinaci\u00f3n del trabajo). Arquitecto, Consejero T\u00e9cnico de Suelo. Subdirecci\u00f3n General de Pol\u00edticas Urbanas.<\/li>\n<\/ul>\n<p><span style=\"color: #21759b;font-family: verdana,geneva;font-size: small\"><strong>DATOS DEL PROYECTO<\/strong><\/span><\/p>\n<table border=\"0\" cellspacing=\"1\" cellpadding=\"1\" align=\"left\">\n<tbody>\n<tr>\n<td align=\"left\" valign=\"middle\"><strong>Entidad de realizaci\u00f3n<\/strong><\/td>\n<td align=\"left\" valign=\"middle\">Secci\u00f3n de Urbanismo del Instituto Juan de Herrera. Escuela T\u00e9cnica Superior de Arquitectura de la Universidad Polit\u00e9cnica de Madrid.<\/td>\n<\/tr>\n<tr>\n<td align=\"left\" valign=\"middle\"><strong>Entidad Financiadora<\/strong><\/td>\n<td align=\"left\" valign=\"middle\">Ministerio de Transportes, Movilidad y Agenda Urbana (MITMA)<\/td>\n<\/tr>\n<tr>\n<td align=\"left\" valign=\"middle\"><strong>Fecha de inicio<\/strong><\/td>\n<td align=\"left\" valign=\"middle\">10\/2022<\/td>\n<\/tr>\n<tr align=\"left\" valign=\"middle\">\n<td align=\"left\" valign=\"middle\"><strong>Duraci\u00f3n<\/strong><\/td>\n<td align=\"left\" valign=\"middle\">10 meses<\/td>\n<\/tr>\n<tr align=\"left\" valign=\"middle\">\n<td align=\"left\" valign=\"middle\"><strong>Cuant\u00eda total<\/strong><\/td>\n<td align=\"left\" valign=\"middle\">60.000 \u20ac<\/td>\n<\/tr>\n<tr>\n<td align=\"left\" valign=\"middle\">\u00a0<\/td>\n<td align=\"left\" valign=\"middle\">\u00a0<\/td>\n<\/tr>\n<\/tbody>\n<\/table>\n<p style=\"text-align: right\">\u00a0<\/p>\n\n\n<p><\/p>\n","protected":false},"excerpt":{"rendered":"<p>Convenio entre el Ministerio de Transportes, Movilidad y Agenda Urbana y el Instituto Juan de Herrera de la Escuela T\u00e9cnica Superior de Arquitectura de Madrid (UPM), para la incorporaci\u00f3n al Observatorio de la Vulnerabilidad Urbana de un \u00abInforme de revisi\u00f3n de la metodolog\u00eda del Cat\u00e1logo de Barrios Vulnerables para adaptarla al nuevo Censo 2021\u201d. Este [&hellip;]<\/p>\n","protected":false},"author":10,"featured_media":10449,"parent":0,"menu_order":28,"comment_status":"closed","ping_status":"closed","template":"","meta":{"_monsterinsights_skip_tracking":false,"_monsterinsights_sitenote_active":false,"_monsterinsights_sitenote_note":"","_monsterinsights_sitenote_category":0,"_genesis_hide_title":false,"_genesis_hide_breadcrumbs":false,"_genesis_hide_singular_image":false,"_genesis_hide_footer_widgets":false,"_genesis_custom_body_class":"","_genesis_custom_post_class":"","_genesis_layout":"","jetpack_post_was_ever_published":false,"footnotes":""},"investigador":[233],"tipos-paginas":[117],"coauthors":[123,119,153,191,165],"class_list":{"0":"post-10446","1":"page","2":"type-page","3":"status-publish","4":"has-post-thumbnail","6":"investigador-ivan-rodriguez-suarez","7":"tipos-paginas-proyectos","8":"entry"},"aioseo_notices":[],"jetpack_sharing_enabled":true,"_links":{"self":[{"href":"https:\/\/vps181.cesvima.upm.es\/re-hab\/wp-json\/wp\/v2\/pages\/10446","targetHints":{"allow":["GET"]}}],"collection":[{"href":"https:\/\/vps181.cesvima.upm.es\/re-hab\/wp-json\/wp\/v2\/pages"}],"about":[{"href":"https:\/\/vps181.cesvima.upm.es\/re-hab\/wp-json\/wp\/v2\/types\/page"}],"author":[{"embeddable":true,"href":"https:\/\/vps181.cesvima.upm.es\/re-hab\/wp-json\/wp\/v2\/users\/10"}],"replies":[{"embeddable":true,"href":"https:\/\/vps181.cesvima.upm.es\/re-hab\/wp-json\/wp\/v2\/comments?post=10446"}],"version-history":[{"count":1,"href":"https:\/\/vps181.cesvima.upm.es\/re-hab\/wp-json\/wp\/v2\/pages\/10446\/revisions"}],"predecessor-version":[{"id":10450,"href":"https:\/\/vps181.cesvima.upm.es\/re-hab\/wp-json\/wp\/v2\/pages\/10446\/revisions\/10450"}],"wp:featuredmedia":[{"embeddable":true,"href":"https:\/\/vps181.cesvima.upm.es\/re-hab\/wp-json\/wp\/v2\/media\/10449"}],"wp:attachment":[{"href":"https:\/\/vps181.cesvima.upm.es\/re-hab\/wp-json\/wp\/v2\/media?parent=10446"}],"wp:term":[{"taxonomy":"investigador","embeddable":true,"href":"https:\/\/vps181.cesvima.upm.es\/re-hab\/wp-json\/wp\/v2\/investigador?post=10446"},{"taxonomy":"tipos-paginas","embeddable":true,"href":"https:\/\/vps181.cesvima.upm.es\/re-hab\/wp-json\/wp\/v2\/tipos-paginas?post=10446"},{"taxonomy":"author","embeddable":true,"href":"https:\/\/vps181.cesvima.upm.es\/re-hab\/wp-json\/wp\/v2\/coauthors?post=10446"}],"curies":[{"name":"wp","href":"https:\/\/api.w.org\/{rel}","templated":true}]}}