{"id":2240,"date":"2012-08-29T11:52:56","date_gmt":"2012-08-29T09:52:56","guid":{"rendered":"http:\/\/www2.aq.upm.es\/Departamentos\/Urbanismo\/blogs\/re-hab\/?page_id=2240"},"modified":"2024-01-10T23:17:28","modified_gmt":"2024-01-10T22:17:28","slug":"2006-delimitacion-de-barrios-funcionales-en-el-ambito-del-a-p-e-00-01","status":"publish","type":"page","link":"https:\/\/vps181.cesvima.upm.es\/re-hab\/proyectos-investigacion\/2006-delimitacion-de-barrios-funcionales-en-el-ambito-del-a-p-e-00-01\/","title":{"rendered":"2006. Delimitaci\u00f3n de \u201cBarrios Funcionales\u201d en el \u00e1mbito del A.P.E. 00.01"},"content":{"rendered":"<p style=\"text-align: right\"><span style=\"font-family: verdana, geneva\"><span style=\"font-size: small\"><a href=\"#equipo\">Equipo<\/a>\u2502 <a href=\"#datos del proyecto\">Datos del Proyecto<\/a> \u2502 <a href=\"#publicaciones\">Pubicaciones<\/a><\/span><\/span><\/p>\n<p style=\"text-align: justify\"><span style=\"font-family: verdana, geneva\"><span style=\"font-size: small\"><br \/>\n<span style=\"text-align: justify\"><span style=\"font-family: verdana, geneva\"><span style=\"font-family: verdana,geneva;color: #333333\"><strong>Convenio de colaboraci\u00f3n entre \u00c1rea de Gobierno de Urbanismo, Vivienda e Infraestructuras de la Direcci\u00f3n General de Planificaci\u00f3n y Evaluaci\u00f3n Urbana del Ayuntamiento de Madrid y el Instituto Juan de Herrera de la Universidad Polit\u00e9cnica de Madrid para la <i>DELIMITACI\u00d3N DE \u201cBARRIOS FUNCIONALES\u201d EN EL \u00c1MBITO DEL APE 00.01<\/i><\/strong><\/span><\/span><\/span><\/span><\/span><\/p>\n<p><a href=\"https:\/\/i0.wp.com\/vps181.cesvima.upm.es\/re-hab\/wp-content\/uploads\/sites\/6\/2012\/08\/2006-BF-de-Madrid-a.jpg?ssl=1\"><img data-recalc-dims=\"1\" loading=\"lazy\" decoding=\"async\" data-attachment-id=\"2250\" data-permalink=\"https:\/\/vps181.cesvima.upm.es\/re-hab\/proyectos-investigacion\/2006-delimitacion-de-barrios-funcionales-en-el-ambito-del-a-p-e-00-01\/2006-bf-de-madrid-a\/\" data-orig-file=\"https:\/\/i0.wp.com\/vps181.cesvima.upm.es\/re-hab\/wp-content\/uploads\/sites\/6\/2012\/08\/2006-BF-de-Madrid-a.jpg?fit=4759%2C1313&amp;ssl=1\" data-orig-size=\"4759,1313\" data-comments-opened=\"1\" data-image-meta=\"{&quot;aperture&quot;:&quot;0&quot;,&quot;credit&quot;:&quot;&quot;,&quot;camera&quot;:&quot;&quot;,&quot;caption&quot;:&quot;&quot;,&quot;created_timestamp&quot;:&quot;0&quot;,&quot;copyright&quot;:&quot;&quot;,&quot;focal_length&quot;:&quot;0&quot;,&quot;iso&quot;:&quot;0&quot;,&quot;shutter_speed&quot;:&quot;0&quot;,&quot;title&quot;:&quot;&quot;,&quot;orientation&quot;:&quot;0&quot;}\" data-image-title=\"Esquemas del An\u00e1lisis de BF 2005\" data-image-description=\"&lt;p&gt;En la imagen se muestran algunos de los mapas de an\u00e1lisis realizado para la delimitaci\u00f3n de los Barrios Funiconales del centro de la ciudad de Madrid&lt;\/p&gt;\n\" data-image-caption=\"\" data-large-file=\"https:\/\/i0.wp.com\/vps181.cesvima.upm.es\/re-hab\/wp-content\/uploads\/sites\/6\/2012\/08\/2006-BF-de-Madrid-a.jpg?fit=1024%2C283&amp;ssl=1\" class=\"aligncenter size-full wp-image-2250\" title=\"Esquemas del An\u00e1lisis de BF 2005\" src=\"https:\/\/i0.wp.com\/vps181.cesvima.upm.es\/re-hab\/wp-content\/uploads\/sites\/6\/2012\/08\/2006-BF-de-Madrid-a.jpg?resize=4759%2C1313&#038;ssl=1\" alt=\"\" width=\"4759\" height=\"1313\" srcset=\"https:\/\/i0.wp.com\/vps181.cesvima.upm.es\/re-hab\/wp-content\/uploads\/sites\/6\/2012\/08\/2006-BF-de-Madrid-a.jpg?w=4759&amp;ssl=1 4759w, https:\/\/i0.wp.com\/vps181.cesvima.upm.es\/re-hab\/wp-content\/uploads\/sites\/6\/2012\/08\/2006-BF-de-Madrid-a.jpg?resize=300%2C83&amp;ssl=1 300w, https:\/\/i0.wp.com\/vps181.cesvima.upm.es\/re-hab\/wp-content\/uploads\/sites\/6\/2012\/08\/2006-BF-de-Madrid-a.jpg?resize=768%2C212&amp;ssl=1 768w, https:\/\/i0.wp.com\/vps181.cesvima.upm.es\/re-hab\/wp-content\/uploads\/sites\/6\/2012\/08\/2006-BF-de-Madrid-a.jpg?resize=1024%2C283&amp;ssl=1 1024w, https:\/\/i0.wp.com\/vps181.cesvima.upm.es\/re-hab\/wp-content\/uploads\/sites\/6\/2012\/08\/2006-BF-de-Madrid-a.jpg?resize=1568%2C433&amp;ssl=1 1568w, https:\/\/i0.wp.com\/vps181.cesvima.upm.es\/re-hab\/wp-content\/uploads\/sites\/6\/2012\/08\/2006-BF-de-Madrid-a.jpg?w=2000&amp;ssl=1 2000w, https:\/\/i0.wp.com\/vps181.cesvima.upm.es\/re-hab\/wp-content\/uploads\/sites\/6\/2012\/08\/2006-BF-de-Madrid-a.jpg?w=3000&amp;ssl=1 3000w\" sizes=\"auto, (max-width: 1000px) 100vw, 1000px\" \/><\/a><\/p>\n<p style=\"text-align: justify\"><span style=\"font-family: verdana, geneva\"><span style=\"font-size: xx-small\">Mapas s\u00edntesis y de an\u00e1lisis en los que se representan algunos de los resultados obtenidos de la investigaci\u00f3n.<\/span><\/span><\/p>\n<p style=\"text-align: justify\"><span style=\"font-family: verdana, geneva\">En el documento se realiza una propuesta de divisi\u00f3n del \u00e1mbito de la ciudad de Madrid recogido dentro del \u00c1re de Planeamiento Epsec\u00edfico <a title=\"APE-00.01.\" href=\"http:\/\/www.madrid.es\/UnidadWeb\/UGNormativas\/Normativa\/2009\/Ficheros\/ANEXO%20APE%20ZONAS%202.1%20y%202.2.pdf\" target=\"_blank\" rel=\"noopener noreferrer\">APE-00.01<\/a>, \u00e1mbito b\u00e1sicamente coincidente con el Casco Hist\u00f3rico y el Ensanche. El objetivo del trabajo ha sido el de delimitar espacios identificables por los ciudadanos y en los que fuese posible definir actuaciones de articulaci\u00f3n que supongan mejoras en la vida cotidiana de sus habitantes.<\/span><\/p>\n<p>Se han identificado 21 Barrios Funcionales <span style=\"font-size: small\"><a href=\"#01\">[01]<\/a><\/span>, para cada uno de los cuales se elabor\u00f3 una ficha, que incluy\u00f3 su localizaci\u00f3n sobre el plano de secciones censales, una s\u00edntesis de datos sociodemogr\u00e1ficos y una breve descripci\u00f3n los aspectos m\u00e1s significativos del barrio.<\/p>\n<p style=\"text-align: justify\"><span style=\"font-family: verdana, geneva\">Para la delimitaci\u00f3n de los Barrios Funcionales elegimos por un sistema de superposici\u00f3n de divisiones procedentes de distintos campos, de forma que determinamos el espacio m\u00e1s probable de ser reconocido por los ciudadanos. La superposici\u00f3n, nos da un plano de l\u00edmites, los cuales conforman barreras entre espacios con potencialidad de ser considerados barrios y en los que es posible definir acciones concretas para dotarlos de una funcionalidad real que mejore la Calidad de Vida de los ciudadanos. En cualquier caso se pretend\u00eda que los barrios no superaran un tama\u00f1o que permitiese la accesibilidad a pie de sus habitantes y que tuviesen entre 20.000 y 50.000 habitantes, aunque en alg\u00fan caso estas medidas se adaptan a las barreras f\u00edsicas, lo que ha implicado delimitar barrios por encima y por debajo de estos l\u00edmites<\/span><\/p>\n<hr \/>\n<p style=\"text-align: justify\"><span style=\"color: #696969\"><em><span style=\"font-family: verdana,geneva\">The aim of the project is to propose functional divisions of the central area of the city of Madrid within the specific planning area <a title=\"APE-00.01.\" href=\"http:\/\/www.madrid.es\/UnidadWeb\/UGNormativas\/Normativa\/2009\/Ficheros\/ANEXO%20APE%20ZONAS%202.1%20y%202.2.pdf\" target=\"_blank\" rel=\"noopener noreferrer\">APE-00.01<\/a>, which basically coincides with the Historical Center and the 19th Extension area. The aim of the study was to delimit those spaces that could be identified by citizens and where will be possible to define joint actions involving improvements in the daily lives of its inhabitants.<\/span><\/em><\/span><\/p>\n<p style=\"text-align: justify\"><em><span style=\"color: #696969\"><span style=\"font-family: verdana, geneva\">Have been identified 21 functional neighborhoods <span style=\"font-size: small\"><a href=\"#01\">[01]<\/a><\/span>, each analysis includes a tab, its location on the censal sections map, a summary of demographic data and a brief description of the most significant aspects of the neighborhood.<\/span><\/span><\/em><\/p>\n<p style=\"text-align: justify\"><em><span style=\"color: #696969\"><span style=\"font-family: verdana, geneva\">To delimit the Functional Neighborhoods we chose a system of overlapping divisions from different fields, so that we determine the most likely area to be recognized by the people. The overlap gives us a boundary plane, which form barriers between areas with potential to be considered neighborhoods and where it is possible to define specific actions to give them a real functionality that improves the quality of life of citizens. In any case it was intended that the districts did not exceed a size that would allow accessibility on foot of its people and that they had between 20.000 and 50.000 residents, although in some cases these measures are adapted to the physical barriers, which has involved defining neighborhoods above and below these limits.<\/span><\/span><\/em><\/p>\n<hr \/>\n<p><a name=\"01\"><\/a><\/p>\n<p style=\"text-align: justify\"><span style=\"font-family: verdana, geneva\"><span style=\"font-size: xx-small\"><strong><span style=\"font-family: verdana,geneva;color: #21759b\">[01]<\/span><\/strong><\/span><\/span><\/p>\n<p style=\"text-align: justify\"><span style=\"font-family: verdana, geneva\"><span style=\"font-size: xx-small\"><span style=\"font-family: verdana,geneva;color: #999999\"><b>BF.01<\/b> Sol-Prado \/ <b>BF.02<\/b> Universidad-Santo Domingo \/ <b>BF.03<\/b> Justicia \/ <b>BF.04<\/b> Lavapi\u00e9s \/ <b>BF.05<\/b> \u00d3pera-Latina \/ <b>BF.06<\/b> Arg\u00fcelles \/ <b>BF.07<\/b> Arapiles-Gaztambide \/ <b>BF.08<\/b> Trafalgar \/ <b>BF.09<\/b> Almagro \/ <b>BF.10<\/b> Recoletos-Castellana \/ <b>BF.11<\/b> Lista-Conde de Pe\u00f1alver \/ <b>BF.12<\/b> Ibiza-Felipe II \/ <b>BF.13<\/b> Ni\u00f1o Jes\u00fas \/ <b>BF.14<\/b> Pac\u00edfico-Reina Cristina \/ <b>BF.15<\/b> Palos de la Frontera \/ <b>BF.16<\/b> Chopera-Plaza de Italia \/ <b>BF.17<\/b> Acacias \/ <b>BF.18<\/b> Imperial \/ <b>BF.19<\/b> Canal \/ <b>BF.20<\/b> R\u00edos Rosas-Reina Victoria, <b>BF.21<\/b> El Viso<\/span><\/span><\/span><\/p>\n<p style=\"text-align: right\"><span style=\"font-family: verdana, geneva\"><span style=\"font-size: small\"><a name=\"equipo\"><\/a><a href=\"#\" class=\"top\">Inicio ^<\/a><br \/>\n<\/span><\/span><\/p>\n<p><span style=\"font-size: medium\"><strong><span style=\"font-family: verdana,geneva;color: #21759b\"><span style=\"font-size: small\">EQUIPO<\/span><\/span><\/strong><\/span><\/p>\n<p style=\"text-align: justify\"><span style=\"font-size: small;font-family: verdana,geneva;color: #333333\">DIRECTOR DEL TRABAJO: <\/span><\/p>\n<p style=\"text-align: justify;padding-left: 30px\"><span style=\"font-size: small;font-family: verdana,geneva;color: #333333\"><b>Agust\u00edn Hern\u00e1ndez Aja<\/b>, arquitecto, director del <span style=\"color: #21759b\"><a title=\"Departamento de Urban\u00edstica y Ordenaci\u00f3n del Territorio\" href=\"https:\/\/duyot.aq.upm.es\/\" target=\"_blank\" rel=\"noopener noreferrer\"><span style=\"color: #21759b\">Departamento de Urban\u00edstica y Ordenaci\u00f3n del Territorio<\/span><\/a><\/span> de la <span style=\"color: #21759b\"><a title=\"ETSAM\" href=\"http:\/\/etsamadrid.aq.upm.es\/\" target=\"_blank\" rel=\"noopener noreferrer\"><span style=\"color: #21759b\">ETSAM<\/span><\/a><\/span>\/<span style=\"color: #21759b\"><a title=\"UPM\" href=\"http:\/\/www.upm.es\/institucional\" target=\"_blank\" rel=\"noopener noreferrer\"><span style=\"color: #21759b\">UPM<\/span><\/a><\/span><\/span><\/p>\n<p><span style=\"font-size: small;font-family: verdana,geneva;color: #333333\">REDACTORES:<\/span><\/p>\n<p style=\"text-align: justify;padding-left: 30px\"><span style=\"font-size: small;font-family: verdana,geneva;color: #333333\"><b>Julio Alguacil<\/b>, doctor soci\u00f3logo y profesor titular del Departamento de de Ciencia Pol\u00edtica y Sociolog\u00eda <span style=\"font-size: small;font-family: verdana,geneva;color: #333333\">de la <span style=\"color: #21759b\"><a title=\"Facultad de CIencias Sociales y Jur\u00eddicas\" href=\"http:\/\/www.uc3m.es\/portal\/page\/portal\/facul_ccssjj\/\" target=\"_blank\" rel=\"noopener noreferrer\">Facultad de Ciencias Sociales y Jur\u00eddicas<\/a><span style=\"font-size: small;font-family: verdana,geneva;color: #333333\"> de la <span style=\"color: #21759b\"><a title=\"Universidad Carlos III\" href=\"http:\/\/www.uc3m.es\/portal\/page\/portal\/inicio\" target=\"_blank\" rel=\"noopener noreferrer\">Universidad Carlos III<\/a><\/span><\/span><\/span><\/span><\/span><\/p>\n<p style=\"text-align: justify;padding-left: 30px\"><span style=\"font-size: small;font-family: verdana,geneva;color: #333333\"><b>Javier Camacho<\/b>, doctor soci\u00f3logo y profesor asociado del Departamento de de Ciencia Pol\u00edtica y Sociolog\u00eda <span style=\"font-size: small;font-family: verdana,geneva;color: #333333\">de la <span style=\"color: #21759b\"><a title=\"Facultad de CIencias Sociales y Jur\u00eddicas\" href=\"http:\/\/www.uc3m.es\/portal\/page\/portal\/facul_ccssjj\/\" target=\"_blank\" rel=\"noopener noreferrer\">Facultad de Ciencias Sociales y Jur\u00eddicas<\/a><span style=\"font-size: small;font-family: verdana,geneva;color: #333333\"> de la <span style=\"color: #21759b\"><a title=\"Universidad Carlos III\" href=\"http:\/\/www.uc3m.es\/portal\/page\/portal\/inicio\" target=\"_blank\" rel=\"noopener noreferrer\">Universidad Carlos III<\/a><\/span><\/span><\/span><\/span><\/span><\/p>\n<p style=\"text-align: justify;padding-left: 30px\"><span style=\"font-size: small;font-family: verdana,geneva;color: #333333\"><b>Agust\u00edn Hern\u00e1ndez Aja<\/b>, arquitecto, director del <span style=\"color: #21759b\"><a title=\"Departamento de Urban\u00edstica y Ordenaci\u00f3n del Territorio\" href=\"https:\/\/duyot.aq.upm.es\/\" target=\"_blank\" rel=\"noopener noreferrer\"><span style=\"color: #21759b\">Departamento de Urban\u00edstica y Ordenaci\u00f3n del Territorio<\/span><\/a><\/span> de la <span style=\"color: #21759b\"><a title=\"ETSAM\" href=\"http:\/\/etsamadrid.aq.upm.es\/\" target=\"_blank\" rel=\"noopener noreferrer\"><span style=\"color: #21759b\">ETSAM<\/span><\/a><\/span>\/<span style=\"color: #21759b\"><a title=\"UPM\" href=\"http:\/\/www.upm.es\/institucional\" target=\"_blank\" rel=\"noopener noreferrer\"><span style=\"color: #21759b\">UPM<\/span><\/a><\/span><\/span><\/p>\n<p><span style=\"font-size: small;font-family: verdana,geneva;color: #333333\">BECARIOS COLABORADORES: <\/span><\/p>\n<p style=\"text-align: justify;padding-left: 30px\"><span style=\"font-size: small;font-family: verdana,geneva;color: #333333\"><b>Rafael C\u00f3rdoba Hern\u00e1ndez<\/b>,alumno de PFC de la <span style=\"color: #21759b\"><a title=\"ETSAM\" href=\"http:\/\/etsamadrid.aq.upm.es\/\" target=\"_blank\" rel=\"noopener noreferrer\"><span style=\"color: #21759b\">ETSAM<\/span><\/a><\/span>\/<span style=\"color: #21759b\"><a title=\"UPM\" href=\"http:\/\/www.upm.es\/institucional\" target=\"_blank\" rel=\"noopener noreferrer\"><span style=\"color: #21759b\">UPM<\/span><\/a><\/span><\/span><\/p>\n<p style=\"text-align: justify;padding-left: 30px\"><span style=\"font-size: small;font-family: verdana,geneva;color: #333333\"><b>Carolina Garc\u00eda Madruga<\/b>, , alumna de PFC de la <span style=\"color: #21759b\"><a title=\"ETSAM\" href=\"http:\/\/etsamadrid.aq.upm.es\/\" target=\"_blank\" rel=\"noopener noreferrer\"><span style=\"color: #21759b\">ETSAM<\/span><\/a><\/span>\/<span style=\"color: #21759b\"><a title=\"UPM\" href=\"http:\/\/www.upm.es\/institucional\" target=\"_blank\" rel=\"noopener noreferrer\"><span style=\"color: #21759b\">UPM<\/span><\/a><\/span><\/span><\/p>\n<p style=\"text-align: justify;padding-left: 30px\"><span style=\"font-size: small;font-family: verdana,geneva;color: #333333\"><b>Amaya Leiva Rodr\u00edguez<\/b>,alumna de 5\u00ba curso de la <span style=\"color: #21759b\"><a title=\"ETSAM\" href=\"http:\/\/etsamadrid.aq.upm.es\/\" target=\"_blank\" rel=\"noopener noreferrer\"><span style=\"color: #21759b\">ETSAM<\/span><\/a><\/span>\/<span style=\"color: #21759b\"><a title=\"UPM\" href=\"http:\/\/www.upm.es\/institucional\" target=\"_blank\" rel=\"noopener noreferrer\"><span style=\"color: #21759b\">UPM<\/span><\/a><\/span><\/span><\/p>\n<p><span style=\"font-size: small;font-family: verdana,geneva;color: #333333\">COLABORANDO EN LA INVESTIGACI\u00d3N: <\/span><\/p>\n<p style=\"text-align: justify;padding-left: 30px\"><span style=\"font-size: small;font-family: verdana,geneva;color: #333333\"><b>Jose Fari\u00f1a Tojo<\/b>, doctor arquitecto, catedr\u00e1tico del <span style=\"color: #21759b\"><a title=\"Departamento de Urban\u00edstica y Ordenaci\u00f3n del Territorio\" href=\"https:\/\/duyot.aq.upm.es\/\" target=\"_blank\" rel=\"noopener noreferrer\"><span style=\"color: #21759b\">Departamento de Urban\u00edstica y Ordenaci\u00f3n del Territorio<\/span><\/a><\/span>y miembro del <span style=\"color: #21759b\"><a title=\"giau+s\" href=\"http:\/\/habitat.aq.upm.es\/gi\/\" target=\"_blank\" rel=\"noopener noreferrer\">GIAU+S<\/a><\/span> de la <span style=\"color: #21759b\"><a title=\"ETSAM\" href=\"http:\/\/etsamadrid.aq.upm.es\/\" target=\"_blank\" rel=\"noopener noreferrer\"><span style=\"color: #21759b\">ETSAM<\/span><\/a><\/span>\/<span style=\"color: #21759b\"><a title=\"UPM\" href=\"http:\/\/www.upm.es\/institucional\" target=\"_blank\" rel=\"noopener noreferrer\"><span style=\"color: #21759b\">UPM<\/span><\/a><\/span><\/span><\/p>\n<p style=\"padding-left: 30px;text-align: justify\"><span style=\"font-size: small;font-family: verdana,geneva;color: #333333\"><b>Fernando Roch Pe\u00f1a<\/b>, arquitecto, catedr\u00e1tico de Urban\u00edstica y Ordenaci\u00f3n del Territorio de la <span style=\"color: #21759b\"><a title=\"ETSAM\" href=\"http:\/\/etsamadrid.aq.upm.es\/\" target=\"_blank\" rel=\"noopener noreferrer\"><span style=\"color: #21759b\">ETSAM<\/span><\/a><\/span>\/<span style=\"color: #21759b\"><a title=\"UPM\" href=\"http:\/\/www.upm.es\/institucional\" target=\"_blank\" rel=\"noopener noreferrer\"><span style=\"color: #21759b\">UPM<\/span><\/a><\/span><\/span><\/p>\n<p><span style=\"font-size: small;font-family: verdana,geneva;color: #333333\">COORDINACI\u00d3N AYUNTAMIENTO DE MADRID: <\/span><\/p>\n<p style=\"text-align: justify;padding-left: 30px\"><span style=\"font-size: small;font-family: verdana,geneva;color: #333333\"><b>Carlos Lasheras Merino, Rafael Castej\u00f3n Le\u00f3n<br \/>\nJos\u00e9 Ignacio del Fresno Mart\u00edn, Demetrio Garc\u00eda de Le\u00f3n Solera<br \/>\n<\/b><\/span><\/p>\n<p style=\"text-align: right\"><span style=\"font-family: verdana, geneva\"><span style=\"font-size: small\"><br \/>\n<a name=\"datos del proyecto\"><\/a><a href=\"#\" class=\"top\">Inicio ^<\/a><br \/>\n<\/span><\/span><\/p>\n<p>&nbsp;<\/p>\n<p><span style=\"color: #21759b;font-family: verdana,geneva;font-size: small\"><strong>DATOS DEL PROYECTO<\/strong><\/span><\/p>\n<table border=\"0\" cellspacing=\"1\" cellpadding=\"1\" align=\"left\">\n<tbody>\n<tr>\n<td align=\"left\" valign=\"middle\"><strong>Entidad de realizaci\u00f3n<\/strong><\/td>\n<td align=\"left\" valign=\"middle\">Secci\u00f3n de Urbanismo del Instituto Juan de Herrera. Escuela T\u00e9cnica Superior de Arquitectura de la Universidad Polit\u00e9cnca de Madrid.<\/td>\n<\/tr>\n<tr>\n<td align=\"left\" valign=\"middle\"><strong>Entidad Fiananciadora<\/strong><\/td>\n<td align=\"left\" valign=\"middle\">\u00c1rea de gobierno de urbanismo, vivienda e infraestructuras Direcci\u00f3n general de planificaci\u00f3n y evaluaci\u00f3n urbana. Subdirecci\u00f3n general de desarrollo urbano Departamento de planificaci\u00f3n e innovaci\u00f3n urbana.<\/td>\n<\/tr>\n<tr>\n<td align=\"left\" valign=\"middle\"><strong>Fecha de inicio<\/strong><\/td>\n<td align=\"left\" valign=\"middle\">09\/2004<\/td>\n<\/tr>\n<tr align=\"left\" valign=\"middle\">\n<td align=\"left\" valign=\"middle\"><strong>Duraci\u00f3n<\/strong><\/td>\n<td align=\"left\" valign=\"middle\">12 meses<\/td>\n<\/tr>\n<tr align=\"left\" valign=\"middle\">\n<td align=\"left\" valign=\"middle\"><strong>Cuant\u00eda total<\/strong><\/td>\n<td align=\"left\" valign=\"middle\">&#8212;<\/td>\n<\/tr>\n<tr>\n<td align=\"left\" valign=\"middle\"><strong>C\u00f3digo<\/strong><\/td>\n<td align=\"left\" valign=\"middle\">&#8212;<\/td>\n<\/tr>\n<\/tbody>\n<\/table>\n<p style=\"text-align: right\"><span style=\"font-family: verdana, geneva\"><span style=\"font-size: small\"><a href=\"#\" class=\"top\">Inicio ^<\/a><br \/>\n<\/span><\/span><\/p>\n<p style=\"text-align: right\"><span style=\"font-family: verdana, geneva\"><span style=\"font-size: small\"><br \/>\n<a name=\"publicaciones\"><\/a><\/span><\/span><\/p>\n<p><span style=\"color: #21759b;font-family: verdana,geneva;font-size: small\"><strong>PUBLICACIONES<\/strong><\/span><\/p>\n<p style=\"text-align: justify\"><span style=\"font-family: verdana, geneva\"><br \/>\n<a title=\"Ci[Ur] N\u00ba50\" href=\"http:\/\/www.aq.upm.es\/Departamentos\/Urbanismo\/publicaciones\/ciur50.html\" target=\"_blank\" rel=\"noopener noreferrer\">Ci[UR] N\u00ba50 Madrid Centro: Divisi\u00f3n en \u201cBarrios Funcionales\u201d<\/a><\/span><\/p>\n<p style=\"padding-left: 30px;text-align: justify\"><span style=\"font-size: small;font-family: verdana,geneva;color: #333333\"><b>Autor: <\/b>Agust\u00edn Hern\u00e1ndez Aja.<\/span><\/p>\n<p style=\"padding-left: 30px;text-align: justify\"><span style=\"font-size: small;font-family: verdana,geneva;color: #333333\"><b>T\u00edtulo:<\/b> MADRID CENTRO: DIVISI\u00d3N EN &#8216;BARRIOS FUNCIONALES&#8217;.<\/span><\/p>\n<p style=\"padding-left: 30px;text-align: justify\"><span style=\"font-size: small;font-family: verdana,geneva;color: #333333\"><b>Editorial:<\/b> Cuadernos de Investigaci\u00f3n Urban\u00edstica. Ci[Ur] N\u00ba50, Instituto Juan de Herrera, 2007. ISSN 1886-6654<\/span><\/p>\n<p>&nbsp;<\/p>\n<p style=\"text-align: right\"><span style=\"font-family: verdana, geneva\"><span style=\"font-size: small\"><a href=\"#\" class=\"top\">Inicio ^<\/a><br \/>\n<\/span><\/span><\/p>\n","protected":false},"excerpt":{"rendered":"<p>Equipo\u2502 Datos del Proyecto \u2502 Pubicaciones Convenio de colaboraci\u00f3n entre \u00c1rea de Gobierno de Urbanismo, Vivienda e Infraestructuras de la Direcci\u00f3n General de Planificaci\u00f3n y Evaluaci\u00f3n Urbana del Ayuntamiento de Madrid y el Instituto Juan de Herrera de la Universidad Polit\u00e9cnica de Madrid para la DELIMITACI\u00d3N DE \u201cBARRIOS FUNCIONALES\u201d EN EL \u00c1MBITO DEL APE 00.01 [&hellip;]<\/p>\n","protected":false},"author":12,"featured_media":2250,"parent":6,"menu_order":3,"comment_status":"open","ping_status":"closed","template":"","meta":{"_monsterinsights_skip_tracking":false,"_monsterinsights_sitenote_active":false,"_monsterinsights_sitenote_note":"","_monsterinsights_sitenote_category":0,"_genesis_hide_title":false,"_genesis_hide_breadcrumbs":false,"_genesis_hide_singular_image":false,"_genesis_hide_footer_widgets":false,"_genesis_custom_body_class":"","_genesis_custom_post_class":"","_genesis_layout":"","footnotes":""},"investigador":[],"tipos-paginas":[117],"coauthors":[],"class_list":{"0":"post-2240","1":"page","2":"type-page","3":"status-publish","4":"has-post-thumbnail","6":"tipos-paginas-proyectos","7":"entry"},"aioseo_notices":[],"jetpack_sharing_enabled":true,"_links":{"self":[{"href":"https:\/\/vps181.cesvima.upm.es\/re-hab\/wp-json\/wp\/v2\/pages\/2240","targetHints":{"allow":["GET"]}}],"collection":[{"href":"https:\/\/vps181.cesvima.upm.es\/re-hab\/wp-json\/wp\/v2\/pages"}],"about":[{"href":"https:\/\/vps181.cesvima.upm.es\/re-hab\/wp-json\/wp\/v2\/types\/page"}],"author":[{"embeddable":true,"href":"https:\/\/vps181.cesvima.upm.es\/re-hab\/wp-json\/wp\/v2\/users\/12"}],"replies":[{"embeddable":true,"href":"https:\/\/vps181.cesvima.upm.es\/re-hab\/wp-json\/wp\/v2\/comments?post=2240"}],"version-history":[{"count":2,"href":"https:\/\/vps181.cesvima.upm.es\/re-hab\/wp-json\/wp\/v2\/pages\/2240\/revisions"}],"predecessor-version":[{"id":10336,"href":"https:\/\/vps181.cesvima.upm.es\/re-hab\/wp-json\/wp\/v2\/pages\/2240\/revisions\/10336"}],"up":[{"embeddable":true,"href":"https:\/\/vps181.cesvima.upm.es\/re-hab\/wp-json\/wp\/v2\/pages\/6"}],"wp:featuredmedia":[{"embeddable":true,"href":"https:\/\/vps181.cesvima.upm.es\/re-hab\/wp-json\/wp\/v2\/media\/2250"}],"wp:attachment":[{"href":"https:\/\/vps181.cesvima.upm.es\/re-hab\/wp-json\/wp\/v2\/media?parent=2240"}],"wp:term":[{"taxonomy":"investigador","embeddable":true,"href":"https:\/\/vps181.cesvima.upm.es\/re-hab\/wp-json\/wp\/v2\/investigador?post=2240"},{"taxonomy":"tipos-paginas","embeddable":true,"href":"https:\/\/vps181.cesvima.upm.es\/re-hab\/wp-json\/wp\/v2\/tipos-paginas?post=2240"},{"taxonomy":"author","embeddable":true,"href":"https:\/\/vps181.cesvima.upm.es\/re-hab\/wp-json\/wp\/v2\/coauthors?post=2240"}],"curies":[{"name":"wp","href":"https:\/\/api.w.org\/{rel}","templated":true}]}}