{"id":33,"date":"2012-02-19T17:46:09","date_gmt":"2012-02-19T16:46:09","guid":{"rendered":"http:\/\/www2.aq.upm.es\/Departamentos\/Urbanismo\/blogs\/re-hab\/?page_id=33"},"modified":"2024-01-10T23:17:28","modified_gmt":"2024-01-10T22:17:28","slug":"2008-metodologia-revision-bbvv","status":"publish","type":"page","link":"https:\/\/vps181.cesvima.upm.es\/re-hab\/proyectos-investigacion\/2008-metodologia-revision-bbvv\/","title":{"rendered":"2008. Metodolog\u00eda revisi\u00f3n BBVV"},"content":{"rendered":"<p style=\"text-align: right\"><span style=\"font-family: verdana, geneva\"><span style=\"font-size: small\"><a href=\"#equipo\">Equipo<\/a>\u2502 <a href=\"#datos del proyecto\">Datos del Proyecto<\/a> <\/span><\/span><\/p>\n<p><span style=\"font-size: small;color: #333333;font-family: verdana,geneva\"><strong> DESARROLLO DE UNA METODOLOG\u00cdA PARA LA REVISI\u00d3N DEL ESTUDIO: \u00abAN\u00c1LISIS URBAN\u00cdSTICO DE BARRIOS DESFAVORECIDOS DE ESPA\u00d1A\u00bb <\/strong><\/span><\/p>\n<p style=\"text-align: center\"><a href=\"https:\/\/i0.wp.com\/vps181.cesvima.upm.es\/re-hab\/wp-content\/uploads\/sites\/6\/2012\/02\/BBVV2008.jpg?ssl=1\"><img data-recalc-dims=\"1\" loading=\"lazy\" decoding=\"async\" data-attachment-id=\"2244\" data-permalink=\"https:\/\/vps181.cesvima.upm.es\/re-hab\/proyectos-investigacion\/2008-metodologia-revision-bbvv\/bbvv2008\/\" data-orig-file=\"https:\/\/i0.wp.com\/vps181.cesvima.upm.es\/re-hab\/wp-content\/uploads\/sites\/6\/2012\/02\/BBVV2008.jpg?fit=8775%2C2216&amp;ssl=1\" data-orig-size=\"8775,2216\" data-comments-opened=\"1\" data-image-meta=\"{&quot;aperture&quot;:&quot;0&quot;,&quot;credit&quot;:&quot;&quot;,&quot;camera&quot;:&quot;&quot;,&quot;caption&quot;:&quot;&quot;,&quot;created_timestamp&quot;:&quot;0&quot;,&quot;copyright&quot;:&quot;&quot;,&quot;focal_length&quot;:&quot;0&quot;,&quot;iso&quot;:&quot;0&quot;,&quot;shutter_speed&quot;:&quot;0&quot;,&quot;title&quot;:&quot;&quot;,&quot;orientation&quot;:&quot;0&quot;}\" data-image-title=\"BBVV2008\" data-image-description=\"\" data-image-caption=\"\" data-large-file=\"https:\/\/i0.wp.com\/vps181.cesvima.upm.es\/re-hab\/wp-content\/uploads\/sites\/6\/2012\/02\/BBVV2008.jpg?fit=1024%2C259&amp;ssl=1\" class=\"aligncenter  wp-image-2244\" title=\"BBVV2008\" src=\"https:\/\/i0.wp.com\/vps181.cesvima.upm.es\/re-hab\/wp-content\/uploads\/sites\/6\/2012\/02\/BBVV2008.jpg?resize=3159%2C798&#038;ssl=1\" alt=\"\" width=\"3159\" height=\"798\" srcset=\"https:\/\/i0.wp.com\/vps181.cesvima.upm.es\/re-hab\/wp-content\/uploads\/sites\/6\/2012\/02\/BBVV2008.jpg?w=8775&amp;ssl=1 8775w, https:\/\/i0.wp.com\/vps181.cesvima.upm.es\/re-hab\/wp-content\/uploads\/sites\/6\/2012\/02\/BBVV2008.jpg?resize=300%2C76&amp;ssl=1 300w, https:\/\/i0.wp.com\/vps181.cesvima.upm.es\/re-hab\/wp-content\/uploads\/sites\/6\/2012\/02\/BBVV2008.jpg?resize=768%2C194&amp;ssl=1 768w, https:\/\/i0.wp.com\/vps181.cesvima.upm.es\/re-hab\/wp-content\/uploads\/sites\/6\/2012\/02\/BBVV2008.jpg?resize=1024%2C259&amp;ssl=1 1024w, https:\/\/i0.wp.com\/vps181.cesvima.upm.es\/re-hab\/wp-content\/uploads\/sites\/6\/2012\/02\/BBVV2008.jpg?resize=1568%2C396&amp;ssl=1 1568w, https:\/\/i0.wp.com\/vps181.cesvima.upm.es\/re-hab\/wp-content\/uploads\/sites\/6\/2012\/02\/BBVV2008.jpg?w=2000&amp;ssl=1 2000w, https:\/\/i0.wp.com\/vps181.cesvima.upm.es\/re-hab\/wp-content\/uploads\/sites\/6\/2012\/02\/BBVV2008.jpg?w=3000&amp;ssl=1 3000w\" sizes=\"auto, (max-width: 1000px) 100vw, 1000px\" \/><\/a><\/p>\n<p style=\"text-align: justify\"><span style=\"font-family: verdana,geneva\">El objetivo del trabajo fue disponer de una evaluaci\u00f3n del volumen de barrios que podr\u00edan alcanzar la calificaci\u00f3n de vulnerables, y realizar una propuesta metodol\u00f3gica que permitiera revisar el cat\u00e1logo de los barrios determinados en 1996 en el <a title=\"1996. BBVV 1991\" href=\"http:\/\/www2.aq.upm.es\/Departamentos\/Urbanismo\/blogs\/re-hab\/proyectos-investigacion\/1996-bbvv-1991\/\" target=\"_blank\" rel=\"noopener noreferrer\">\u201cAn\u00e1lisis Urban\u00edstico de Barrios Desfavorecidos\u201d<\/a>, realizado por la Secci\u00f3n de Urbanismos del Instituto Juan de Herrera (IJH) de la Escuela T\u00e9cnica Superior de Arquitectura de Madrid (ETSAM) para el Ministerio de Fomento. <\/span><\/p>\n<p style=\"text-align: justify\"><span style=\"font-family: verdana,geneva\">En el trabajo se inclu\u00eda una propuesta para la ficha de catalogaci\u00f3n de los barrios, que permitiera tanto su comparaci\u00f3n con los barrios delimitados en el trabajo de 1996, como la inclusi\u00f3n de nuevos datos, que tuvieran m\u00e1s relaci\u00f3n con las pol\u00edticas de intervenci\u00f3n urbana realizadas hasta la fecha de estudio. Se realiz\u00f3 una estimaci\u00f3n del volumen de ciudades y barrios a analizar, a trav\u00e9s del estudio de las variables del censo de 2001, evaluando la totalidad de la informaci\u00f3n a manejar y el rango de visitas y estancias a realizar para completar el trabajo de campo necesario. Los resultados de este trabajo, sirvieron de base para el <a title=\"An\u00e1lisis Urban\u00edstico de Barrios Vulnerables\" href=\"http:\/\/siu.vivienda.es\/portal\/index.php?option=com_content&amp;view=article&amp;id=85&amp;Itemid=129&amp;lang=es\" target=\"_blank\" rel=\"noopener noreferrer\">\u201cAn\u00e1lisis Urban\u00edstico de barrios vulnerables\u201d<\/a>, realizado de 2009 a 2012 para el Ministerio de Fomento en colaboraci\u00f3n con ARGEA, a trav\u00e9s del <a title=\"2009. Barrios Vulnerables 2001\" href=\"http:\/\/www2.aq.upm.es\/Departamentos\/Urbanismo\/blogs\/re-hab\/proyectos-investigacion\/2009-bbvv-2001\/\" target=\"_blank\" rel=\"noopener noreferrer\">\u201cConvenio para el desarrollo del An\u00e1lisis Urban\u00edstico de Barrios Vulnerables\u201c<\/a> y el <a title=\"2010. Observatorio de la Vulnerabilidad Urbana\" href=\"http:\/\/www2.aq.upm.es\/Departamentos\/Urbanismo\/blogs\/re-hab\/proyectos-investigacion\/2010-observatorio-de-la-vulnerabilidad-urbana\/\" target=\"_blank\" rel=\"noopener noreferrer\">\u201cConvenio para la implantaci\u00f3n y desarrollo de un Observatorio de Vulnerabilidad Urbana en Espa\u00f1a\u201d<\/a>. <\/span><\/p>\n<p style=\"text-align: justify\">\n<p style=\"text-align: justify\">\n<hr \/>\n<p style=\"text-align: justify\"><em><span style=\"font-family: verdana,geneva;color: #696969\">The objective was to have an assessment of the volume of neighborhoods that could achieve the status of vulnerable, and perform a methodological proposal that would revise the catalog of certain neighborhoods in 1996 in <a title=\"An\u00e1lisis Urban\u00edstico de Barrios Vulnerables\" href=\"http:\/\/siu.vivienda.es\/portal\/index.php?option=com_content&amp;view=article&amp;id=85&amp;Itemid=129&amp;lang=es\" target=\"_blank\" rel=\"noopener noreferrer\">\u00abUrban Analysis of disadvantaged neighborhoods\u00bb<\/a>conducted by Urbanism Section of Institute of Juan de Herrera (IJH) of the School of Architecture of Madrid (ETSAM) for the Ministry of Development.<\/span><\/em><\/p>\n<p style=\"text-align: justify\"><em><span style=\"font-family: verdana,geneva;color: #696969\"> The paper included a proposal to the catalog card of neighborhoods, to allow comparison with both neighborhoods targeted in 1996 working as the inclusion of new data, which had more to do with urban policy interventions undertaken so study date. He made an estimate of the cities and neighborhoods to analyze, through the study of the variables from the 2001 census, evaluating all information and manage the range of visits and stays to take to complete the necessary fieldwork. The results of this study, were the basis for the <a title=\"An\u00e1lisis Urban\u00edstico de Barrios Vulnerables\" href=\"http:\/\/siu.vivienda.es\/portal\/index.php?option=com_content&amp;view=article&amp;id=85&amp;Itemid=129&amp;lang=es\">\u00abUrban Analysis of vulnerable neighborhoods\u00bb<\/a>, conducted from 2009 to 2012 for the Ministry of Development in collaboration with ARGEA through the <a title=\"2009. Barrios Vulnerables 2001\" href=\"http:\/\/www2.aq.upm.es\/Departamentos\/Urbanismo\/blogs\/re-hab\/proyectos-investigacion\/2009-bbvv-2001\/\" target=\"_blank\" rel=\"noopener noreferrer\">\u00abConvention for the <em>Urban<\/em> Analysis of Neighborhoods Vulnerable\u00bb<\/a> and the <a title=\"2010. Observatorio de la Vulnerabilidad Urbana\" href=\"http:\/\/www2.aq.upm.es\/Departamentos\/Urbanismo\/blogs\/re-hab\/proyectos-investigacion\/2010-observatorio-de-la-vulnerabilidad-urbana\/\" target=\"_blank\" rel=\"noopener noreferrer\">\u00abConvention for the implementation and development of an Urban Vulnerability Observatory in Spain\u201c.<\/a><\/span><\/em><\/p>\n<p style=\"text-align: right\"><span style=\"font-family: verdana, geneva\"><span style=\"font-size: small\"><a name=\"equipo\"><\/a><a href=\"#\" class=\"top\">Inicio ^<\/a><br \/>\n<\/span><\/span><\/p>\n<p><span style=\"font-size: medium\"><strong><span style=\"font-family: verdana,geneva;color: #21759b\"><span style=\"font-size: small\">EQUIPO<\/span><\/span><\/strong><\/span><\/p>\n<p style=\"text-align: justify\"><span style=\"font-size: small;font-family: verdana,geneva;color: #333333\">DIRECTOR DEL TRABAJO: <\/span><\/p>\n<p style=\"text-align: justify;padding-left: 30px\"><span style=\"font-size: small;font-family: verdana,geneva;color: #333333\"><b>Agust\u00edn Hern\u00e1ndez Aja<\/b>, doctor arquitecto, director del <span style=\"color: #21759b\"><a title=\"Departamento de Urban\u00edstica y Ordenaci\u00f3n del Territorio\" href=\"https:\/\/duyot.aq.upm.es\/\" target=\"_blank\" rel=\"noopener noreferrer\"><span style=\"color: #21759b\">Departamento de Urban\u00edstica y Ordenaci\u00f3n del Territorio<\/span><\/a><\/span> de la <span style=\"color: #21759b\"><a title=\"ETSAM\" href=\"http:\/\/etsamadrid.aq.upm.es\/\" target=\"_blank\" rel=\"noopener noreferrer\"><span style=\"color: #21759b\">ETSAM<\/span><\/a><\/span>\/<span style=\"color: #21759b\"><a title=\"UPM\" href=\"http:\/\/www.upm.es\/institucional\" target=\"_blank\" rel=\"noopener noreferrer\"><span style=\"color: #21759b\">UPM<\/span><\/a><\/span><\/span><\/p>\n<p><span style=\"font-size: small;font-family: verdana,geneva;color: #333333\">EQUIPO:<\/span><\/p>\n<p style=\"text-align: justify;padding-left: 30px\"><span style=\"font-size: small;font-family: verdana,geneva;color: #333333\"><b>Nerea Mor\u00e1n Alonso<\/b>, arquitecta y alumna de doctorado de la <span style=\"color: #21759b\"><a title=\"ETSAM\" href=\"http:\/\/etsamadrid.aq.upm.es\/\" target=\"_blank\" rel=\"noopener noreferrer\"><span style=\"color: #21759b\">ETSAM<\/span><\/a><\/span>\/<span style=\"color: #21759b\"><a title=\"UPM\" href=\"http:\/\/www.upm.es\/institucional\" target=\"_blank\" rel=\"noopener noreferrer\"><span style=\"color: #21759b\">UPM<\/span><\/a><\/span><\/span><\/p>\n<p style=\"text-align: justify;padding-left: 30px\"><span style=\"font-size: small;font-family: verdana,geneva;color: #333333\"><b>Laura L\u00f3pez \u00c1lvarez <\/b>, alumna de 5\u00ba curso de la <span style=\"color: #21759b\"><a title=\"ETSAM\" href=\"http:\/\/etsamadrid.aq.upm.es\/\" target=\"_blank\" rel=\"noopener noreferrer\"><span style=\"color: #21759b\">ETSAM<\/span><\/a><\/span>\/<span style=\"color: #21759b\"><a title=\"UPM\" href=\"http:\/\/www.upm.es\/institucional\" target=\"_blank\" rel=\"noopener noreferrer\"><span style=\"color: #21759b\">UPM<\/span><\/a><\/span><\/span><\/p>\n<p style=\"text-align: right\"><span style=\"font-family: verdana, geneva\"><span style=\"font-size: small\"><br \/>\n<a name=\"datos del proyecto\"><\/a><a href=\"#\" class=\"top\">Inicio ^<\/a><\/span><\/span><\/p>\n<p><span style=\"color: #21759b;font-family: verdana,geneva;font-size: small\"><strong>DATOS DEL PROYECTO<\/strong><\/span><\/p>\n<table border=\"0\" cellspacing=\"1\" cellpadding=\"1\" align=\"left\">\n<tbody>\n<tr>\n<td align=\"left\" valign=\"middle\"><strong>Entidad de realizaci\u00f3n<\/strong><\/td>\n<td align=\"left\" valign=\"middle\">Secci\u00f3n de Urbanismo del Instituto Juan de Herrera. Escuela T\u00e9cnica Superior de Arquitectura de la Universidad Polit\u00e9cnca de Madrid.<\/td>\n<\/tr>\n<tr>\n<td align=\"left\" valign=\"middle\"><strong>Entidad Fiananciadora<\/strong><\/td>\n<td align=\"left\" valign=\"middle\">Ministerio de Fomento.Direcci\u00f3n General de Suelo y Pol\u00edticas Urbanas.<\/td>\n<\/tr>\n<tr>\n<td align=\"left\" valign=\"middle\"><strong>Fecha de inicio<\/strong><\/td>\n<td align=\"left\" valign=\"middle\">07\/2008<\/td>\n<\/tr>\n<tr align=\"left\" valign=\"middle\">\n<td align=\"left\" valign=\"middle\"><strong>Duraci\u00f3n<\/strong><\/td>\n<td align=\"left\" valign=\"middle\">6 meses<\/td>\n<\/tr>\n<tr align=\"left\" valign=\"middle\">\n<td align=\"left\" valign=\"middle\"><strong>Cuant\u00eda total<\/strong><\/td>\n<td align=\"left\" valign=\"middle\">11.900\u20ac<\/td>\n<\/tr>\n<tr>\n<td align=\"left\" valign=\"middle\"><strong>C\u00f3digo<\/strong><\/td>\n<td align=\"left\" valign=\"middle\">&#8211;<\/td>\n<\/tr>\n<\/tbody>\n<\/table>\n<p style=\"text-align: right\"><a href=\"#\" class=\"top\">Inicio ^<\/a><\/p>\n","protected":false},"excerpt":{"rendered":"<p>Equipo\u2502 Datos del Proyecto DESARROLLO DE UNA METODOLOG\u00cdA PARA LA REVISI\u00d3N DEL ESTUDIO: \u00abAN\u00c1LISIS URBAN\u00cdSTICO DE BARRIOS DESFAVORECIDOS DE ESPA\u00d1A\u00bb El objetivo del trabajo fue disponer de una evaluaci\u00f3n del volumen de barrios que podr\u00edan alcanzar la calificaci\u00f3n de vulnerables, y realizar una propuesta metodol\u00f3gica que permitiera revisar el cat\u00e1logo de los barrios determinados en [&hellip;]<\/p>\n","protected":false},"author":11,"featured_media":2244,"parent":6,"menu_order":4,"comment_status":"open","ping_status":"closed","template":"","meta":{"_monsterinsights_skip_tracking":false,"_monsterinsights_sitenote_active":false,"_monsterinsights_sitenote_note":"","_monsterinsights_sitenote_category":0,"_genesis_hide_title":false,"_genesis_hide_breadcrumbs":false,"_genesis_hide_singular_image":false,"_genesis_hide_footer_widgets":false,"_genesis_custom_body_class":"","_genesis_custom_post_class":"","_genesis_layout":"","jetpack_post_was_ever_published":false,"footnotes":""},"investigador":[],"tipos-paginas":[117],"coauthors":[],"class_list":{"0":"post-33","1":"page","2":"type-page","3":"status-publish","4":"has-post-thumbnail","6":"tipos-paginas-proyectos","7":"entry"},"aioseo_notices":[],"jetpack_sharing_enabled":true,"_links":{"self":[{"href":"https:\/\/vps181.cesvima.upm.es\/re-hab\/wp-json\/wp\/v2\/pages\/33","targetHints":{"allow":["GET"]}}],"collection":[{"href":"https:\/\/vps181.cesvima.upm.es\/re-hab\/wp-json\/wp\/v2\/pages"}],"about":[{"href":"https:\/\/vps181.cesvima.upm.es\/re-hab\/wp-json\/wp\/v2\/types\/page"}],"author":[{"embeddable":true,"href":"https:\/\/vps181.cesvima.upm.es\/re-hab\/wp-json\/wp\/v2\/users\/11"}],"replies":[{"embeddable":true,"href":"https:\/\/vps181.cesvima.upm.es\/re-hab\/wp-json\/wp\/v2\/comments?post=33"}],"version-history":[{"count":2,"href":"https:\/\/vps181.cesvima.upm.es\/re-hab\/wp-json\/wp\/v2\/pages\/33\/revisions"}],"predecessor-version":[{"id":10331,"href":"https:\/\/vps181.cesvima.upm.es\/re-hab\/wp-json\/wp\/v2\/pages\/33\/revisions\/10331"}],"up":[{"embeddable":true,"href":"https:\/\/vps181.cesvima.upm.es\/re-hab\/wp-json\/wp\/v2\/pages\/6"}],"wp:featuredmedia":[{"embeddable":true,"href":"https:\/\/vps181.cesvima.upm.es\/re-hab\/wp-json\/wp\/v2\/media\/2244"}],"wp:attachment":[{"href":"https:\/\/vps181.cesvima.upm.es\/re-hab\/wp-json\/wp\/v2\/media?parent=33"}],"wp:term":[{"taxonomy":"investigador","embeddable":true,"href":"https:\/\/vps181.cesvima.upm.es\/re-hab\/wp-json\/wp\/v2\/investigador?post=33"},{"taxonomy":"tipos-paginas","embeddable":true,"href":"https:\/\/vps181.cesvima.upm.es\/re-hab\/wp-json\/wp\/v2\/tipos-paginas?post=33"},{"taxonomy":"author","embeddable":true,"href":"https:\/\/vps181.cesvima.upm.es\/re-hab\/wp-json\/wp\/v2\/coauthors?post=33"}],"curies":[{"name":"wp","href":"https:\/\/api.w.org\/{rel}","templated":true}]}}