{"id":4800,"date":"2014-10-24T16:53:27","date_gmt":"2014-10-24T14:53:27","guid":{"rendered":"http:\/\/www2.aq.upm.es\/Departamentos\/Urbanismo\/blogs\/re-hab\/?page_id=4800"},"modified":"2024-01-10T23:17:29","modified_gmt":"2024-01-10T22:17:29","slug":"2013-metodologia-para-el-analisis-de-la-vulnerabilidad-urbana-a-partir-de-los-datos-del-censo-2011","status":"publish","type":"page","link":"https:\/\/vps181.cesvima.upm.es\/re-hab\/proyectos-investigacion\/2013-metodologia-para-el-analisis-de-la-vulnerabilidad-urbana-a-partir-de-los-datos-del-censo-2011\/","title":{"rendered":"2013. Metodolog\u00eda para el an\u00e1lisis de la vulnerabilidad urbana a partir de los datos del Censo 2011"},"content":{"rendered":"\n<div class=\"wp-block-toolset-blocks-container tb-container\" data-toolset-blocks-container=\"9b91fbb66922a9bc9185a71b874df247\">\n<div class=\"wp-block-toolset-blocks-grid tb-grid\" data-toolset-blocks-grid=\"ebbf7f85c41106b4d8cbaeca7294a608\">\n<div class=\"wp-block-toolset-blocks-grid-column tb-grid-column tb-grid-align-top\" data-toolset-blocks-grid-column=\"3034fbe886c11054e95b46b09d3e4112\">\n<figure class=\"wp-block-image tb-image tb-image-media\" data-toolset-blocks-image=\"5a7fee493c5bc78387022b4617e2e909\"><a href=\"https:\/\/edatos.consorciomadrono.es\/dataverse\/catalogos_barrios_vulnerables\" target=\"_blank\" rel=\"noreferrer noopener\"><img data-recalc-dims=\"1\" decoding=\"async\" width=\"1772\" height=\"1535\" data-attachment-id=\"8431\" data-permalink=\"https:\/\/vps181.cesvima.upm.es\/re-hab\/2021\/02\/03\/publicados-en-abierto-los-datos-de-los-catalogos-de-barrios-vulnerables-de-espana-1991-2001-y-2011\/bbvv_e-cienciadatos_\/\" data-orig-file=\"https:\/\/i0.wp.com\/vps181.cesvima.upm.es\/re-hab\/wp-content\/uploads\/sites\/6\/2021\/02\/BBVV_e-cienciaDatos_.jpg?fit=1772%2C1535&amp;ssl=1\" data-orig-size=\"1772,1535\" data-comments-opened=\"1\" data-image-meta=\"{&quot;aperture&quot;:&quot;0&quot;,&quot;credit&quot;:&quot;&quot;,&quot;camera&quot;:&quot;&quot;,&quot;caption&quot;:&quot;&quot;,&quot;created_timestamp&quot;:&quot;0&quot;,&quot;copyright&quot;:&quot;&quot;,&quot;focal_length&quot;:&quot;0&quot;,&quot;iso&quot;:&quot;0&quot;,&quot;shutter_speed&quot;:&quot;0&quot;,&quot;title&quot;:&quot;&quot;,&quot;orientation&quot;:&quot;0&quot;}\" data-image-title=\"BBVV_e-cienciaDatos_\" data-image-description=\"\" data-image-caption=\"\" data-large-file=\"https:\/\/i0.wp.com\/vps181.cesvima.upm.es\/re-hab\/wp-content\/uploads\/sites\/6\/2021\/02\/BBVV_e-cienciaDatos_.jpg?fit=1024%2C887&amp;ssl=1\" loading=\"lazy\" src=\"https:\/\/i0.wp.com\/vps181.cesvima.upm.es\/re-hab\/wp-content\/uploads\/sites\/6\/2021\/02\/BBVV_e-cienciaDatos_.jpg?resize=1772%2C1535&#038;ssl=1\" alt=\"\" class=\"wp-image-8431\" srcset=\"https:\/\/i0.wp.com\/vps181.cesvima.upm.es\/re-hab\/wp-content\/uploads\/sites\/6\/2021\/02\/BBVV_e-cienciaDatos_.jpg?w=1772&amp;ssl=1 1772w, https:\/\/i0.wp.com\/vps181.cesvima.upm.es\/re-hab\/wp-content\/uploads\/sites\/6\/2021\/02\/BBVV_e-cienciaDatos_.jpg?resize=300%2C260&amp;ssl=1 300w, https:\/\/i0.wp.com\/vps181.cesvima.upm.es\/re-hab\/wp-content\/uploads\/sites\/6\/2021\/02\/BBVV_e-cienciaDatos_.jpg?resize=1024%2C887&amp;ssl=1 1024w, https:\/\/i0.wp.com\/vps181.cesvima.upm.es\/re-hab\/wp-content\/uploads\/sites\/6\/2021\/02\/BBVV_e-cienciaDatos_.jpg?resize=768%2C665&amp;ssl=1 768w, https:\/\/i0.wp.com\/vps181.cesvima.upm.es\/re-hab\/wp-content\/uploads\/sites\/6\/2021\/02\/BBVV_e-cienciaDatos_.jpg?resize=1536%2C1331&amp;ssl=1 1536w, https:\/\/i0.wp.com\/vps181.cesvima.upm.es\/re-hab\/wp-content\/uploads\/sites\/6\/2021\/02\/BBVV_e-cienciaDatos_.jpg?resize=560%2C485&amp;ssl=1 560w\" sizes=\"auto, (max-width: 1000px) 100vw, 1000px\" \/><\/a><\/figure>\n<\/div>\n\n\n\n<div class=\"wp-block-toolset-blocks-grid-column tb-grid-column tb-grid-align-top\" data-toolset-blocks-grid-column=\"3034fbe886c11054e95b46b09d3e4112\"><style>.wp-block-kadence-advancedheading.kt-adv-heading_fed3da-3d, .wp-block-kadence-advancedheading.kt-adv-heading_fed3da-3d[data-kb-block=\"kb-adv-heading_fed3da-3d\"]{font-size:1.1em;font-style:normal;}.wp-block-kadence-advancedheading.kt-adv-heading_fed3da-3d mark.kt-highlight, .wp-block-kadence-advancedheading.kt-adv-heading_fed3da-3d[data-kb-block=\"kb-adv-heading_fed3da-3d\"] mark.kt-highlight{font-style:normal;color:#f76a0c;-webkit-box-decoration-break:clone;box-decoration-break:clone;padding-top:0px;padding-right:0px;padding-bottom:0px;padding-left:0px;}.wp-block-kadence-advancedheading.kt-adv-heading_fed3da-3d img.kb-inline-image, .wp-block-kadence-advancedheading.kt-adv-heading_fed3da-3d[data-kb-block=\"kb-adv-heading_fed3da-3d\"] img.kb-inline-image{width:150px;vertical-align:baseline;}<\/style>\n<h2 class=\"kt-adv-heading_fed3da-3d wp-block-kadence-advancedheading\" data-kb-block=\"kb-adv-heading_fed3da-3d\"><strong><a href=\"https:\/\/vps181.cesvima.upm.es\/re-hab\/2021\/02\/03\/publicados-en-abierto-los-datos-de-los-catalogos-de-barrios-vulnerables-de-espana-1991-2001-y-2011\/\" title=\"Publicados en abierto los datos de los Cat\u00e1logos de Barrios Vulnerables de Espa\u00f1a 1991, 2001 y 2011\">Publicados en abierto los datos de los Cat\u00e1logos de Barrios Vulnerables de Espa\u00f1a 1991, 2001 y 2011<\/a><\/strong><\/h2>\n\n\n\n<p class=\"has-text-align-left\">Dataverse de los Cat\u00e1logos de Barrios Vulnerables 1991, 2001 y 2011 en el portal de datos abiertos e-cienciaDatos: <strong><a href=\"https:\/\/edatos.consorciomadrono.es\/dataverse\/catalogos_barrios_vulnerables\">https:\/\/edatos.consorciomadrono.es\/dataverse\/catalogos_barrios_vulnerables<\/a><\/strong><\/p>\n<\/div>\n\n\n\n<div class=\"wp-block-toolset-blocks-grid-column tb-grid-column tb-grid-align-top\" data-toolset-blocks-grid-column=\"e863d66eac949908a5c6c8d2fd31320c\">\n<figure class=\"wp-block-image tb-image tb-image-media\" data-toolset-blocks-image=\"ad1150f4fe36f1bb235ac308f510ab3c\"><a href=\"http:\/\/oa.upm.es\/51015\" target=\"_blank\" rel=\"noreferrer noopener\"><img data-recalc-dims=\"1\" decoding=\"async\" width=\"2560\" height=\"1810\" data-attachment-id=\"8423\" data-permalink=\"https:\/\/vps181.cesvima.upm.es\/re-hab\/2021\/02\/03\/publicados-en-abierto-los-datos-de-los-catalogos-de-barrios-vulnerables-de-espana-1991-2001-y-2011\/barrios-vulnerables-ciudades-espanolas_libro-completo_portada\/\" data-orig-file=\"https:\/\/i0.wp.com\/vps181.cesvima.upm.es\/re-hab\/wp-content\/uploads\/sites\/6\/2021\/02\/Barrios-Vulnerables-Ciudades-Espanolas_Libro-COMPLETO_Portada-scaled.jpg?fit=2560%2C1810&amp;ssl=1\" data-orig-size=\"2560,1810\" data-comments-opened=\"1\" data-image-meta=\"{&quot;aperture&quot;:&quot;0&quot;,&quot;credit&quot;:&quot;&quot;,&quot;camera&quot;:&quot;&quot;,&quot;caption&quot;:&quot;&quot;,&quot;created_timestamp&quot;:&quot;0&quot;,&quot;copyright&quot;:&quot;&quot;,&quot;focal_length&quot;:&quot;0&quot;,&quot;iso&quot;:&quot;0&quot;,&quot;shutter_speed&quot;:&quot;0&quot;,&quot;title&quot;:&quot;&quot;,&quot;orientation&quot;:&quot;0&quot;}\" data-image-title=\"Barrios-Vulnerables-Ciudades-Espanolas_Libro-COMPLETO_Portada\" data-image-description=\"\" data-image-caption=\"\" data-large-file=\"https:\/\/i0.wp.com\/vps181.cesvima.upm.es\/re-hab\/wp-content\/uploads\/sites\/6\/2021\/02\/Barrios-Vulnerables-Ciudades-Espanolas_Libro-COMPLETO_Portada-scaled.jpg?fit=1024%2C724&amp;ssl=1\" loading=\"lazy\" src=\"https:\/\/i0.wp.com\/vps181.cesvima.upm.es\/re-hab\/wp-content\/uploads\/sites\/6\/2021\/02\/Barrios-Vulnerables-Ciudades-Espanolas_Libro-COMPLETO_Portada-scaled.jpg?resize=2560%2C1810&#038;ssl=1\" alt=\"\" class=\"wp-image-8423\" srcset=\"https:\/\/i0.wp.com\/vps181.cesvima.upm.es\/re-hab\/wp-content\/uploads\/sites\/6\/2021\/02\/Barrios-Vulnerables-Ciudades-Espanolas_Libro-COMPLETO_Portada-scaled.jpg?w=2560&amp;ssl=1 2560w, https:\/\/i0.wp.com\/vps181.cesvima.upm.es\/re-hab\/wp-content\/uploads\/sites\/6\/2021\/02\/Barrios-Vulnerables-Ciudades-Espanolas_Libro-COMPLETO_Portada-scaled.jpg?resize=300%2C212&amp;ssl=1 300w, https:\/\/i0.wp.com\/vps181.cesvima.upm.es\/re-hab\/wp-content\/uploads\/sites\/6\/2021\/02\/Barrios-Vulnerables-Ciudades-Espanolas_Libro-COMPLETO_Portada-scaled.jpg?resize=1024%2C724&amp;ssl=1 1024w, https:\/\/i0.wp.com\/vps181.cesvima.upm.es\/re-hab\/wp-content\/uploads\/sites\/6\/2021\/02\/Barrios-Vulnerables-Ciudades-Espanolas_Libro-COMPLETO_Portada-scaled.jpg?resize=768%2C543&amp;ssl=1 768w, https:\/\/i0.wp.com\/vps181.cesvima.upm.es\/re-hab\/wp-content\/uploads\/sites\/6\/2021\/02\/Barrios-Vulnerables-Ciudades-Espanolas_Libro-COMPLETO_Portada-scaled.jpg?resize=1536%2C1086&amp;ssl=1 1536w, https:\/\/i0.wp.com\/vps181.cesvima.upm.es\/re-hab\/wp-content\/uploads\/sites\/6\/2021\/02\/Barrios-Vulnerables-Ciudades-Espanolas_Libro-COMPLETO_Portada-scaled.jpg?resize=2048%2C1448&amp;ssl=1 2048w, https:\/\/i0.wp.com\/vps181.cesvima.upm.es\/re-hab\/wp-content\/uploads\/sites\/6\/2021\/02\/Barrios-Vulnerables-Ciudades-Espanolas_Libro-COMPLETO_Portada-scaled.jpg?resize=560%2C396&amp;ssl=1 560w\" sizes=\"auto, (max-width: 1000px) 100vw, 1000px\" \/><\/a><\/figure>\n<\/div>\n\n\n\n<div class=\"wp-block-toolset-blocks-grid-column tb-grid-column tb-grid-align-top\" data-toolset-blocks-grid-column=\"e863d66eac949908a5c6c8d2fd31320c\"><style>.wp-block-kadence-advancedheading.kt-adv-heading_8c56e0-a8, .wp-block-kadence-advancedheading.kt-adv-heading_8c56e0-a8[data-kb-block=\"kb-adv-heading_8c56e0-a8\"]{font-size:1.1em;font-style:normal;}.wp-block-kadence-advancedheading.kt-adv-heading_8c56e0-a8 mark.kt-highlight, .wp-block-kadence-advancedheading.kt-adv-heading_8c56e0-a8[data-kb-block=\"kb-adv-heading_8c56e0-a8\"] mark.kt-highlight{font-style:normal;color:#f76a0c;-webkit-box-decoration-break:clone;box-decoration-break:clone;padding-top:0px;padding-right:0px;padding-bottom:0px;padding-left:0px;}.wp-block-kadence-advancedheading.kt-adv-heading_8c56e0-a8 img.kb-inline-image, .wp-block-kadence-advancedheading.kt-adv-heading_8c56e0-a8[data-kb-block=\"kb-adv-heading_8c56e0-a8\"] img.kb-inline-image{width:150px;vertical-align:baseline;}<\/style>\n<h2 class=\"kt-adv-heading_8c56e0-a8 wp-block-kadence-advancedheading\" data-kb-block=\"kb-adv-heading_8c56e0-a8\"><strong>Publicaci\u00f3n relacionada<\/strong><\/h2>\n\n\n\n<p>Hern\u00e1ndez Aja, A., Rodr\u00edguez Alonso, R., Rodr\u00edguez Su\u00e1rez, I., G\u00f3mez Gim\u00e9nez, J. M., Gonz\u00e1lez Garc\u00eda, I., C\u00f3rdoba Hern\u00e1ndez, R., Alguacil G\u00f3mez, J., Camacho Guti\u00e9rrez, J., Carmona Mateos, F., &amp; Jaramillo C\u00e1ceres, S. (2018): <em>Barrios vulnerables de las grandes ciudades espa\u00f1olas. 1991\/ 2001\/ 2011<\/em>. Madrid, Espa\u00f1a, Instituto Juan de Herrera de la Universidad Polit\u00e9cnica de Madrid. ISBN 978-84-9728-568-1. <a href=\"http:\/\/oa.upm.es\/51015\" target=\"_blank\" rel=\"noreferrer noopener\"><strong>http:\/\/oa.upm.es\/51015<\/strong><\/a><\/p>\n<\/div>\n<\/div>\n\n\n\n<p><\/p>\n<\/div>\n\n\n\n<div style=\"height:35px\" aria-hidden=\"true\" class=\"wp-block-spacer\"><\/div>\n\n\n<p><strong>CONVENIO DE COLABORACI\u00d3N ENTRE EL MINISTERIO DE FOMENTO Y EL INSTITUTO JUAN DE HERRERA DE LA ESCUELA T\u00c9CNICA SUPERIOR DE ARQUITECTURA DE MADRID (UPM), PARA LA ACTUALIZACI\u00d3N DEL \u00abOBSERVATORIO DE LA VULNERABILIDAD URBANA\u00bb<\/strong><\/p>\n<p><a href=\"https:\/\/i0.wp.com\/vps181.cesvima.upm.es\/re-hab\/wp-content\/uploads\/sites\/6\/2014\/10\/2013-Revision-bbvv-2011.jpg?ssl=1\"><img data-recalc-dims=\"1\" loading=\"lazy\" decoding=\"async\" data-attachment-id=\"4802\" data-permalink=\"https:\/\/vps181.cesvima.upm.es\/re-hab\/proyectos-investigacion\/2013-metodologia-para-el-analisis-de-la-vulnerabilidad-urbana-a-partir-de-los-datos-del-censo-2011\/2013_revision-bbvv-2011\/\" data-orig-file=\"https:\/\/i0.wp.com\/vps181.cesvima.upm.es\/re-hab\/wp-content\/uploads\/sites\/6\/2014\/10\/2013-Revision-bbvv-2011.jpg?fit=5901%2C1377&amp;ssl=1\" data-orig-size=\"5901,1377\" data-comments-opened=\"1\" data-image-meta=\"{&quot;aperture&quot;:&quot;0&quot;,&quot;credit&quot;:&quot;&quot;,&quot;camera&quot;:&quot;&quot;,&quot;caption&quot;:&quot;&quot;,&quot;created_timestamp&quot;:&quot;0&quot;,&quot;copyright&quot;:&quot;&quot;,&quot;focal_length&quot;:&quot;0&quot;,&quot;iso&quot;:&quot;0&quot;,&quot;shutter_speed&quot;:&quot;0&quot;,&quot;title&quot;:&quot;&quot;,&quot;orientation&quot;:&quot;0&quot;}\" data-image-title=\"2013_Revision bbvv 2011\" data-image-description=\"\" data-image-caption=\"\" data-large-file=\"https:\/\/i0.wp.com\/vps181.cesvima.upm.es\/re-hab\/wp-content\/uploads\/sites\/6\/2014\/10\/2013-Revision-bbvv-2011.jpg?fit=1024%2C239&amp;ssl=1\" class=\"aligncenter size-full wp-image-4802\" src=\"https:\/\/i0.wp.com\/vps181.cesvima.upm.es\/re-hab\/wp-content\/uploads\/sites\/6\/2014\/10\/2013-Revision-bbvv-2011.jpg?resize=5901%2C1377&#038;ssl=1\" alt=\"2013_Revision bbvv 2011\" width=\"5901\" height=\"1377\" srcset=\"https:\/\/i0.wp.com\/vps181.cesvima.upm.es\/re-hab\/wp-content\/uploads\/sites\/6\/2014\/10\/2013-Revision-bbvv-2011.jpg?w=5901&amp;ssl=1 5901w, https:\/\/i0.wp.com\/vps181.cesvima.upm.es\/re-hab\/wp-content\/uploads\/sites\/6\/2014\/10\/2013-Revision-bbvv-2011.jpg?resize=300%2C70&amp;ssl=1 300w, https:\/\/i0.wp.com\/vps181.cesvima.upm.es\/re-hab\/wp-content\/uploads\/sites\/6\/2014\/10\/2013-Revision-bbvv-2011.jpg?resize=768%2C179&amp;ssl=1 768w, https:\/\/i0.wp.com\/vps181.cesvima.upm.es\/re-hab\/wp-content\/uploads\/sites\/6\/2014\/10\/2013-Revision-bbvv-2011.jpg?resize=1024%2C239&amp;ssl=1 1024w, https:\/\/i0.wp.com\/vps181.cesvima.upm.es\/re-hab\/wp-content\/uploads\/sites\/6\/2014\/10\/2013-Revision-bbvv-2011.jpg?resize=1568%2C366&amp;ssl=1 1568w, https:\/\/i0.wp.com\/vps181.cesvima.upm.es\/re-hab\/wp-content\/uploads\/sites\/6\/2014\/10\/2013-Revision-bbvv-2011.jpg?w=2000&amp;ssl=1 2000w, https:\/\/i0.wp.com\/vps181.cesvima.upm.es\/re-hab\/wp-content\/uploads\/sites\/6\/2014\/10\/2013-Revision-bbvv-2011.jpg?w=3000&amp;ssl=1 3000w\" sizes=\"auto, (max-width: 1000px) 100vw, 1000px\" \/><\/a><\/p>\n<p>En desarrollo del convenio del a\u00f1o 2013 entre el Instituto Juan de Herrera (IJH) y el Ministerio de Fomento se elaboraron los siguientes trabajos:<\/p>\n<p><em><strong>Informe \u201cPropuesta de Indicadores para la aproximaci\u00f3n al potencial de rehabilitaci\u00f3n del parque residencial\u201d.<\/strong><\/em><\/p>\n<p>A partir de los datos del Censo de 2001 disponibles a nivel de secci\u00f3n censal en el Atlas de la Edificaci\u00f3n Residencial y en el Atlas de la Vulnerabilidad Urbana, ambos documentos elaborados en el marco de Convenios celebrados entre el Ministerio de Fomento y el Instituto Juan de Herrera para el desarrollo y la actualizaci\u00f3n del Observatorio de la Vulnerabilidad Urbana, se han desarrollado una serie de indicadores capaces de determinar la concentraci\u00f3n y caracter\u00edsticas del parque edificado cuyas carencias supongan la necesidad de rehabilitaci\u00f3n.<\/p>\n<p><em><strong>Informe \u201cMetodolog\u00eda de trabajo para el an\u00e1lisis de la vulnerabilidad urbana a partir de los datos del nuevo Censo de 2011\u201d.<\/strong><\/em><\/p>\n<p>Este Informe se ha desarrollado a partir de los datos provisionales del nuevo Censo de 2011, publicados por el Instituto Nacional de Estad\u00edstica (INE). Se propone una nueva metodolog\u00eda de trabajo a partir de la informaci\u00f3n disponible del Censo de 2011, pues \u00e9sta no es completamente homog\u00e9nea con respecto a la informaci\u00f3n del Censo de 2001 (con la que se ha venido trabajando hasta ahora), ni va a poder desagregarse espacialmente del mismo modo. Este Informe contiene:<\/p>\n<ul>\n<li style=\"text-align: justify;\">Una metodolog\u00eda para la selecci\u00f3n de una bater\u00eda b\u00e1sica de Indicadores de Vulnerabilidad Urbana a partir de los datos del Censo de 2011. Se incluye una propuesta de una bater\u00eda de indicadores similar y comparable a los 20 Indicadores ya desarrollados a partir de los datos del Censo de 2001. Tambi\u00e9n se ha analizado la posibilidad de desagregaci\u00f3n espacial de estos datos, para determinar si es viable la realizaci\u00f3n de nuevos trabajos similares al Atlas de la Edificaci\u00f3n Residencial y al Atlas de la Vulnerabilidad Urbana con los datos del Censo de 2011.<\/li>\n<li style=\"text-align: justify;\">Una metodolog\u00eda para delimitaci\u00f3n de Barrios Vulnerables, a partir de los datos disponibles en el Censo de 2011. Se ha examinado la posibilidad de emplear los Indicadores B\u00e1sicos de Vulnerabilidad Urbana ya utilizados en la delimitaci\u00f3n de los Barrios Vulnerables de 1991 y 2001, proponiendo alternativas en caso de que el nuevo Censo de 2011 no permita replicar la metodolog\u00eda que se ha venido usando en los trabajos anteriores.<\/li>\n<\/ul>\n<p style=\"text-align: right;\">\u00a0<a href=\"#\" class=\"top\">Inicio ^<\/a><\/p>\n<p><span style=\"font-size: medium;\"><strong><span style=\"font-family: verdana,geneva; color: #21759b;\"><span style=\"font-size: small;\">EQUIPO<\/span><\/span><\/strong><\/span><\/p>\n<p style=\"text-align: justify;\">DIRECTOR DEL TRABAJO:<\/p>\n<p style=\"text-align: justify; padding-left: 30px;\"><b>Agust\u00edn Hern\u00e1ndez Aja<\/b>, doctor arquitecto, director del <a title=\"Departamento de Urban\u00edstica y Ordenaci\u00f3n del Territorio\" href=\"https:\/\/duyot.aq.upm.es\/\" target=\"_blank\" rel=\"noopener noreferrer\">Departamento de Urban\u00edstica y Ordenaci\u00f3n del Territorio<\/a> de la <a title=\"ETSAM\" href=\"http:\/\/etsamadrid.aq.upm.es\/\" target=\"_blank\" rel=\"noopener noreferrer\">ETSAM<\/a>\/<a title=\"UPM\" href=\"http:\/\/www.upm.es\/institucional\" target=\"_blank\" rel=\"noopener noreferrer\">UPM<\/a><\/p>\n<p>REDACTORES:<\/p>\n<p style=\"text-align: justify; padding-left: 30px;\"><b>Agust\u00edn Hern\u00e1ndez Aja<\/b>, doctor arquitecto, director del <a title=\"Departamento de Urban\u00edstica y Ordenaci\u00f3n del Territorio\" href=\"https:\/\/duyot.aq.upm.es\/\" target=\"_blank\" rel=\"noopener noreferrer\">Departamento de Urban\u00edstica y Ordenaci\u00f3n del Territorio<\/a> de la <a title=\"ETSAM\" href=\"http:\/\/etsamadrid.aq.upm.es\/\" target=\"_blank\" rel=\"noopener noreferrer\">ETSAM<\/a>\/<a title=\"UPM\" href=\"http:\/\/www.upm.es\/institucional\" target=\"_blank\" rel=\"noopener noreferrer\">UPM<\/a><\/p>\n<p style=\"text-align: justify; padding-left: 30px;\"><strong>Raquel Rodr\u00edguez Alonso<\/strong>, arquitecta, profesora asociada del Departamento de Urban\u00edstica y Ordenaci\u00f3n del Territorio.<\/p>\n<p style=\"padding-left: 30px;\"><strong>Iv\u00e1n Rodr\u00edguez Su\u00e1rez<\/strong>, arquitecto, m\u00e1ster en Planeamiento Urbano y Territorial.<\/p>\n<p style=\"padding-left: 30px;\"><strong>Javier Camacho Guti\u00e9rrez<\/strong>, soci\u00f3logo y profesor asociado de la Universidad Carlos III y de la Universidad Complutense de Madrid.<\/p>\n<p style=\"padding-left: 30px;\"><strong>Julio Alguacil G\u00f3mez<\/strong>, profesor titular de la Universidad Carlos III de Madrid.<\/p>\n<p>EQUIPO B\u00c1SICO:<\/p>\n<p style=\"text-align: justify; padding-left: 30px;\"><b>Agust\u00edn Hern\u00e1ndez Aja<\/b>, doctor arquitecto, director del <a title=\"Departamento de Urban\u00edstica y Ordenaci\u00f3n del Territorio\" href=\"https:\/\/duyot.aq.upm.es\/\" target=\"_blank\" rel=\"noopener noreferrer\">Departamento de Urban\u00edstica y Ordenaci\u00f3n del Territorio<\/a> de la <a title=\"ETSAM\" href=\"http:\/\/etsamadrid.aq.upm.es\/\" target=\"_blank\" rel=\"noopener noreferrer\">ETSAM<\/a>\/<a title=\"UPM\" href=\"http:\/\/www.upm.es\/institucional\" target=\"_blank\" rel=\"noopener noreferrer\">UPM<\/a><\/p>\n<p style=\"text-align: justify; padding-left: 30px;\"><strong>Raquel Rodr\u00edguez Alonso<\/strong>, arquitecta, profesora asociada del Departamento de Urban\u00edstica y Ordenaci\u00f3n del Territorio.<\/p>\n<p style=\"padding-left: 30px;\"><strong>Iv\u00e1n Rodr\u00edguez Su\u00e1rez<\/strong>, arquitecto, m\u00e1ster en Planeamiento Urbano y Territorial.<\/p>\n<p style=\"padding-left: 30px;\"><strong>Javier Camacho Guti\u00e9rrez<\/strong>, soci\u00f3logo y profesor asociado de la Universidad Carlos III y de la Universidad Complutense de Madrid.<\/p>\n<p style=\"padding-left: 30px;\"><strong>Julio Alguacil G\u00f3mez<\/strong>, profesor titular de la Universidad Carlos III de Madrid.<\/p>\n<p style=\"padding-left: 30px;\"><strong>Miguel Pantoja Cabezas<\/strong>, arquitecto,\u00a0alumno del M\u00e1ster Universitario en Planeamiento Urbano y Territorial, especialidad en Planeamiento Urbano.<\/p>\n<p>COORDINACI\u00d3N DEL TRABAJO (MINISTERIO DE FOMENTO):<\/p>\n<p style=\"text-align: left; padding-left: 30px;\"><span style=\"text-align: right;\"><strong>Eduardo de Santiago Rodr\u00edguez<\/strong>, arquitecto, Consejero T\u00e9cnico de Suelo. Subdirecci\u00f3n General de Urbanismo.<\/span><\/p>\n<p style=\"text-align: right; padding-left: 30px;\"><span style=\"text-align: right;\"><a href=\"#\" class=\"top\">Inicio ^<\/a><\/span><\/p>\n<p><span style=\"color: #21759b; font-family: verdana,geneva; font-size: small;\"><strong>DATOS DEL PROYECTO<\/strong><\/span><\/p>\n<table border=\"0\" cellspacing=\"1\" cellpadding=\"1\" align=\"left\">\n<tbody>\n<tr>\n<td align=\"left\" valign=\"middle\"><strong>Entidad de realizaci\u00f3n<\/strong><\/td>\n<td align=\"left\" valign=\"middle\">Secci\u00f3n de Urbanismo del Instituto Juan de Herrera. Escuela T\u00e9cnica Superior de Arquitectura de la Universidad Polit\u00e9cnca de Madrid.<\/td>\n<\/tr>\n<tr>\n<td align=\"left\" valign=\"middle\"><strong>Entidad Fiananciadora<\/strong><\/td>\n<td align=\"left\" valign=\"middle\">Ministerio de Fomento<\/td>\n<\/tr>\n<tr>\n<td align=\"left\" valign=\"middle\"><strong>Fecha de inicio<\/strong><\/td>\n<td align=\"left\" valign=\"middle\">07\/2013<\/td>\n<\/tr>\n<tr align=\"left\" valign=\"middle\">\n<td align=\"left\" valign=\"middle\"><strong>Duraci\u00f3n<\/strong><\/td>\n<td align=\"left\" valign=\"middle\">5 meses<\/td>\n<\/tr>\n<tr align=\"left\" valign=\"middle\">\n<td align=\"left\" valign=\"middle\"><strong>Cuant\u00eda total<\/strong><\/td>\n<td align=\"left\" valign=\"middle\">40.000 \u20ac<\/td>\n<\/tr>\n<tr>\n<td align=\"left\" valign=\"middle\"><strong>C\u00f3digo<\/strong><\/td>\n<td align=\"left\" valign=\"middle\">Aplicaci\u00f3n presupuestaria <a href=\"http:\/\/www.sepg.pap.minhap.gob.es\/Presup\/PGE2013Ley\/MaestroDocumentos\/PGE-ROM\/doc\/HTM\/N_13_E_R_31_117_1_1_1_1261P_2.HTM\" target=\"_blank\" rel=\"noopener noreferrer\">17.09.261P.78001<\/a>.IJH. Observatorio Vulnerabilidad Urbana<\/td>\n<\/tr>\n<\/tbody>\n<\/table>\n<p style=\"text-align: right;\"><a href=\"#\" class=\"top\">Inicio ^<\/a><\/p>","protected":false},"excerpt":{"rendered":"<p>CONVENIO DE COLABORACI\u00d3N ENTRE EL MINISTERIO DE FOMENTO Y EL INSTITUTO JUAN DE HERRERA DE LA ESCUELA T\u00c9CNICA SUPERIOR DE ARQUITECTURA DE MADRID (UPM), PARA LA ACTUALIZACI\u00d3N DEL \u00abOBSERVATORIO DE LA VULNERABILIDAD URBANA\u00bb En desarrollo del convenio del a\u00f1o 2013 entre el Instituto Juan de Herrera (IJH) y el Ministerio de Fomento se elaboraron los [&hellip;]<\/p>\n","protected":false},"author":11,"featured_media":4802,"parent":6,"menu_order":13,"comment_status":"open","ping_status":"closed","template":"","meta":{"_monsterinsights_skip_tracking":false,"_monsterinsights_sitenote_active":false,"_monsterinsights_sitenote_note":"","_monsterinsights_sitenote_category":0,"_genesis_hide_title":false,"_genesis_hide_breadcrumbs":false,"_genesis_hide_singular_image":false,"_genesis_hide_footer_widgets":false,"_genesis_custom_body_class":"","_genesis_custom_post_class":"","_genesis_layout":"","footnotes":""},"investigador":[233],"tipos-paginas":[117],"coauthors":[163],"class_list":{"0":"post-4800","1":"page","2":"type-page","3":"status-publish","4":"has-post-thumbnail","6":"investigador-ivan-rodriguez-suarez","7":"tipos-paginas-proyectos","8":"entry"},"aioseo_notices":[],"jetpack_sharing_enabled":true,"_links":{"self":[{"href":"https:\/\/vps181.cesvima.upm.es\/re-hab\/wp-json\/wp\/v2\/pages\/4800","targetHints":{"allow":["GET"]}}],"collection":[{"href":"https:\/\/vps181.cesvima.upm.es\/re-hab\/wp-json\/wp\/v2\/pages"}],"about":[{"href":"https:\/\/vps181.cesvima.upm.es\/re-hab\/wp-json\/wp\/v2\/types\/page"}],"author":[{"embeddable":true,"href":"https:\/\/vps181.cesvima.upm.es\/re-hab\/wp-json\/wp\/v2\/users\/11"}],"replies":[{"embeddable":true,"href":"https:\/\/vps181.cesvima.upm.es\/re-hab\/wp-json\/wp\/v2\/comments?post=4800"}],"version-history":[{"count":4,"href":"https:\/\/vps181.cesvima.upm.es\/re-hab\/wp-json\/wp\/v2\/pages\/4800\/revisions"}],"predecessor-version":[{"id":10352,"href":"https:\/\/vps181.cesvima.upm.es\/re-hab\/wp-json\/wp\/v2\/pages\/4800\/revisions\/10352"}],"up":[{"embeddable":true,"href":"https:\/\/vps181.cesvima.upm.es\/re-hab\/wp-json\/wp\/v2\/pages\/6"}],"wp:featuredmedia":[{"embeddable":true,"href":"https:\/\/vps181.cesvima.upm.es\/re-hab\/wp-json\/wp\/v2\/media\/4802"}],"wp:attachment":[{"href":"https:\/\/vps181.cesvima.upm.es\/re-hab\/wp-json\/wp\/v2\/media?parent=4800"}],"wp:term":[{"taxonomy":"investigador","embeddable":true,"href":"https:\/\/vps181.cesvima.upm.es\/re-hab\/wp-json\/wp\/v2\/investigador?post=4800"},{"taxonomy":"tipos-paginas","embeddable":true,"href":"https:\/\/vps181.cesvima.upm.es\/re-hab\/wp-json\/wp\/v2\/tipos-paginas?post=4800"},{"taxonomy":"author","embeddable":true,"href":"https:\/\/vps181.cesvima.upm.es\/re-hab\/wp-json\/wp\/v2\/coauthors?post=4800"}],"curies":[{"name":"wp","href":"https:\/\/api.w.org\/{rel}","templated":true}]}}