{"id":6529,"date":"2016-04-27T14:00:28","date_gmt":"2016-04-27T12:00:28","guid":{"rendered":"http:\/\/www2.aq.upm.es\/Departamentos\/Urbanismo\/blogs\/re-hab\/?page_id=6529"},"modified":"2024-01-10T23:17:28","modified_gmt":"2024-01-10T22:17:28","slug":"2016-plan-nacional-idi-2016-18-redes-de-excelencia","status":"publish","type":"page","link":"https:\/\/vps181.cesvima.upm.es\/re-hab\/proyectos-investigacion\/2016-plan-nacional-idi-2016-18-redes-de-excelencia\/","title":{"rendered":"2016. PLAN NACIONAL I+D+i 2016-17. REDES DE EXCELENCIA"},"content":{"rendered":"<p style=\"text-align: right\"><a href=\"#equipo\">Equipo<\/a>\u2502 <a href=\"#Datos del proyecto\">Datos del Proyecto<\/a> \u2502 Resumen Ejecutivo (pdf)<\/p>\n<p><span style=\"color: #000000\"><strong>CAMBIO SOCIAL, CRISIS ECON\u00d3MICA Y ESCASEZ DE RECURSOS, SU IMPACTO SOBRE LAS \u00c1REAS URBANAS CSO2015-71866-REDT<\/strong><\/span><\/p>\n<p>La situaci\u00f3n actual de crisis, cambio y escasez, que tiene su origen en el modelo industrial y en el modelo econ\u00f3mico y financiero en general, est\u00e1 teniendo un impacto profundo en las \u00e1reas urbanas, generando din\u00e1micas sociales, econ\u00f3micas y territoriales a las que hay que aproximarse no sectorialmente sino de una manera integral, ya que poseen raices comunes. El hecho de que el origen del problema sea el modelo lo convierte en una crisis no pasajera, por lo que se hace necesario que la respuesta sea un modelo alternativo que contemple todos los aspectos de una manera integral.<\/p>\n<p>Para dar una respuesta integral esta propuesta plantea aunar los esfuerzos y los conocimientos de cinco investigadores que han ido desarrollando sus intereses en los \u00faltimos a\u00f1os en los distintos aspectos del cambio social, urbano, los l\u00edmites f\u00edsicos, la econom\u00eda, la vulnerabilidad, etc. y en los contextos de distintos tipos de crisis.<\/p>\n<p>El objetivo de esa red es la consolidaci\u00f3n de las l\u00edneas de investigaci\u00f3n desarrolladas por los cinco investigadores, con la finalidad de articular y definir un enfoque conjunto de car\u00e1cter integral e innovador que permita avanzar en el conocimiento para afrontar la necesaria transici\u00f3n de nuestras \u00e1reas urbanas hacia un modelo urbano equitativo, sostenible y responsable, que aproveche de las potencialidades de lo existente, siendo consciente de los l\u00edmites f\u00edsicos y situando la integraci\u00f3n como una prioridad.<\/p>\n<p>Para formalizar este objetivo se llevar\u00e1n a cabo acciones vinculadas a la reflexi\u00f3n y el\u00a0 debate a trav\u00e9s de la colaboraci\u00f3n de los miembros de la red y expertos externos as\u00ed como la creaci\u00f3n de herramientas metodol\u00f3gicas para el an\u00e1lisis.<\/p>\n<p>Se esperan obtener avances en el conocimiento del fen\u00f3meno y de los retos actuales, la consolidaci\u00f3n de las l\u00edneas de investigaci\u00f3n y la difusi\u00f3n de los resultados que se hayan obtenido del proceso de colaboraci\u00f3n de la red.<\/p>\n<hr \/>\n<p><em>SOCIAL CHANGE, ECONOMICAL CRISIS AND SCARCE RESOURCES, ITS IMPACT ON URBAN AREAS<\/em><\/p>\n<p><em>The current crisis, change and scarce situation has its roots in the industrial and economic model. This situation has a deep impact in the urban areas, creating social, economic and territorial dynamics that need to be adressed. This phenomenon, due to its common roots, can not be faced through sector policies, whereas it must be approached in\u00a0a comprehensive way. Taking into account that the source of the problem is the current model, it must be said that this is not a temporary crisis. Therefore, the solution should be an alternative model, which considers all the issues in an integrated manner.<\/em><\/p>\n<p><em>In order to give a comprehensive response, this proposal puts forward coordinate the efforts and the knowledge of five researchers. Those researchers have been developing their interests in different aspects related to\u00a0the fields of social and urban change, physical limits, economy, vulnerability, etc. within the contexts of different kind of crisis.<\/em><\/p>\n<p><em>The main objective of this network is to consolidate the former research areas of each researcher, with the purpose of articulating and defining\u00a0a innovative and comprehensive joint approach. This approach could let us\u00a0improve the\u00a0specific\u00a0knowledge and face the necessary transition to a new urban model. This model should be equitable, sustainable and responsible, and should take advantage of the\u00a0existing. Besides, it is mandatory\u00a0to be aware of the physical limits and consider integration as a priority.<\/em><\/p>\n<p><em>This goal will be achieve through several actions related to reflection and discussion with the collaboration of both, network researchers and external experts and the development of analysis tools.<\/em><\/p>\n<p><em>The expected results are improvements in the knowledge of both, the phenomenon and the current challenges, the consolidation of the research areas and the dissemination of the obtained results.<\/em><\/p>\n<p style=\"text-align: right\"><span style=\"font-family: verdana, geneva\"><span style=\"font-size: small\"><a href=\"#\" class=\"top\">Inicio ^<\/a><\/span><\/span><\/p>\n<p><strong><span style=\"font-family: verdana,geneva;color: #21759b\"><span style=\"font-size: small\">EQUIPO<\/span><\/span><\/strong><\/p>\n<p>INVESTIGADOR PRINCIPAL:<\/p>\n<p style=\"padding-left: 30px\"><b>Agust\u00edn Hern\u00e1ndez Aja<\/b>, doctor arquitecto, director del <span style=\"color: #21759b\"><a title=\"Departamento de Urban\u00edstica y Ordenaci\u00f3n del Territorio\" href=\"https:\/\/duyot.aq.upm.es\/\" target=\"_blank\" rel=\"noopener noreferrer\"><span style=\"color: #21759b\">Dpto. de Urban\u00edstica y Ordenaci\u00f3n del Territorio<\/span><\/a><\/span> y miembro del <span style=\"color: #21759b\"><a title=\"giau+s\" href=\"http:\/\/habitat.aq.upm.es\/gi\/\" target=\"_blank\" rel=\"noopener noreferrer\">GIAU+S<\/a><\/span> de la <span style=\"color: #21759b\"><a title=\"Escuela T\u00e9cnica Superior de Arquitectura de Madrid\" href=\"http:\/\/etsamadrid.aq.upm.es\/\" target=\"_blank\" rel=\"noopener noreferrer\">ETSAM<\/a>\/<\/span><a title=\"Universidad Polit\u00e9cnica de Madrid\" href=\"http:\/\/www.upm.es\/institucional\" target=\"_blank\" rel=\"noopener noreferrer\"><span style=\"color: #21759b\"><span style=\"color: #21759b\">UPM<\/span><\/span><\/a><\/p>\n<p>EQUIPO<\/p>\n<p style=\"padding-left: 30px\"><strong>Julio Alguacil G\u00f3mez<\/strong>, doctor soci\u00f3logo y profesor titular del Dpto. de Ciencia Pol\u00edtica y Sociolog\u00eda\u00a0de la\u00a0<a href=\"http:\/\/www.uc3m.es\/portal\/page\/portal\/facul_ccssjj\/\">Facultad de Ciencias Sociales y Jur\u00eddicas<\/a>\u00a0de la\u00a0<a href=\"http:\/\/www.uc3m.es\/portal\/page\/portal\/inicio\">Universidad Carlos III<\/a><\/p>\n<p style=\"padding-left: 30px\"><strong>\u00d3scar Carpintero Redondo<\/strong>, doctor en Econom\u00eda, profesor contratado doctor en el <a href=\"http:\/\/www2.eco.uva.es\/ecoapli\/\">Departamento de Econom\u00eda Aplicada<\/a> de la <a href=\"http:\/\/www.eco.uva.es\/\">Facultad de Econ\u00f3micas y Empresariales<\/a> de la <a href=\"http:\/\/www.uva.es\/export\/sites\/uva\/\">Universidad de Valladolid<\/a><\/p>\n<p style=\"padding-left: 30px\"><strong>Ricardo M\u00e9ndez Guti\u00e9rrez del Valle<\/strong>, doctor en Geograf\u00eda, profesor de investigaci\u00f3n en\u00a0<a href=\"http:\/\/iegd.csic.es\/\">Instituto de Econom\u00eda, Geograf\u00eda y Demograf\u00eda<\/a>. <a href=\"http:\/\/cchs.csic.es\/\">Centro de Ciencias Humanas y Sociales<\/a> del Consejo Superior de Investigaciones Cient\u00edficas (<a href=\"http:\/\/www.csic.es\/\">CSIC<\/a>)<\/p>\n<p style=\"padding-left: 30px\"><strong>Juan Luis de las Rivas<\/strong>, doctor arquitecto, profesor titular del <a href=\"http:\/\/www3.uva.es\/iuu\/\">Instituto Universitario de Urban\u00edstica<\/a> de la <a href=\"http:\/\/www.arq.uva.es\/\">Escuela T\u00e9cnica Superior de Arquitectura<\/a> de la <a href=\"http:\/\/www.uva.es\/export\/sites\/uva\/\">Universidad de Valladolid<\/a><\/p>\n<p>&nbsp;<\/p>\n<p>DATOS DEL PROYECTO<\/p>\n<table border=\"0\" cellspacing=\"1\" cellpadding=\"1\" align=\"left\">\n<tbody>\n<tr>\n<td style=\"width: 190px\" align=\"left\" valign=\"middle\"><strong>Entidad de realizaci\u00f3n<\/strong><\/td>\n<td style=\"width: 994px\" align=\"left\" valign=\"middle\">Departamento de Urban\u00edstica y Ordenaci\u00f3n del Territorio. Escuela T\u00e9cnica Superior de Arquitectura de la Universidad Polit\u00e9cnica de Madrid.<\/td>\n<\/tr>\n<tr>\n<td style=\"width: 190px\" align=\"left\" valign=\"middle\"><strong>Entidad Financiadora<\/strong><\/td>\n<td style=\"width: 994px\" align=\"left\" valign=\"middle\">MINECO. Plan Estatal de Investigaci\u00f3n Cient\u00edfica y T\u00e9cnica y de Innovaci\u00f3n 2013-2016. Programa estatal de fomento de la investigaci\u00f3n cient\u00edfica y t\u00e9cnica de excelencia. Subprograma estatal de generaci\u00f3n de conocimiento. Acciones de dinamizaci\u00f3n \u00abRedes de excelencia\u00bb. Convocatoria 2015<\/td>\n<\/tr>\n<tr>\n<td style=\"width: 190px\" align=\"left\" valign=\"middle\"><strong>Fecha de inicio<\/strong><\/td>\n<td style=\"width: 994px\" align=\"left\" valign=\"middle\">01\/2016*<\/td>\n<\/tr>\n<tr align=\"left\" valign=\"middle\">\n<td style=\"width: 190px\" align=\"left\" valign=\"middle\"><strong>Duraci\u00f3n<\/strong><\/td>\n<td style=\"width: 994px\" align=\"left\" valign=\"middle\">24\u00a0meses*<\/td>\n<\/tr>\n<tr align=\"left\" valign=\"middle\">\n<td style=\"width: 190px\" align=\"left\" valign=\"middle\"><strong>Cuant\u00eda total<\/strong><\/td>\n<td style=\"width: 994px\" align=\"left\" valign=\"middle\">25.000\u20ac<\/td>\n<\/tr>\n<tr>\n<td style=\"width: 190px\" align=\"left\" valign=\"middle\"><strong>C\u00f3digo<\/strong><\/td>\n<td style=\"width: 994px\" align=\"left\" valign=\"middle\">CSO2015-71866-REDT<\/td>\n<\/tr>\n<\/tbody>\n<\/table>\n","protected":false},"excerpt":{"rendered":"<p>Equipo\u2502 Datos del Proyecto \u2502 Resumen Ejecutivo (pdf) CAMBIO SOCIAL, CRISIS ECON\u00d3MICA Y ESCASEZ DE RECURSOS, SU IMPACTO SOBRE LAS \u00c1REAS URBANAS CSO2015-71866-REDT La situaci\u00f3n actual de crisis, cambio y escasez, que tiene su origen en el modelo industrial y en el modelo econ\u00f3mico y financiero en general, est\u00e1 teniendo un impacto profundo en las [&hellip;]<\/p>\n","protected":false},"author":1,"featured_media":392,"parent":6,"menu_order":16,"comment_status":"closed","ping_status":"closed","template":"","meta":{"_monsterinsights_skip_tracking":false,"_monsterinsights_sitenote_active":false,"_monsterinsights_sitenote_note":"","_monsterinsights_sitenote_category":0,"_genesis_hide_title":false,"_genesis_hide_breadcrumbs":false,"_genesis_hide_singular_image":false,"_genesis_hide_footer_widgets":false,"_genesis_custom_body_class":"","_genesis_custom_post_class":"","_genesis_layout":"","jetpack_post_was_ever_published":false,"footnotes":""},"investigador":[],"tipos-paginas":[117],"coauthors":[],"class_list":{"0":"post-6529","1":"page","2":"type-page","3":"status-publish","4":"has-post-thumbnail","6":"tipos-paginas-proyectos","7":"entry"},"aioseo_notices":[],"jetpack_sharing_enabled":true,"_links":{"self":[{"href":"https:\/\/vps181.cesvima.upm.es\/re-hab\/wp-json\/wp\/v2\/pages\/6529","targetHints":{"allow":["GET"]}}],"collection":[{"href":"https:\/\/vps181.cesvima.upm.es\/re-hab\/wp-json\/wp\/v2\/pages"}],"about":[{"href":"https:\/\/vps181.cesvima.upm.es\/re-hab\/wp-json\/wp\/v2\/types\/page"}],"author":[{"embeddable":true,"href":"https:\/\/vps181.cesvima.upm.es\/re-hab\/wp-json\/wp\/v2\/users\/1"}],"replies":[{"embeddable":true,"href":"https:\/\/vps181.cesvima.upm.es\/re-hab\/wp-json\/wp\/v2\/comments?post=6529"}],"version-history":[{"count":2,"href":"https:\/\/vps181.cesvima.upm.es\/re-hab\/wp-json\/wp\/v2\/pages\/6529\/revisions"}],"predecessor-version":[{"id":10337,"href":"https:\/\/vps181.cesvima.upm.es\/re-hab\/wp-json\/wp\/v2\/pages\/6529\/revisions\/10337"}],"up":[{"embeddable":true,"href":"https:\/\/vps181.cesvima.upm.es\/re-hab\/wp-json\/wp\/v2\/pages\/6"}],"wp:featuredmedia":[{"embeddable":true,"href":"https:\/\/vps181.cesvima.upm.es\/re-hab\/wp-json\/wp\/v2\/media\/392"}],"wp:attachment":[{"href":"https:\/\/vps181.cesvima.upm.es\/re-hab\/wp-json\/wp\/v2\/media?parent=6529"}],"wp:term":[{"taxonomy":"investigador","embeddable":true,"href":"https:\/\/vps181.cesvima.upm.es\/re-hab\/wp-json\/wp\/v2\/investigador?post=6529"},{"taxonomy":"tipos-paginas","embeddable":true,"href":"https:\/\/vps181.cesvima.upm.es\/re-hab\/wp-json\/wp\/v2\/tipos-paginas?post=6529"},{"taxonomy":"author","embeddable":true,"href":"https:\/\/vps181.cesvima.upm.es\/re-hab\/wp-json\/wp\/v2\/coauthors?post=6529"}],"curies":[{"name":"wp","href":"https:\/\/api.w.org\/{rel}","templated":true}]}}