{"id":6536,"date":"2016-10-10T11:06:42","date_gmt":"2016-10-10T09:06:42","guid":{"rendered":"http:\/\/www2.aq.upm.es\/Departamentos\/Urbanismo\/blogs\/re-hab\/?page_id=6536"},"modified":"2024-01-10T23:17:28","modified_gmt":"2024-01-10T22:17:28","slug":"2016-plan-nacional-idi-2016-18-retos-de-la-sociedad","status":"publish","type":"page","link":"https:\/\/vps181.cesvima.upm.es\/re-hab\/proyectos-investigacion\/2016-plan-nacional-idi-2016-18-retos-de-la-sociedad\/","title":{"rendered":"2016. PLAN NACIONAL I+D+i 2016-18. RETOS DE LA SOCIEDAD"},"content":{"rendered":"<p><strong>RESILIENCIA FUNCIONAL\u00a0 DE LAS \u00c1REAS URBANAS: EL CASO DEL \u00c1REA URBANA DE MADRID BIA2015-64782-R<\/strong><\/p>\n<p>Las \u00e1reas metropolitanas constituyen el escenario de los retos a los que se enfrentan nuestras sociedades, advirti\u00e9ndose en ellas riesgos de obsolescencia funcional tanto en su nivel estructural como en las piezas que lo conforman. Diversos factores, que van desde la rigidez del modelo de relaciones funcionales entre sus elementos, su configuraci\u00f3n en torno a patrones inmobiliarios simplificados (con un alto grado de segregaci\u00f3n y especializaci\u00f3n), el incremento de las necesidades de movilidad (intr\u00ednsecas al modelo) y la degradaci\u00f3n de sus condiciones ambientales (locales y globales), las ponen en una situaci\u00f3n que amenaza su viabilidad a medio y largo plazo y pone en duda su capacidad de adaptaci\u00f3n frente a un futuro de incertidumbre. La capacidad de estas estructuras para adaptarse al cambio sin poner en peligro su cohesi\u00f3n social, su funcionalidad y su calidad ambiental, es lo que hemos dado en llamar \u00abresiliencia\u00bb.<\/p>\n<p>La situaci\u00f3n econ\u00f3mica y financiera, los problemas ambientales y de acceso a los recursos y la desigualdad social (agudizada en los \u00faltimos a\u00f1os), son factores que perfilan una crisis a la que debemos enfrentarnos. En este contexto global, el futuro al que se enfrentan las \u00e1reas urbanas es complejo, multidimensional y multiescalar. Pero parece que en el nivel territorial, esta crisis se est\u00e1 tratando como si fuera puntual o circunstancial y est\u00e1 siendo abordada con herramientas inadecuadas, que dejan de lado la dimensi\u00f3n real de los problemas y de sus implicaciones territoriales, ambientales, sociales y del modelo econ\u00f3mico y productivo.<\/p>\n<p>Es necesario establecer hasta qu\u00e9 punto nuestras \u00e1reas urbanas tienen un nivel de resiliencia suficiente para resistir distintos tipos de esfuerzos. La posibilidad que una crisis estructural multidimensional (en tanto que proceso que requiere de adaptaci\u00f3n) se desarrolle sobre unas \u00e1reas urbanas fruto de un periodo de bonanza de recursos, puede generar nuevas dimensiones de la vulnerabilidad, en una escala que superar\u00e1 en muchos casos los l\u00edmites administrativos metropolitanos, est\u00e1 a\u00fan por definir. Esta nueva forma de vulnerabilidad no se puede describir ni detectar con las metodolog\u00edas hasta ahora utilizadas para analizar el problema de la vulnerabilidad de barrios y \u00e1reas urbanas, sino que es necesario desarrollar nuevas herramientas que nos permitan comprenderla.<\/p>\n<p>El objetivo de la investigaci\u00f3n es el desarrollo de una metodolog\u00eda que permita conceptualizar esta nueva vulnerabilidad, identificar las causas y describir los patrones espaciales y temporales del proceso de obsolescencia multifactorial que sufren actualmente las \u00e1reas urbanas. La propuesta parte de un enfoque multidisciplinar y desarrollar\u00e1 una metodolog\u00eda que permita la caracterizaci\u00f3n de las \u00e1reas urbanas, la evaluaci\u00f3n de los impactos de los distintos elementos de la crisis y la realizaci\u00f3n de un an\u00e1lisis cruzado entre elementos, impactos y posici\u00f3n en el territorio.<\/p>\n<p>Creemos que la potencialidad de transferencia y difusi\u00f3n del proyecto es muy alta ya que, al abordar cuestiones complejas como la gobernanza, el desarrollo metropolitano, el transporte, el uso de los recursos o la desigualdad social, se encuentra en consonancia con los principales retos se\u00f1alados por los programas de distintas instituciones nacionales e internacionales. En cualquier caso se pretende desarrollar en fases posteriores la determinaci\u00f3n de la resiliencia en el marco internacional y especialmente en el \u00e1mbito latinoamericano.<\/p>\n<hr \/>\n<p><em>FUNCTIONAL RESILIENCE OF URBAN AREAS: MADRID URBAN AREA AS A CASE OF STUDY<\/em><\/p>\n<p><em>Metropolitan areas are the scene of the challenges faced by our urban societies. They risk falling in functional obsolescence both in their structural level and in their component parts. Several factors, such as the rigidity of the functional relationships between their elements, their configuration as simplified real-state patterns, their increasing mobility needs, and the degradation of the environment, cast doubt on their viability in the medium and long term, and call into question their capacity to adapt to a future of uncertainty. The ability of these structures to adapt to changing conditions, preserving social cohesion, functionality and environmental quality, is what we call \u00abresilience\u00bb.<\/em><\/p>\n<p><em>The economic and financial situation, environmental issues related to access to resources, and social inequality (worsened in recent years) are signs of a crisis that we must face. In this global context, the future faced by urban areas is complex, multidimensional and multi-scale. But it seems that this crisis is being treated as circumstantial and is being addressed with inadequate tools, leaving aside the real dimension of the problems and their territorial, environmental, and social implications on the economic and productive model.<\/em><\/p>\n<p><em>The degree to which our urban areas have enough resilience to deal with these types of disruptions has to be set. The multidimensional structural crisis, developed in current urban areas, may lead to new dimensions of vulnerability, at a scale that will often exceed the conventional city limits. This new form of vulnerability cannot be described or identified with the methodologies currently used to analyze the problem of the vulnerability of neighborhoods and urban areas. Thus, it is necessary to develop new tools that allow us to understand this new dimension.<\/em><\/p>\n<p><em>The objectives of the research are to develop a methodology to conceptualize this new kind of vulnerability, to identify the causes, and to describe the spatial and temporal patterns of the multifactorial process of obsolescence in urban areas. On the basis of a multidisciplinary approach, the proposal will develop a methodology for the characterization of urban areas, the impact assessment, and the implementation of a cross analysis between elements, impacts and location.<\/em><\/p>\n<p><em>The expected potential for transfer and diffusion is high. Given that the project addresses complex issues such as governance, metropolitan development, transport, use of resources, and social inequality, it is in line with the main challenges identified for national and international institutions. In any case, the project aims to develop in later stages the determination of resilience in the international framework, especially in the Latin American context.<\/em><\/p>\n<p><strong><span style=\"font-family: verdana,geneva;color: #21759b\"><span style=\"font-size: small\">EQUIPO<br \/>\n<\/span><\/span><\/strong><\/p>\n<p>INVESTIGADOR PRINCIPAL:<\/p>\n<p style=\"padding-left: 30px\"><b>Agust\u00edn Hern\u00e1ndez Aja<\/b>, doctor arquitecto, director del <span style=\"color: #21759b\"><a title=\"Departamento de Urban\u00edstica y Ordenaci\u00f3n del Territorio\" href=\"https:\/\/duyot.aq.upm.es\/\" target=\"_blank\" rel=\"noopener noreferrer\"><span style=\"color: #21759b\">Dpto. de Urban\u00edstica y Ordenaci\u00f3n del Territorio<\/span><\/a><\/span> y miembro del <span style=\"color: #21759b\"><a title=\"giau+s\" href=\"http:\/\/habitat.aq.upm.es\/gi\/\" target=\"_blank\" rel=\"noopener noreferrer\">GIAU+S<\/a><\/span> de la <span style=\"color: #21759b\"><a title=\"Escuela T\u00e9cnica Superior de Arquitectura de Madrid\" href=\"http:\/\/etsamadrid.aq.upm.es\/\" target=\"_blank\" rel=\"noopener noreferrer\">ETSAM<\/a>\/<\/span><span style=\"color: #21759b\"><span style=\"color: #21759b\"><a title=\"Universidad Polit\u00e9cnica de Madrid\" href=\"http:\/\/www.upm.es\/institucional\" target=\"_blank\" rel=\"noopener noreferrer\">UPM<\/a>.<\/span><\/span><\/p>\n<p>EQUIPO<\/p>\n<p style=\"padding-left: 30px\"><strong>Julio Alguacil G\u00f3mez<\/strong>, doctor soci\u00f3logo y profesor titular del Dpto. de Ciencia Pol\u00edtica y Sociolog\u00eda\u00a0de la\u00a0<a href=\"http:\/\/www.uc3m.es\/portal\/page\/portal\/facul_ccssjj\/\">Facultad de Ciencias Sociales y Jur\u00eddicas<\/a>\u00a0de la\u00a0<a href=\"http:\/\/www.uc3m.es\/portal\/page\/portal\/inicio\">Universidad Carlos III<\/a>.<\/p>\n<p style=\"padding-left: 30px\"><strong>Mar\u00eda Victoria Paloma G\u00f3mez Garc\u00eda<\/strong>, doctora en Sociolog\u00eda, profesora titular de universidad en Dpto. de Ciencia Pol\u00edtica y Sociolog\u00eda de la\u00a0<a href=\"http:\/\/www.uc3m.es\/portal\/page\/portal\/facul_ccssjj\/\">Facultad de Ciencias Sociales y Jur\u00eddicas<\/a>\u00a0de la\u00a0<a href=\"http:\/\/www.uc3m.es\/portal\/page\/portal\/inicio\">Universidad Carlos III<\/a>.<\/p>\n<p style=\"padding-left: 30px\"><strong>\u00c1ngel Aparicio Mourelo<\/strong>, doctor ingeniero de Caminos, Canales y Puertos y profesor titular del Dpto. Ingenier\u00eda Civil Transportes de la\u00a0<a href=\"http:\/\/www.caminos.upm.es\/\">ETSI CCP<\/a>\/<a href=\"http:\/\/www.upm.es\/institucional\">UPM<\/a><\/p>\n<p>EQUIPO DE TRABAJO<\/p>\n<p style=\"padding-left: 30px\"><strong>Isabel Gonz\u00e1lez Garc\u00eda<\/strong>, doctora arquitecta, profesora ayudante doctora del <span style=\"color: #21759b\"><a title=\"Departamento de Urban\u00edstica y Ordenaci\u00f3n del Territorio\" href=\"https:\/\/duyot.aq.upm.es\/\" target=\"_blank\" rel=\"noopener noreferrer\"><span style=\"color: #21759b\">Dpto. de Urban\u00edstica y Ordenaci\u00f3n del Territorio<\/span><\/a><\/span> y miembro del <span style=\"color: #21759b\"><a title=\"giau+s\" href=\"http:\/\/habitat.aq.upm.es\/gi\/\" target=\"_blank\" rel=\"noopener noreferrer\">GIAU+S<\/a><\/span> de la <span style=\"color: #21759b\"><a title=\"Escuela T\u00e9cnica Superior de Arquitectura de Madrid\" href=\"http:\/\/etsamadrid.aq.upm.es\/\" target=\"_blank\" rel=\"noopener noreferrer\">ETSAM<\/a>\/<\/span><span style=\"color: #21759b\"><span style=\"color: #21759b\"><a title=\"Universidad Polit\u00e9cnica de Madrid\" href=\"http:\/\/www.upm.es\/institucional\" target=\"_blank\" rel=\"noopener noreferrer\">UPM<\/a>.<\/span><\/span><\/p>\n<p style=\"padding-left: 30px\"><strong>Ana Sanz Fern\u00e1ndez<\/strong>, arquitecta, investigadora del\u00a0<span style=\"color: #21759b\"><a title=\"Departamento de Urban\u00edstica y Ordenaci\u00f3n del Territorio\" href=\"https:\/\/duyot.aq.upm.es\/\" target=\"_blank\" rel=\"noopener noreferrer\">Dpto. de Urban\u00edstica y Ordenaci\u00f3n del Territorio<\/a><\/span> y miembro del <span style=\"color: #21759b\"><a title=\"giau+s\" href=\"http:\/\/habitat.aq.upm.es\/gi\/\" target=\"_blank\" rel=\"noopener noreferrer\">GIAU+S<\/a><\/span> de la <span style=\"color: #21759b\"><a title=\"Escuela T\u00e9cnica Superior de Arquitectura de Madrid\" href=\"http:\/\/etsamadrid.aq.upm.es\/\" target=\"_blank\" rel=\"noopener noreferrer\">ETSAM<\/a>\/<\/span><span style=\"color: #21759b\"><a title=\"Universidad Polit\u00e9cnica de Madrid\" href=\"http:\/\/www.upm.es\/institucional\" target=\"_blank\" rel=\"noopener noreferrer\">UPM<\/a>.<\/span><\/p>\n<p style=\"padding-left: 30px\"><strong>Gonzalo S\u00e1nchez-Toscano Salgado<\/strong>, arquitecto, investigador del\u00a0<span style=\"color: #21759b\"><a title=\"Departamento de Urban\u00edstica y Ordenaci\u00f3n del Territorio\" href=\"https:\/\/duyot.aq.upm.es\/\" target=\"_blank\" rel=\"noopener noreferrer\">Dpto. de Urban\u00edstica y Ordenaci\u00f3n del Territorio<\/a><\/span> de la <span style=\"color: #21759b\"><a title=\"Escuela T\u00e9cnica Superior de Arquitectura de Madrid\" href=\"http:\/\/etsamadrid.aq.upm.es\/\" target=\"_blank\" rel=\"noopener noreferrer\">ETSAM<\/a>\/<\/span><span style=\"color: #21759b\"><a title=\"Universidad Polit\u00e9cnica de Madrid\" href=\"http:\/\/www.upm.es\/institucional\" target=\"_blank\" rel=\"noopener noreferrer\">UPM<\/a>.<\/span><\/p>\n<p style=\"padding-left: 30px\"><strong>Ana D\u00edez Bermejo<\/strong>, arquitecta, investigadora del\u00a0<span style=\"color: #21759b\"><a title=\"Departamento de Urban\u00edstica y Ordenaci\u00f3n del Territorio\" href=\"https:\/\/duyot.aq.upm.es\/\" target=\"_blank\" rel=\"noopener noreferrer\">Dpto. de Urban\u00edstica y Ordenaci\u00f3n del Territorio<\/a><\/span> y miembro del <span style=\"color: #21759b\"><a title=\"giau+s\" href=\"http:\/\/habitat.aq.upm.es\/gi\/\" target=\"_blank\" rel=\"noopener noreferrer\">GIAU+S<\/a><\/span> de la <span style=\"color: #21759b\"><a title=\"Escuela T\u00e9cnica Superior de Arquitectura de Madrid\" href=\"http:\/\/etsamadrid.aq.upm.es\/\" target=\"_blank\" rel=\"noopener noreferrer\">ETSAM<\/a>\/<\/span><span style=\"color: #21759b\"><a title=\"Universidad Polit\u00e9cnica de Madrid\" href=\"http:\/\/www.upm.es\/institucional\" target=\"_blank\" rel=\"noopener noreferrer\">UPM<\/a>.<\/span><\/p>\n<p style=\"padding-left: 30px\"><strong>Lucas \u00c1lvarez del Valle<\/strong>, arquitecto, investigador del\u00a0<span style=\"color: #21759b\"><a title=\"Departamento de Urban\u00edstica y Ordenaci\u00f3n del Territorio\" href=\"https:\/\/duyot.aq.upm.es\/\" target=\"_blank\" rel=\"noopener noreferrer\">Dpto. de Urban\u00edstica y Ordenaci\u00f3n del Territorio<\/a><\/span> de la <span style=\"color: #21759b\"><a title=\"Escuela T\u00e9cnica Superior de Arquitectura de Madrid\" href=\"http:\/\/etsamadrid.aq.upm.es\/\" target=\"_blank\" rel=\"noopener noreferrer\">ETSAM<\/a>\/<\/span><span style=\"color: #21759b\"><a title=\"Universidad Polit\u00e9cnica de Madrid\" href=\"http:\/\/www.upm.es\/institucional\" target=\"_blank\" rel=\"noopener noreferrer\">UPM<\/a>.<\/span><\/p>\n<p style=\"padding-left: 30px\"><strong>Laura Picardo Costales<\/strong>, soci\u00f3loga, M\u00e1ster Universitario en Planeamiento Urbano y Territorial <span style=\"color: #21759b\"><a title=\"Universidad Polit\u00e9cnica de Madrid\" href=\"http:\/\/www.upm.es\/institucional\" target=\"_blank\" rel=\"noopener noreferrer\">UPM<\/a><\/span> del <span style=\"color: #21759b\"><a title=\"Departamento de Urban\u00edstica y Ordenaci\u00f3n del Territorio\" href=\"https:\/\/duyot.aq.upm.es\/\" target=\"_blank\" rel=\"noopener noreferrer\">Dpto. de Urban\u00edstica y Ordenaci\u00f3n del Territorio<\/a><\/span> de la <span style=\"color: #21759b\"><a title=\"Escuela T\u00e9cnica Superior de Arquitectura de Madrid\" href=\"http:\/\/etsamadrid.aq.upm.es\/\" target=\"_blank\" rel=\"noopener noreferrer\">ETSAM<\/a>\/<\/span><span style=\"color: #21759b\"><a title=\"Universidad Polit\u00e9cnica de Madrid\" href=\"http:\/\/www.upm.es\/institucional\" target=\"_blank\" rel=\"noopener noreferrer\">UPM<\/a>.<\/span><\/p>\n<p style=\"padding-left: 30px\"><strong>Rafael C\u00f3rdoba Hern\u00e1ndez<\/strong>, arquitecto, profesor asociado del <span style=\"color: #21759b\"><a title=\"Departamento de Urban\u00edstica y Ordenaci\u00f3n del Territorio\" href=\"https:\/\/duyot.aq.upm.es\/\" target=\"_blank\" rel=\"noopener noreferrer\">Dpto. de Urban\u00edstica y Ordenaci\u00f3n del Territorio<\/a><\/span> y miembro del <span style=\"color: #21759b\"><a title=\"giau+s\" href=\"http:\/\/habitat.aq.upm.es\/gi\/\" target=\"_blank\" rel=\"noopener noreferrer\">GIAU+S<\/a><\/span> de la <span style=\"color: #21759b\"><a title=\"Escuela T\u00e9cnica Superior de Arquitectura de Madrid\" href=\"http:\/\/etsamadrid.aq.upm.es\/\" target=\"_blank\" rel=\"noopener noreferrer\">ETSAM<\/a>\/<\/span><span style=\"color: #21759b\"><a title=\"Universidad Polit\u00e9cnica de Madrid\" href=\"http:\/\/www.upm.es\/institucional\" target=\"_blank\" rel=\"noopener noreferrer\">UPM<\/a>.<br \/>\n<\/span><\/p>\n<p style=\"padding-left: 30px\"><strong>Raquel Rodr\u00edguez Alonso<\/strong>, doctora arquitecta, profesora asociada\u00a0del\u00a0<span style=\"color: #21759b\"><a title=\"Departamento de Urban\u00edstica y Ordenaci\u00f3n del Territorio\" href=\"https:\/\/duyot.aq.upm.es\/\" target=\"_blank\" rel=\"noopener noreferrer\">Dpto. de Urban\u00edstica y Ordenaci\u00f3n del Territorio<\/a><\/span> y miembro del <span style=\"color: #21759b\"><a title=\"giau+s\" href=\"http:\/\/habitat.aq.upm.es\/gi\/\" target=\"_blank\" rel=\"noopener noreferrer\">GIAU+S<\/a><\/span> de la <span style=\"color: #21759b\"><a title=\"Escuela T\u00e9cnica Superior de Arquitectura de Madrid\" href=\"http:\/\/etsamadrid.aq.upm.es\/\" target=\"_blank\" rel=\"noopener noreferrer\">ETSAM<\/a>\/<\/span><span style=\"color: #21759b\"><a title=\"Universidad Polit\u00e9cnica de Madrid\" href=\"http:\/\/www.upm.es\/institucional\" target=\"_blank\" rel=\"noopener noreferrer\">UPM<\/a>.<\/span><\/p>\n<p style=\"padding-left: 30px\"><strong>Jos\u00e9 Manuel G\u00f3mez Gim\u00e9nez<\/strong>, graduado en ciencia pol\u00edtica y administraci\u00f3n, investigador del\u00a0 <a title=\"Departamento de Urban\u00edstica y Ordenaci\u00f3n del Territorio\" href=\"https:\/\/duyot.aq.upm.es\/\" target=\"_blank\" rel=\"noopener noreferrer\">Dpto. de Urban\u00edstica y Ordenaci\u00f3n del Territorio<\/a>\u00a0de la <a title=\"Escuela T\u00e9cnica Superior de Arquitectura de Madrid\" href=\"http:\/\/etsamadrid.aq.upm.es\/\" target=\"_blank\" rel=\"noopener noreferrer\">ETSAM<\/a><a title=\"Escuela T\u00e9cnica Superior de Arquitectura de Madrid\" href=\"http:\/\/etsamadrid.aq.upm.es\/\" target=\"_blank\" rel=\"noopener noreferrer\">\/<\/a><a title=\"Universidad Polit\u00e9cnica de Madrid\" href=\"http:\/\/www.upm.es\/institucional\" target=\"_blank\" rel=\"noopener noreferrer\">UPM<\/a><a title=\"Escuela T\u00e9cnica Superior de Arquitectura de Madrid\" href=\"http:\/\/etsamadrid.aq.upm.es\/\" target=\"_blank\" rel=\"noopener noreferrer\">.<\/a><\/p>\n<p>DATOS DEL PROYECTO<\/p>\n<table border=\"0\" cellspacing=\"1\" cellpadding=\"1\" align=\"left\">\n<tbody>\n<tr style=\"height: 48px\">\n<td style=\"width: 190px;height: 48px\" align=\"left\" valign=\"middle\"><strong>Entidad de realizaci\u00f3n<\/strong><\/td>\n<td style=\"width: 994px;height: 48px\" align=\"left\" valign=\"middle\">Departamento de Urban\u00edstica y Ordenaci\u00f3n del Territorio. Escuela T\u00e9cnica Superior de Arquitectura de la Universidad Polit\u00e9cnica de Madrid.<\/td>\n<\/tr>\n<tr style=\"height: 55px\">\n<td style=\"width: 190px;height: 55px\" align=\"left\" valign=\"middle\"><strong>Entidad Financiadora<\/strong><\/td>\n<td style=\"width: 994px;height: 55px\" align=\"left\" valign=\"middle\">MINECO. Plan Estatal de Investigaci\u00f3n Cient\u00edfica y T\u00e9cnica y de Innovaci\u00f3n 2013-2016. Programa estatal de I+D+i orientada a los retos de la sociedad. Convocatoria 2015.<\/td>\n<\/tr>\n<tr style=\"height: 24px\">\n<td style=\"width: 190px;height: 24px\" align=\"left\" valign=\"middle\"><strong>Fecha de inicio<\/strong><\/td>\n<td style=\"width: 994px;height: 24px\" align=\"left\" valign=\"middle\">01\/2016<\/td>\n<\/tr>\n<tr style=\"height: 24px\" align=\"left\" valign=\"middle\">\n<td style=\"width: 190px;height: 24px\" align=\"left\" valign=\"middle\"><strong>Duraci\u00f3n<\/strong><\/td>\n<td style=\"width: 994px;height: 24px\" align=\"left\" valign=\"middle\">36\u00a0meses<\/td>\n<\/tr>\n<tr style=\"height: 24px\" align=\"left\" valign=\"middle\">\n<td style=\"width: 190px;height: 24px\" align=\"left\" valign=\"middle\"><strong>Cuant\u00eda total<\/strong><\/td>\n<td style=\"width: 994px;height: 24px\" align=\"left\" valign=\"middle\">79.000\u20ac<\/td>\n<\/tr>\n<tr style=\"height: 24px\">\n<td style=\"width: 190px;height: 24px\" align=\"left\" valign=\"middle\"><strong>C\u00f3digo<\/strong><\/td>\n<td style=\"width: 994px;height: 24px\" align=\"left\" valign=\"middle\">BIA2015-64782-R<\/td>\n<\/tr>\n<\/tbody>\n<\/table>\n","protected":false},"excerpt":{"rendered":"<p>RESILIENCIA FUNCIONAL\u00a0 DE LAS \u00c1REAS URBANAS: EL CASO DEL \u00c1REA URBANA DE MADRID BIA2015-64782-R Las \u00e1reas metropolitanas constituyen el escenario de los retos a los que se enfrentan nuestras sociedades, advirti\u00e9ndose en ellas riesgos de obsolescencia funcional tanto en su nivel estructural como en las piezas que lo conforman. Diversos factores, que van desde la [&hellip;]<\/p>\n","protected":false},"author":18,"featured_media":6633,"parent":6,"menu_order":17,"comment_status":"closed","ping_status":"closed","template":"","meta":{"_monsterinsights_skip_tracking":false,"_monsterinsights_sitenote_active":false,"_monsterinsights_sitenote_note":"","_monsterinsights_sitenote_category":0,"_genesis_hide_title":false,"_genesis_hide_breadcrumbs":false,"_genesis_hide_singular_image":false,"_genesis_hide_footer_widgets":false,"_genesis_custom_body_class":"","_genesis_custom_post_class":"","_genesis_layout":"","jetpack_post_was_ever_published":false,"footnotes":""},"investigador":[],"tipos-paginas":[117],"coauthors":[120],"class_list":{"0":"post-6536","1":"page","2":"type-page","3":"status-publish","4":"has-post-thumbnail","6":"tipos-paginas-proyectos","7":"entry"},"aioseo_notices":[],"jetpack_sharing_enabled":true,"_links":{"self":[{"href":"https:\/\/vps181.cesvima.upm.es\/re-hab\/wp-json\/wp\/v2\/pages\/6536","targetHints":{"allow":["GET"]}}],"collection":[{"href":"https:\/\/vps181.cesvima.upm.es\/re-hab\/wp-json\/wp\/v2\/pages"}],"about":[{"href":"https:\/\/vps181.cesvima.upm.es\/re-hab\/wp-json\/wp\/v2\/types\/page"}],"author":[{"embeddable":true,"href":"https:\/\/vps181.cesvima.upm.es\/re-hab\/wp-json\/wp\/v2\/users\/18"}],"replies":[{"embeddable":true,"href":"https:\/\/vps181.cesvima.upm.es\/re-hab\/wp-json\/wp\/v2\/comments?post=6536"}],"version-history":[{"count":5,"href":"https:\/\/vps181.cesvima.upm.es\/re-hab\/wp-json\/wp\/v2\/pages\/6536\/revisions"}],"predecessor-version":[{"id":10338,"href":"https:\/\/vps181.cesvima.upm.es\/re-hab\/wp-json\/wp\/v2\/pages\/6536\/revisions\/10338"}],"up":[{"embeddable":true,"href":"https:\/\/vps181.cesvima.upm.es\/re-hab\/wp-json\/wp\/v2\/pages\/6"}],"wp:featuredmedia":[{"embeddable":true,"href":"https:\/\/vps181.cesvima.upm.es\/re-hab\/wp-json\/wp\/v2\/media\/6633"}],"wp:attachment":[{"href":"https:\/\/vps181.cesvima.upm.es\/re-hab\/wp-json\/wp\/v2\/media?parent=6536"}],"wp:term":[{"taxonomy":"investigador","embeddable":true,"href":"https:\/\/vps181.cesvima.upm.es\/re-hab\/wp-json\/wp\/v2\/investigador?post=6536"},{"taxonomy":"tipos-paginas","embeddable":true,"href":"https:\/\/vps181.cesvima.upm.es\/re-hab\/wp-json\/wp\/v2\/tipos-paginas?post=6536"},{"taxonomy":"author","embeddable":true,"href":"https:\/\/vps181.cesvima.upm.es\/re-hab\/wp-json\/wp\/v2\/coauthors?post=6536"}],"curies":[{"name":"wp","href":"https:\/\/api.w.org\/{rel}","templated":true}]}}