{"id":7828,"date":"2020-05-28T15:04:01","date_gmt":"2020-05-28T13:04:01","guid":{"rendered":"https:\/\/vps181.cesvima.upm.es\/re-hab\/?page_id=7828"},"modified":"2024-01-10T23:17:30","modified_gmt":"2024-01-10T22:17:30","slug":"2019-plan-estatal-idi-2017-20-redes-de-investigacion","status":"publish","type":"page","link":"https:\/\/vps181.cesvima.upm.es\/re-hab\/proyectos-investigacion\/2019-plan-estatal-idi-2017-20-redes-de-investigacion\/","title":{"rendered":"2019. PLAN ESTATAL I+D+i 2017-20. REDES DE INVESTIGACI\u00d3N"},"content":{"rendered":"<p style=\"text-align: right\"><a href=\"#equipo\">Equipo<\/a>\u2502 <a href=\"#Datos del proyecto\">Datos del Proyecto<\/a> \u2502 Resumen Ejecutivo (pdf)<\/p>\n<p><span style=\"color: #000000\"><strong>RESILIENCIA: ESPACIOS DE ADAPTACI\u00d3N DE NUESTRAS CIUDADES A LOS NUEVOS RETOS URBANOS-RE-ADAP RED2018-102795-T\u00a0<\/strong><\/span><\/p>\n<p>Las estrategias urbanas recientes, como los Objetivos de Desarrollo Sostenible (ODS), la Nueva Agenda Urbana (NUA), la Agenda Urbana-UE (AU-UE) o la Agenda Urbana Espa\u00f1ola (AUE), consideran la resiliencia como uno de los principales objetivos y ejes de las futuras pol\u00edticas urbanas. Este concepto, de reciente incorporaci\u00f3n, nos puede permitir superar unificando los factores de Vulnerabilidad Urbana y Sostenibilidad y es uno de los desaf\u00edos m\u00e1s importantes para la implementaci\u00f3n de las nuevas pol\u00edticas marco, en la que tan importante es la evaluaci\u00f3n de los problemas como la determinaci\u00f3n de las oportunidades de los \u00e1mbitos de estudio. Adem\u00e1s, supone una herramienta para ayudar a propiciar las transformaciones urbanas necesarias que den el paso a ciudades m\u00e1s justas, inclusivas, ecol\u00f3gicas y habitables. La red surge como una respuesta a la necesidad de reflexionar multidisciplinarmente sobre c\u00f3mo incorporar, de manera transversal e integral en pol\u00edticas p\u00fablicas que promuevan la resiliencia.<\/p>\n<p>El objetivo principal de la red RE-ADAP la consolidaci\u00f3n de las l\u00edneas de investigaci\u00f3n desarrolladas por los ocho investigadores e investigadoras y un equipo de trabajo, con la finalidad de articular un enfoque conjunto, integral e innovador que afronte los retos de nuestras ciudades mediante la implantaci\u00f3n de pol\u00edticas p\u00fablicas urbanas que incorporen la resiliencia. Para articular un enfoque integral que permita:<\/p>\n<ul>\n<li>Identificar lo que hemos llamado espacios de adaptaci\u00f3n: espacios de oportunidad que existen en las herramientas de las pol\u00edticas p\u00fablicas para incorporar nuevos elementos que favorezcan la gobernanza y la resiliencia.<\/li>\n<li>Incorporar los ejes tem\u00e1ticos clave (transici\u00f3n ecol\u00f3gica, salud, servicios ecosist\u00e9micos o inclusi\u00f3n) que doten a la resiliencia de una visi\u00f3n hol\u00edstica. El principal impacto esperado la red es el de proporcionar orientaciones adecuadas para la implantaci\u00f3n de la resiliencia con suficiente entidad y abordar desde diferentes perspectivas y disciplinas los retos a los que se enfrentan las ciudades actuales en el marco de las pol\u00edticas urbanas.<\/li>\n<\/ul>\n<p>Para formalizar este objetivo se llevar\u00e1n a cabo acciones vinculadas a la reflexi\u00f3n y el debate en forma de encuentros a trav\u00e9s de la colaboraci\u00f3n de los miembros del equipo investigador de la red, miembros de sus grupos de investigaci\u00f3n que conforman el equipo de trabajo y expertos externos, as\u00ed como la creaci\u00f3n de herramientas metodol\u00f3gicas para el an\u00e1lisis.<\/p>\n<p>Se esperan obtener avances en el conocimiento del fen\u00f3meno de los espacios de adaptaci\u00f3n anteriormente descritos frente a lo retos urbanos actuales, la consolidaci\u00f3n de las l\u00edneas de investigaci\u00f3n y la difusi\u00f3n de los resultados que se hayan obtenido del proceso de colaboraci\u00f3n de la red.<\/p>\n<hr \/>\n<p><em>RESILIENCE: PLACES FOR ADAPTING OUR CITIES TO NEW URBAN CHALLENGES<\/em><\/p>\n<p><em>The new urban strategies, the Sustainable Development Goals (SDG), the New Urban Agenda (NUA) or the Agenda Urbana Espa\u00f1ola (AUE) consider resilience as one of the main objectives and axis for future urban policies. This concept, recently included, may enable the overcoming and unifying of Urban Vulnerability and Sustainability, and poses one of the most important challenges for the implementation of the new framework policies, where problem assessment will be as important as opportunity identification. Additionally, resilience is a tool to foster the needed urban transformations to pave the way to fairer, more inclusive, more ecological and healthier cities. This net is born as a response to the need for a multidisciplinary reflection about the cross-sectional and integral incorporation of the thematic areas identified by several nets members as key to face the urban challenges, within public policies which are promoting resilience.<\/em><\/p>\n<p><em>The main objective of the RE-ADAP network is the consolidation of the lines of research developed by the eight researchers and a team work, with the aim of articulating a joint, comprehensive and innovative approach that addresses the challenges of our cities through implementation of urban public policies that incorporate resilience. To articulate a comprehensive approach that allows:<\/em><\/p>\n<ul>\n<li><em>Identify what we have called adaptation spaces: opportunities that exist in public policy tools to incorporate new elements that favor governance and resilience.<\/em><\/li>\n<li><em>Incorporate key thematic axes (ecological transition, health, ecosystem services or inclusion) that provide resilience with a holistic view. The main expected impact of the network is to provide adequate guidelines for the implantation of resilience with sufficient entity and to tackle from different perspectives and disciplines the challenges that current cities face in the framework of urban policies<\/em>.<\/li>\n<\/ul>\n<p><em>To formalize this objective, actions linked to reflection and debate will be carried out in the form of meetings through the collaboration of members of the network&#8217;s research team, members of its research groups that make up the work team and external experts , as well as, the creation of methodological tools for analysis.\u00a0<\/em><\/p>\n<p><em>It is expected that progress will be made in understanding the phenomenon of adaptation spaces described above in the face of current urban challenges, the consolidation of research lines and the dissemination of the results obtained from the network&#8217;s collaboration process.<\/em><\/p>\n<div class=\"jhH5U\">\n<div id=\"tw-ob\" class=\"tw-src-ltr\">\n<div class=\"oSioSc\">\n<div id=\"tw-target\">\n<div id=\"kAz1tf\" class=\"g9WsWb\">\n<div id=\"tw-target-rmn-container\" class=\"tw-ta-container hide-focus-ring tw-nfl\">\n<pre id=\"tw-target-rmn\" class=\"tw-data-placeholder tw-text-small tw-ta\" data-placeholder=\"\">\u00a0<\/pre>\n<\/div>\n<\/div>\n<\/div>\n<\/div>\n<\/div>\n<\/div>\n<p style=\"text-align: right\"><span style=\"font-family: verdana, geneva\"><span style=\"font-size: small\"><a href=\"#\" class=\"top\">Inicio ^<\/a><\/span><\/span><\/p>\n<p><strong><span style=\"font-family: verdana,geneva;color: #21759b\"><span style=\"font-size: small\">EQUIPO<\/span><\/span><\/strong><\/p>\n<p>INVESTIGADOR PRINCIPAL:<\/p>\n<p style=\"padding-left: 30px\"><b>Agust\u00edn Hern\u00e1ndez Aja<\/b>, doctor arquitecto, Catedr\u00e1tico de Universidad <span style=\"color: #21759b\"><a title=\"Departamento de Urban\u00edstica y Ordenaci\u00f3n del Territorio\" href=\"https:\/\/duyot.aq.upm.es\/\" target=\"_blank\" rel=\"noopener noreferrer\"><span style=\"color: #21759b\">Dpto. de Urban\u00edstica y Ordenaci\u00f3n del Territorio<\/span><\/a><\/span> y miembro del Grupo de Investigaci\u00f3n en Arquitectura, Urbanismo y Sostenibilidad (<a href=\"https:\/\/vps181.cesvima.upm.es\/\">GIAU+S<\/a>) de la <span style=\"color: #21759b\"><a title=\"Escuela T\u00e9cnica Superior de Arquitectura de Madrid\" href=\"http:\/\/etsamadrid.aq.upm.es\/\" target=\"_blank\" rel=\"noopener noreferrer\">ETSAM<\/a>\/<\/span><a title=\"Universidad Polit\u00e9cnica de Madrid\" href=\"http:\/\/www.upm.es\/institucional\" target=\"_blank\" rel=\"noopener noreferrer\"><span style=\"color: #21759b\"><span style=\"color: #21759b\">UPM<\/span><\/span><\/a><\/p>\n<p>EQUIPO DE INVESTIGACI\u00d3N<\/p>\n<p style=\"padding-left: 40px\"><strong>Mar\u00eda Victoria Paloma G\u00f3mez Garc\u00eda<\/strong>, doctora en sociolog\u00eda, profesora titular del Dpto. de An\u00e1lisis Social de la <a href=\"http:\/\/www.uc3m.es\/portal\/page\/portal\/facul_ccssjj\/\">Facultad de Ciencias Sociales y Jur\u00eddicas<\/a>\u00a0de la\u00a0<a href=\"https:\/\/www.uc3m.es\/inicio\">Universidad Carlos III<\/a> y miembro del Grupo de Investigaci\u00f3n <a href=\"http:\/\/portal.uc3m.es\/portal\/page\/portal\/grupos_investigacion\/trabajo\">Familia, Trabajo y G\u00e9nero<\/a>.\u00a0<\/p>\n<p style=\"padding-left: 40px\"><strong>\u00d3scar Carpintero Redondo<\/strong>, doctor en Econom\u00eda, profesor contratado doctor en el Departamento de Econom\u00eda\u00a0 Aplicada de la <a href=\"http:\/\/www.eco.uva.es\/\">Facultad de Econ\u00f3micas y Empresariales<\/a> de la <a href=\"http:\/\/www.uva.es\/export\/sites\/uva\/\">Universidad de Valladolid<\/a> y miembro del Grupo de\u00a0 Investigaci\u00f3n Energ\u00eda, Econom\u00eda y Din\u00e1mica de Sistemas (<a href=\"https:\/\/geeds.es\/\">GEEDS<\/a>).\u00a0<\/p>\n<p style=\"padding-left: 40px\"><strong>Mar\u00eda Rosario Alonso Ib\u00e1\u00f1ez<\/strong>, doctora en Derecho, Catedr\u00e1tica de Universidad <a href=\"http:\/\/derpublico.uniovi.es\/departamento\">Dpto. de Derecho P\u00fablico<\/a> en la\u00a0 <a href=\"http:\/\/www.uniovi.es\/\">Universidad de Oviedo<\/a> y miembro del Grupo de Investigaci\u00f3n Estudios Jur\u00eddico-Sociales sobre Territorio y Desarrollo Urbano Sostenible (<a href=\"http:\/\/gtds.grupos.uniovi.es\/\">GTDS<\/a>).<\/p>\n<p style=\"padding-left: 40px\"><strong>Ester Higueras Garc\u00eda<\/strong>, doctora arquitecta y profesora titular del <span style=\"color: #21759b\"><a title=\"Departamento de Urban\u00edstica y Ordenaci\u00f3n del Territorio\" href=\"https:\/\/duyot.aq.upm.es\/\" target=\"_blank\" rel=\"noopener noreferrer\">Dpto. de Urban\u00edstica y Ordenaci\u00f3n del Territorio<\/a><\/span> y miembro del Grupo de Investigaci\u00f3n Arquitectura Bioclim\u00e1tica en un entorno sostenible (<a href=\"http:\/\/abio-upm.org\/\">ABIO<\/a>).<\/p>\n<p style=\"padding-left: 40px\"><strong>\u00c1ngel Aparicio Mourelo<\/strong>, doctor ingeniero de Caminos, Canales y Puertos y profesor titular del Dpto. Ingenier\u00eda\u00a0 Civil Transportes de la\u00a0<a href=\"http:\/\/www.caminos.upm.es\/\">ETSI CCP<\/a>\/<a href=\"http:\/\/www.upm.es\/institucional\">UPM<\/a> y miembro del Grupo de Investigaci\u00f3n <a href=\"http:\/\/www.transyt.upm.es\/index.php\/es\/\">TRANSyT<\/a>: Centro de Investigaci\u00f3n del Transporte.<\/p>\n<p style=\"padding-left: 40px\"><strong>Juan Luis de las Rivas<\/strong>, doctor arquitecto, Catedr\u00e1tico de Universidad\u00a0 <a href=\"http:\/\/www3.uva.es\/iuu\/\">Instituto Universitario de Urban\u00edstica<\/a> de la <a href=\"http:\/\/www.arquitectura.uva.es\/\">Escuela T\u00e9cnica Superior de Arquitectura<\/a> y miembro del Grupo de Investigaci\u00f3n en GIR Planificaci\u00f3n Territorial y Urban\u00edstica.\u00a0<\/p>\n<p style=\"padding-left: 40px\"><strong>Rafael\u00a0 Mata Olmo<\/strong>, doctor en Geograf\u00eda, Catedr\u00e1tico de Universidad <a href=\"http:\/\/www.uam.es\/FyL\/Home.htm\">Facultad de Filosof\u00eda y Letras<\/a> de la Universidad Aut\u00f3noma de Madrid y miembro del Grupo de Investigaci\u00f3n Paisaje y territorio en Espa\u00f1a, Europa\u00a0 mediterr\u00e1nea y Am\u00e9rica Latina (<a href=\"https:\/\/paisajeterritoriouam.es\/\">PAYTEMAL<\/a>).\u00a0<\/p>\n<p>EQUIPO DE TRABAJO<\/p>\n<p style=\"padding-left: 40px\">MIEMBROS DEL <a href=\"https:\/\/vps181.cesvima.upm.es\/\">GIAU+S<\/a><\/p>\n<p style=\"padding-left: 40px\"><strong>Isabel Gonz\u00e1lez Garc\u00eda<\/strong>, doctora arquitecta, Contratada Doctora del <a title=\"Departamento de Urban\u00edstica y Ordenaci\u00f3n del Territorio\" href=\"https:\/\/duyot.aq.upm.es\/\" target=\"_blank\" rel=\"noopener noreferrer\">Dpto. de Urban\u00edstica y Ordenaci\u00f3n del Territorio<\/a>\u00a0y miembro del\u00a0<a title=\"giau+s\" href=\"http:\/\/habitat.aq.upm.es\/gi\/\" target=\"_blank\" rel=\"noopener noreferrer\">GIAU+S<\/a>\u00a0de la\u00a0<a title=\"Escuela T\u00e9cnica Superior de Arquitectura de Madrid\" href=\"http:\/\/etsamadrid.aq.upm.es\/\" target=\"_blank\" rel=\"noopener noreferrer\">ETSAM<\/a>\/<a title=\"Universidad Polit\u00e9cnica de Madrid\" href=\"http:\/\/www.upm.es\/institucional\" target=\"_blank\" rel=\"noopener noreferrer\">UPM<\/a>.<\/p>\n<p style=\"padding-left: 40px\"><strong>Emilia Rom\u00e1n L\u00f3pez<\/strong>, doctora arquitecta, profesora Ayudante Doctora del <a title=\"Departamento de Urban\u00edstica y Ordenaci\u00f3n del Territorio\" href=\"https:\/\/duyot.aq.upm.es\/\" target=\"_blank\" rel=\"noopener noreferrer\">Dpto. de Urban\u00edstica y Ordenaci\u00f3n del Territorio<\/a>\u00a0y miembro del\u00a0<a title=\"giau+s\" href=\"http:\/\/habitat.aq.upm.es\/gi\/\" target=\"_blank\" rel=\"noopener noreferrer\">GIAU+S<\/a>\u00a0de la\u00a0<a title=\"Escuela T\u00e9cnica Superior de Arquitectura de Madrid\" href=\"http:\/\/etsamadrid.aq.upm.es\/\" target=\"_blank\" rel=\"noopener noreferrer\">ETSAM<\/a>\/<a title=\"Universidad Polit\u00e9cnica de Madrid\" href=\"http:\/\/www.upm.es\/institucional\" target=\"_blank\" rel=\"noopener noreferrer\">UPM<\/a>.<\/p>\n<p style=\"padding-left: 40px\"><strong>Rafael C\u00f3rdoba Hern\u00e1ndez<\/strong>, arquitecto, profesor asociado del\u00a0<a title=\"Departamento de Urban\u00edstica y Ordenaci\u00f3n del Territorio\" href=\"https:\/\/duyot.aq.upm.es\/\" target=\"_blank\" rel=\"noopener noreferrer\">Dpto. de Urban\u00edstica y Ordenaci\u00f3n del Territorio<\/a>\u00a0y miembro del\u00a0<a title=\"giau+s\" href=\"http:\/\/habitat.aq.upm.es\/gi\/\" target=\"_blank\" rel=\"noopener noreferrer\">GIAU+S<\/a>\u00a0de la\u00a0<a title=\"Escuela T\u00e9cnica Superior de Arquitectura de Madrid\" href=\"http:\/\/etsamadrid.aq.upm.es\/\" target=\"_blank\" rel=\"noopener noreferrer\">ETSAM<\/a>\/<a title=\"Universidad Polit\u00e9cnica de Madrid\" href=\"http:\/\/www.upm.es\/institucional\" target=\"_blank\" rel=\"noopener noreferrer\">UPM<\/a>.<\/p>\n<p style=\"padding-left: 40px\"><strong>Cristina Fern\u00e1ndez Ram\u00edrez<\/strong>, arquitecta, profesora asociada del <a title=\"Departamento de Urban\u00edstica y Ordenaci\u00f3n del Territorio\" href=\"https:\/\/duyot.aq.upm.es\/\" target=\"_blank\" rel=\"noopener noreferrer\">Dpto. de Urban\u00edstica y Ordenaci\u00f3n del Territorio<\/a>\u00a0y miembro del\u00a0<a title=\"giau+s\" href=\"http:\/\/habitat.aq.upm.es\/gi\/\" target=\"_blank\" rel=\"noopener noreferrer\">GIAU+S<\/a>\u00a0de la\u00a0<a title=\"Escuela T\u00e9cnica Superior de Arquitectura de Madrid\" href=\"http:\/\/etsamadrid.aq.upm.es\/\" target=\"_blank\" rel=\"noopener noreferrer\">ETSAM<\/a>\/<a title=\"Universidad Polit\u00e9cnica de Madrid\" href=\"http:\/\/www.upm.es\/institucional\" target=\"_blank\" rel=\"noopener noreferrer\">UPM<\/a>.<\/p>\n<p style=\"padding-left: 40px\"><strong>Iv\u00e1n Rodr\u00edguez Su\u00e1rez<\/strong>, arquitecto, profesor asociado del\u00a0<a title=\"Departamento de Urban\u00edstica y Ordenaci\u00f3n del Territorio\" href=\"https:\/\/duyot.aq.upm.es\/\" target=\"_blank\" rel=\"noopener noreferrer\">Dpto. de Urban\u00edstica y Ordenaci\u00f3n del Territorio<\/a>\u00a0y miembro del\u00a0<a title=\"giau+s\" href=\"http:\/\/habitat.aq.upm.es\/gi\/\" target=\"_blank\" rel=\"noopener noreferrer\">GIAU+S<\/a>\u00a0de la\u00a0<a title=\"Escuela T\u00e9cnica Superior de Arquitectura de Madrid\" href=\"http:\/\/etsamadrid.aq.upm.es\/\" target=\"_blank\" rel=\"noopener noreferrer\">ETSAM<\/a>\/<a title=\"Universidad Polit\u00e9cnica de Madrid\" href=\"http:\/\/www.upm.es\/institucional\" target=\"_blank\" rel=\"noopener noreferrer\">UPM<\/a>.<\/p>\n<p style=\"padding-left: 40px\"><strong>Ana S\u00e1nz Fern\u00e1ndez<\/strong>, arquitecta, investigadora del <a title=\"Departamento de Urban\u00edstica y Ordenaci\u00f3n del Territorio\" href=\"https:\/\/duyot.aq.upm.es\/\" target=\"_blank\" rel=\"noopener noreferrer\">Dpto. de Urban\u00edstica y Ordenaci\u00f3n del Territorio<\/a>\u00a0de la\u00a0<a title=\"Escuela T\u00e9cnica Superior de Arquitectura de Madrid\" href=\"http:\/\/etsamadrid.aq.upm.es\/\" target=\"_blank\" rel=\"noopener noreferrer\">ETSAM<\/a>\/<a title=\"Universidad Polit\u00e9cnica de Madrid\" href=\"http:\/\/www.upm.es\/institucional\" target=\"_blank\" rel=\"noopener noreferrer\">UPM<\/a>.<\/p>\n<p style=\"padding-left: 40px\"><strong>Ana D\u00edez Bermejo<\/strong>, arquitecta, investigadora del <a title=\"Departamento de Urban\u00edstica y Ordenaci\u00f3n del Territorio\" href=\"https:\/\/duyot.aq.upm.es\/\" target=\"_blank\" rel=\"noopener noreferrer\">Dpto. de Urban\u00edstica y Ordenaci\u00f3n del Territorio<\/a>\u00a0de la\u00a0<a title=\"Escuela T\u00e9cnica Superior de Arquitectura de Madrid\" href=\"http:\/\/etsamadrid.aq.upm.es\/\" target=\"_blank\" rel=\"noopener noreferrer\">ETSAM<\/a>\/<a title=\"Universidad Polit\u00e9cnica de Madrid\" href=\"http:\/\/www.upm.es\/institucional\" target=\"_blank\" rel=\"noopener noreferrer\">UPM<\/a>. Investigadora contratada con cargo a proyecto.<\/p>\n<p style=\"padding-left: 40px\"><strong>Gonzalo S\u00e1nchez-Toscano Salgado<\/strong>, arquitecto, investigador del\u00a0<a title=\"Departamento de Urban\u00edstica y Ordenaci\u00f3n del Territorio\" href=\"https:\/\/duyot.aq.upm.es\/\" target=\"_blank\" rel=\"noopener noreferrer\">Dpto. de Urban\u00edstica y Ordenaci\u00f3n del Territorio<\/a>\u00a0de la\u00a0<a title=\"Escuela T\u00e9cnica Superior de Arquitectura de Madrid\" href=\"http:\/\/etsamadrid.aq.upm.es\/\" target=\"_blank\" rel=\"noopener noreferrer\">ETSAM<\/a>\/<a title=\"Universidad Polit\u00e9cnica de Madrid\" href=\"http:\/\/www.upm.es\/institucional\" target=\"_blank\" rel=\"noopener noreferrer\">UPM<\/a>.<\/p>\n<p style=\"padding-left: 40px\"><strong>Jose Manuel G\u00f3mez Gim\u00e9nez<\/strong>, arquitecto, graduado en ciencia pol\u00edtica y administraci\u00f3n, investigador en formaci\u00f3n de la <a href=\"http:\/\/www.upm.es\/institucional\">Universidad Polit\u00e9cnica de Madrid<\/a> en el\u00a0 <a title=\"Departamento de Urban\u00edstica y Ordenaci\u00f3n del Territorio\" href=\"https:\/\/duyot.aq.upm.es\/\" target=\"_blank\" rel=\"noopener noreferrer\">Dpto. de Urban\u00edstica y Ordenaci\u00f3n del Territorio<\/a>\u00a0de la\u00a0<a title=\"Escuela T\u00e9cnica Superior de Arquitectura de Madrid\" href=\"http:\/\/etsamadrid.aq.upm.es\/\" target=\"_blank\" rel=\"noopener noreferrer\">ETSAM<\/a><\/p>\n<p style=\"padding-left: 40px\"><strong>Lucas \u00c1lvarez del Valle<\/strong>, arquitecto, investigador del\u00a0<a title=\"Departamento de Urban\u00edstica y Ordenaci\u00f3n del Territorio\" href=\"https:\/\/duyot.aq.upm.es\/\" target=\"_blank\" rel=\"noopener noreferrer\">Dpto. de Urban\u00edstica y Ordenaci\u00f3n del Territorio<\/a>\u00a0de la\u00a0<a title=\"Escuela T\u00e9cnica Superior de Arquitectura de Madrid\" href=\"http:\/\/etsamadrid.aq.upm.es\/\" target=\"_blank\" rel=\"noopener noreferrer\">ETSAM<\/a>\/<a title=\"Universidad Polit\u00e9cnica de Madrid\" href=\"http:\/\/www.upm.es\/institucional\" target=\"_blank\" rel=\"noopener noreferrer\">UPM<\/a>.<\/p>\n<p style=\"padding-left: 40px\"><strong>Andr\u00e9s Viedma Guiard<\/strong>, arquitecto, investigador del\u00a0<a title=\"Departamento de Urban\u00edstica y Ordenaci\u00f3n del Territorio\" href=\"https:\/\/duyot.aq.upm.es\/\" target=\"_blank\" rel=\"noopener noreferrer\">Dpto. de Urban\u00edstica y Ordenaci\u00f3n del Territorio<\/a>\u00a0de la\u00a0<a title=\"Escuela T\u00e9cnica Superior de Arquitectura de Madrid\" href=\"http:\/\/etsamadrid.aq.upm.es\/\" target=\"_blank\" rel=\"noopener noreferrer\">ETSAM<\/a>\/<a title=\"Universidad Polit\u00e9cnica de Madrid\" href=\"http:\/\/www.upm.es\/institucional\" target=\"_blank\" rel=\"noopener noreferrer\">UPM<\/a>. Investigador contratado con cargo a proyecto.<\/p>\n<p style=\"padding-left: 40px\">\u00a0<\/p>\n<p>DATOS DEL PROYECTO<\/p>\n<table border=\"0\" cellspacing=\"1\" cellpadding=\"1\" align=\"left\">\n<tbody>\n<tr>\n<td style=\"width: 190px\" align=\"left\" valign=\"middle\"><strong>Entidad de realizaci\u00f3n<\/strong><\/td>\n<td style=\"width: 994px\" align=\"left\" valign=\"middle\">Departamento de Urban\u00edstica y Ordenaci\u00f3n del Territorio. Escuela T\u00e9cnica Superior de Arquitectura de la Universidad Polit\u00e9cnica de Madrid.<\/td>\n<\/tr>\n<tr>\n<td style=\"width: 190px\" align=\"left\" valign=\"middle\"><strong>Entidad Financiadora<\/strong><\/td>\n<td style=\"width: 994px\" align=\"left\" valign=\"middle\">MICIU. Plan Estatal de Investigaci\u00f3n Cient\u00edfica y T\u00e9cnica y de Innovaci\u00f3n 2017-2020. Agencia Estatal de Investigaci\u00f3n. Acciones de dinamizaci\u00f3n \u00abRedes de Investigaci\u00f3n\u00bb. Convocatoria 2018<\/td>\n<\/tr>\n<tr>\n<td style=\"width: 190px\" align=\"left\" valign=\"middle\"><strong>Fecha de inicio<\/strong><\/td>\n<td style=\"width: 994px\" align=\"left\" valign=\"middle\">11\/2019*<\/td>\n<\/tr>\n<tr align=\"left\" valign=\"middle\">\n<td style=\"width: 190px\" align=\"left\" valign=\"middle\"><strong>Duraci\u00f3n<\/strong><\/td>\n<td style=\"width: 994px\" align=\"left\" valign=\"middle\">24\u00a0meses*<\/td>\n<\/tr>\n<tr align=\"left\" valign=\"middle\">\n<td style=\"width: 190px\" align=\"left\" valign=\"middle\"><strong>Cuant\u00eda total<\/strong><\/td>\n<td style=\"width: 994px\" align=\"left\" valign=\"middle\">20.000\u20ac<\/td>\n<\/tr>\n<tr>\n<td style=\"width: 190px\" align=\"left\" valign=\"middle\"><strong>C\u00f3digo<\/strong><\/td>\n<td style=\"width: 994px\" align=\"left\" valign=\"middle\"><span style=\"color: #000000\">RED2018-102795-T\u00a0<\/span><\/td>\n<\/tr>\n<\/tbody>\n<\/table>\n\n\n<p><\/p>\n","protected":false},"excerpt":{"rendered":"<p>Equipo\u2502 Datos del Proyecto \u2502 Resumen Ejecutivo (pdf) RESILIENCIA: ESPACIOS DE ADAPTACI\u00d3N DE NUESTRAS CIUDADES A LOS NUEVOS RETOS URBANOS-RE-ADAP RED2018-102795-T\u00a0 Las estrategias urbanas recientes, como los Objetivos de Desarrollo Sostenible (ODS), la Nueva Agenda Urbana (NUA), la Agenda Urbana-UE (AU-UE) o la Agenda Urbana Espa\u00f1ola (AUE), consideran la resiliencia como uno de los principales [&hellip;]<\/p>\n","protected":false},"author":2,"featured_media":392,"parent":6,"menu_order":21,"comment_status":"closed","ping_status":"closed","template":"","meta":{"_monsterinsights_skip_tracking":false,"_monsterinsights_sitenote_active":false,"_monsterinsights_sitenote_note":"","_monsterinsights_sitenote_category":0,"_genesis_hide_title":false,"_genesis_hide_breadcrumbs":false,"_genesis_hide_singular_image":false,"_genesis_hide_footer_widgets":false,"_genesis_custom_body_class":"","_genesis_custom_post_class":"","_genesis_layout":"","footnotes":""},"investigador":[233],"tipos-paginas":[117],"coauthors":[165],"class_list":{"0":"post-7828","1":"page","2":"type-page","3":"status-publish","4":"has-post-thumbnail","6":"investigador-ivan-rodriguez-suarez","7":"tipos-paginas-proyectos","8":"entry"},"aioseo_notices":[],"jetpack_sharing_enabled":true,"_links":{"self":[{"href":"https:\/\/vps181.cesvima.upm.es\/re-hab\/wp-json\/wp\/v2\/pages\/7828","targetHints":{"allow":["GET"]}}],"collection":[{"href":"https:\/\/vps181.cesvima.upm.es\/re-hab\/wp-json\/wp\/v2\/pages"}],"about":[{"href":"https:\/\/vps181.cesvima.upm.es\/re-hab\/wp-json\/wp\/v2\/types\/page"}],"author":[{"embeddable":true,"href":"https:\/\/vps181.cesvima.upm.es\/re-hab\/wp-json\/wp\/v2\/users\/2"}],"replies":[{"embeddable":true,"href":"https:\/\/vps181.cesvima.upm.es\/re-hab\/wp-json\/wp\/v2\/comments?post=7828"}],"version-history":[{"count":65,"href":"https:\/\/vps181.cesvima.upm.es\/re-hab\/wp-json\/wp\/v2\/pages\/7828\/revisions"}],"predecessor-version":[{"id":10356,"href":"https:\/\/vps181.cesvima.upm.es\/re-hab\/wp-json\/wp\/v2\/pages\/7828\/revisions\/10356"}],"up":[{"embeddable":true,"href":"https:\/\/vps181.cesvima.upm.es\/re-hab\/wp-json\/wp\/v2\/pages\/6"}],"wp:featuredmedia":[{"embeddable":true,"href":"https:\/\/vps181.cesvima.upm.es\/re-hab\/wp-json\/wp\/v2\/media\/392"}],"wp:attachment":[{"href":"https:\/\/vps181.cesvima.upm.es\/re-hab\/wp-json\/wp\/v2\/media?parent=7828"}],"wp:term":[{"taxonomy":"investigador","embeddable":true,"href":"https:\/\/vps181.cesvima.upm.es\/re-hab\/wp-json\/wp\/v2\/investigador?post=7828"},{"taxonomy":"tipos-paginas","embeddable":true,"href":"https:\/\/vps181.cesvima.upm.es\/re-hab\/wp-json\/wp\/v2\/tipos-paginas?post=7828"},{"taxonomy":"author","embeddable":true,"href":"https:\/\/vps181.cesvima.upm.es\/re-hab\/wp-json\/wp\/v2\/coauthors?post=7828"}],"curies":[{"name":"wp","href":"https:\/\/api.w.org\/{rel}","templated":true}]}}