{"id":1373,"date":"2015-06-03T21:40:33","date_gmt":"2015-06-03T19:40:33","guid":{"rendered":"http:\/\/www2.aq.upm.es\/Departamentos\/Urbanismo\/blogs\/paec-sp\/?page_id=1373"},"modified":"2015-06-03T21:40:33","modified_gmt":"2015-06-03T19:40:33","slug":"envi-med-agri-med","status":"publish","type":"page","link":"https:\/\/vps181.cesvima.upm.es\/urb-sis-agra\/paec-sp\/envi-med-agri-med\/","title":{"rendered":"2015-2016 ENVI-Med. Agri-Med"},"content":{"rendered":"<h2>Vers un r\u00e9seau m\u00e9diterran\u00e9en sur les dynamiques des usages des sols agricoles, \u00e0 l\u2019\u00e9chelle du bassin<\/h2>\n<p><strong>Main Researcher: Claude NAPOLEONE<\/strong> et<strong> Marta DEBOLINI<\/strong>, Institut national pour la Recherche Agronomique (INRA) \u2013 unit\u00e9s Ecod\u00e9veloppement et EMMAH<\/p>\n<p>The AgroMed project aims to develop a methodological approach for an integrated analysis of agricultural land use dynamics at the Mediterranean basin scale. It will be<br \/>\nbased on a comparison of different approaches and results already obtained by the partners and tested on existing study areas. This methodological approach will represent the basis for a more ambitious international research project, to be built during the program.<\/p>\n<p>Participating teams already knows each-others and they are already working on this subject. The aim is then to put them in connection in order to improve the efficacy of their<br \/>\nown researches.<\/p>\n<p>Researcher from GIAUs involved in the project: Marian SIMON ROJO<\/p>\n","protected":false},"excerpt":{"rendered":"<p>Vers un r\u00e9seau m\u00e9diterran\u00e9en sur les dynamiques des usages des sols agricoles, \u00e0 l\u2019\u00e9chelle du bassin Main Researcher: Claude NAPOLEONE et Marta DEBOLINI, Institut national pour la Recherche Agronomique (INRA) \u2013 unit\u00e9s Ecod\u00e9veloppement et EMMAH The AgroMed project aims to develop a methodological approach for an integrated analysis of agricultural land use dynamics at the [&hellip;]<\/p>\n","protected":false},"author":24,"featured_media":0,"parent":1629,"menu_order":5,"comment_status":"open","ping_status":"closed","template":"","meta":{"_genesis_hide_title":false,"_genesis_hide_breadcrumbs":false,"_genesis_hide_singular_image":false,"_genesis_hide_footer_widgets":false,"_genesis_custom_body_class":"","_genesis_custom_post_class":"","_genesis_layout":"","jetpack_post_was_ever_published":false,"footnotes":""},"coauthors":[],"class_list":{"0":"post-1373","1":"page","2":"type-page","3":"status-publish","5":"entry"},"aioseo_notices":[],"featured_image_src":null,"featured_image_src_square":null,"jetpack_sharing_enabled":true,"_links":{"self":[{"href":"https:\/\/vps181.cesvima.upm.es\/urb-sis-agra\/wp-json\/wp\/v2\/pages\/1373","targetHints":{"allow":["GET"]}}],"collection":[{"href":"https:\/\/vps181.cesvima.upm.es\/urb-sis-agra\/wp-json\/wp\/v2\/pages"}],"about":[{"href":"https:\/\/vps181.cesvima.upm.es\/urb-sis-agra\/wp-json\/wp\/v2\/types\/page"}],"author":[{"embeddable":true,"href":"https:\/\/vps181.cesvima.upm.es\/urb-sis-agra\/wp-json\/wp\/v2\/users\/24"}],"replies":[{"embeddable":true,"href":"https:\/\/vps181.cesvima.upm.es\/urb-sis-agra\/wp-json\/wp\/v2\/comments?post=1373"}],"version-history":[{"count":0,"href":"https:\/\/vps181.cesvima.upm.es\/urb-sis-agra\/wp-json\/wp\/v2\/pages\/1373\/revisions"}],"up":[{"embeddable":true,"href":"https:\/\/vps181.cesvima.upm.es\/urb-sis-agra\/wp-json\/wp\/v2\/pages\/1629"}],"wp:attachment":[{"href":"https:\/\/vps181.cesvima.upm.es\/urb-sis-agra\/wp-json\/wp\/v2\/media?parent=1373"}],"wp:term":[{"taxonomy":"author","embeddable":true,"href":"https:\/\/vps181.cesvima.upm.es\/urb-sis-agra\/wp-json\/wp\/v2\/coauthors?post=1373"}],"curies":[{"name":"wp","href":"https:\/\/api.w.org\/{rel}","templated":true}]}}