{"id":1629,"date":"2012-02-13T11:41:21","date_gmt":"2012-02-13T11:41:21","guid":{"rendered":"http:\/\/www2.aq.upm.es\/Departamentos\/Urbanismo\/blogs\/paec-sp\/?page_id=6"},"modified":"2026-01-26T21:09:27","modified_gmt":"2026-01-26T20:09:27","slug":"paec-sp","status":"publish","type":"page","link":"https:\/\/vps181.cesvima.upm.es\/urb-sis-agra\/paec-sp\/","title":{"rendered":"Proyectos de investigaci\u00f3n"},"content":{"rendered":"<p><!-- Global site tag (gtag.js) - Google Analytics --><\/p>\n<p><!--:es--><span style=\"font-family: arial,helvetica,sans-serif\">El GIAU+S desarrolla desde hace a\u00f1os una l\u00ednea de investigaci\u00f3n centrada en el espacio periurbano. Se han realizado diversos estudios que inciden especialmente en la situaci\u00f3n actual y las potencialidades de los espacios agrarios que por la expansi\u00f3n y las din\u00e1micas urbanas y econ\u00f3micas parecen estar en declive y haber perdido gran parte de sus funciones hist\u00f3ricas. Sin embargo todo apunta hacia un resurgir de estos espacios que despiertan un creciente inter\u00e9s por su potencial para mejorar la sostenibilidad social y ecol\u00f3gica de nuestras urbes<\/span><\/p>\n<ul>\n<li>2025-2027 <a href=\"https:\/\/vps181.cesvima.upm.es\/urb-sis-agra\/2025-2027-espacios-agrarios-amortiuamiento-red-iv-bufagri_futuregreen\/\">Espacios agrarios como zonas de amortiguamiento de la Red Nacional de Infraestructura Verde<\/a> dentro del proyecto Coordinado FUTUREGREEN<\/li>\n<li>\u00a02024-2028 <a href=\"https:\/\/webgate.ec.europa.eu\/life\/publicWebsite\/project\/LIFE23-ENV-ES-LIFE-SeedNEB-101148064\/beautifying-cities-through-nature-implementation-of-biodiversity-friendly-nbs-framed-by-the-new-european-bauhaus-in-3-pilot-neighbourhoods-of-spain-italy-and-hungary\">Beautifying cities through nature: implementation of biodiversity-friendly NBS framed by the New European Bauhaus in 3 pilot neighbourhoods of Spain, Italy and Hungary<\/a><\/li>\n<li>2022-2025 <a href=\"https:\/\/vps181.cesvima.upm.es\/re-hab\/category\/plan-estatal-idi-2021-2023\/urb_int-pid2021-126190ob-i00\/\">Estrategias para la transici\u00f3n ecosocial de las grandes \u00e1reas urbanas espa\u00f1olas en un escenario de crisis clim\u00e1tica y escasez de recursos<\/a> (URB_inT)<\/li>\n<li>2022-2024 <a href=\"https:\/\/wiki.landscape-portal.org\/index.php?title=AESOP4FOOD\">Action for Education, Spatial organisation and Planning for Sustainable Food<\/a> (AESOP4FOOD)<\/li>\n<li>2023-2024 Urbanismo y ordenaci\u00f3n del territorio en la transici\u00f3n hacia sistemas alimentarios relocalizados<\/li>\n<li>2021-2023 <a href=\"https:\/\/oa.upm.es\/76624\/1\/GuiaUrbanismo-Sistemas-Agroecologicos_b.pdf\">Trabajos t\u00e9cnicos para impulsar el planeamiento urban\u00edstico de sistemas alimentarios en el municipio de Val\u00e9ncia<\/a><\/li>\n<li>2020 <a href=\"https:\/\/oa.upm.es\/69118\/1\/2021SimonRojoetal-SuelosAgrariosAbandonados.pdf\">Suelos agrarios abandonados en el \u00c1rea Metropolitana de Madrid y estrategias de recuperaci\u00f3n<\/a><\/li>\n<li>2018-2020 <a href=\"https:\/\/vps181.cesvima.upm.es\/urb-sis-agra\/paec-sp\/2018-2020-pausa-plataforma-de-investigaciones-en-agricultura-ecologica-urbanismo-y-sistemas-alimentarios\/\">PAUSA, Plataforma de investigaciones en Agricultura Ecol\u00f3gica, Urbanismo y Sistemas Alimentarios<\/a><\/li>\n<li>2017-2020 <a href=\"https:\/\/vps181.cesvima.upm.es\/urb-sis-agra\/paec-sp\/2017-2020-divercrop\/\">Land system dynamics in the Mediterranean basin across scales as relevant indicator for species diversity and local food systems<\/a> (DIVERCROP)<\/li>\n<li>2015-2016 ENVI-Med. Agri-Med<\/li>\n<li>2012-2016. <a href=\"http:\/\/www2.aq.upm.es\/Departamentos\/Urbanismo\/blogs\/paec-sp\/es\/paec-sp\/urban-agriculture-europe-uae\/\">COST Action. Agricultura Urbana en Europa (UAE<\/a>)<\/li>\n<li>2012-2016. <a href=\"http:\/\/www2.aq.upm.es\/Departamentos\/Urbanismo\/blogs\/paec-sp\/es\/paec-sp\/2012-2016-cost-action-urban-allotment-gardens\/\">COST Action. Urban Allotment Gardens<\/a><\/li>\n<li>2014-2015 FECYT. FCT-14-9456 Aranjuez, un oasis en la vega del Tajo. Descubriendo los servicios de los ecosistemas agrarios periurbanos<\/li>\n<li>2012-2014. <a href=\"http:\/\/www2.aq.upm.es\/Departamentos\/Urbanismo\/blogs\/paec-sp\/es\/paec-sp\/2012-2014-paec-sp\/\">Integraci\u00f3n de los espacios agrarios periurbanos en la planificaci\u00f3n urbana y territorial, PAEc-SP <\/a><\/li>\n<li>2012. <a href=\"http:\/\/www2.aq.upm.es\/Departamentos\/Urbanismo\/blogs\/paec-sp\/es\/paec-sp\/seminario-internacional-paec-sp-noviembre-2012\/\">Seminario Internacional PAEc-SP<\/a><\/li>\n<li>2012. <a href=\"http:\/\/www2.aq.upm.es\/Departamentos\/Urbanismo\/blogs\/paec-sp\/es\/paec-sp\/2012-estudio-para-la-articulacion-de-un-parque-agrario-en-el-valle-del-guadalhorce\/\">Estudio para la articulaci\u00f3n de un parque agrario en el Valle del Guadalhorce<\/a><\/li>\n<li>2010. <a href=\"http:\/\/www2.aq.upm.es\/Departamentos\/Urbanismo\/blogs\/paec-sp\/es\/paec-sp\/el-espacio-agricola-entre-el-campo-y-la-ciudad\/\">El espacio agr\u00edcola entre el campo y la ciudad<\/a><\/li>\n<li>2008. <a href=\"http:\/\/www2.aq.upm.es\/Departamentos\/Urbanismo\/blogs\/paec-sp\/es\/paec-sp\/estudio-sobre-la-ocupacion-del-suelo-por-usos-urbano-industriales-aplicado-a-la-comunidad-de-madrid\/\">Estudio sobre la ocupaci\u00f3n del suelo por usos urbano-industriales, aplicado a la Comunidad de Madrid<\/a><\/li>\n<\/ul>\n<p><span style=\"font-family: arial,helvetica,sans-serif\">OTRAS LINEAS DE INVESTIGACION DEL GIAU+S:<\/span><\/p>\n<p><span style=\"font-family: arial,helvetica,sans-serif\"> <a href=\"http:\/\/www2.aq.upm.es\/Departamentos\/Urbanismo\/blogs\/re-hab\/proyectos-investigacion\/seminario-regeneracion-urbana-integrada-2930-y-31-octubre-2012-etsam\/\" target=\"_blank\" rel=\"noopener noreferrer\">Re-hab. Rehabilitaci\u00f3n y regeneraci\u00f3n urbana<\/a><\/span><\/p>\n<p><!--:--><!--:en--><span style=\"font-family: arial,helvetica,sans-serif\">GIAU + S has developed several research projects focused on periurban spaces, its nowadays situation and its potentialities. Although these spaces seem to be in decline and have lost its historic roles, due to urban sprawl and economic dynamics, a new dawn is on the horizon, as their potential to improve the social and ecological sustainability of our cities is increasingly being recognized.<\/span><\/p>\n<ul>\n<li>2012-2014. <a href=\"http:\/\/www2.aq.upm.es\/Departamentos\/Urbanismo\/blogs\/paec-sp\/es\/paec-sp\/2012-2014-paec-sp\/\">Periurban Agrarian ECosystems in Spatial Planning, PAEC<\/a><\/li>\n<li>2012-2016. <a href=\"http:\/\/www2.aq.upm.es\/Departamentos\/Urbanismo\/blogs\/paec-sp\/es\/paec-sp\/urban-agriculture-europe-uae\/\">COST Action. Urban Agriculture Europe (UAE)<\/a><\/li>\n<li>2012-2016. <a href=\"http:\/\/www2.aq.upm.es\/Departamentos\/Urbanismo\/blogs\/paec-sp\/es\/paec-sp\/2012-2016-cost-action-urban-allotment-gardens\/\">COST Action. Urban Allotment Gardens<\/a><\/li>\n<li>2012. <a href=\"http:\/\/www2.aq.upm.es\/Departamentos\/Urbanismo\/blogs\/paec-sp\/es\/paec-sp\/seminario-internacional-paec-sp-noviembre-2012\/\">International Seminar PAEc-SP<\/a><\/li>\n<li>2012. <a href=\"http:\/\/www2.aq.upm.es\/Departamentos\/Urbanismo\/blogs\/paec-sp\/es\/paec-sp\/2012-estudio-para-la-articulacion-de-un-parque-agrario-en-el-valle-del-guadalhorce\/\">Study of the implementation of an Agricultural Park in the Guadalhorce Valley<\/a><\/li>\n<li>2010.<a href=\"http:\/\/www2.aq.upm.es\/Departamentos\/Urbanismo\/blogs\/paec-sp\/es\/paec-sp\/el-espacio-agricola-entre-el-campo-y-la-ciudad\/\"> Agrarian land, between the city and the countryside<\/a><\/li>\n<li>2008. <a href=\"http:\/\/www2.aq.upm.es\/Departamentos\/Urbanismo\/blogs\/paec-sp\/es\/paec-sp\/estudio-sobre-la-ocupacion-del-suelo-por-usos-urbano-industriales-aplicado-a-la-comunidad-de-madrid\/\">Estudio sobre la ocupaci\u00f3n del suelo por usos urbano-industriales, aplicado a la Comunidad de Madrid<\/a><\/li>\n<\/ul>\n<p><span style=\"font-family: arial,helvetica,sans-serif\"><!--:--><\/span><\/p>\n","protected":false},"excerpt":{"rendered":"<p>El GIAU+S desarrolla desde hace a\u00f1os una l\u00ednea de investigaci\u00f3n centrada en el espacio periurbano. Se han realizado diversos estudios que inciden especialmente en la situaci\u00f3n actual y las potencialidades de los espacios agrarios que por la expansi\u00f3n y las din\u00e1micas urbanas y econ\u00f3micas parecen estar en declive y haber perdido gran parte de sus [&hellip;]<\/p>\n","protected":false},"author":22,"featured_media":0,"parent":0,"menu_order":0,"comment_status":"closed","ping_status":"closed","template":"","meta":{"_genesis_hide_title":false,"_genesis_hide_breadcrumbs":false,"_genesis_hide_singular_image":false,"_genesis_hide_footer_widgets":false,"_genesis_custom_body_class":"","_genesis_custom_post_class":"","_genesis_layout":"","jetpack_post_was_ever_published":false,"footnotes":""},"coauthors":[263],"class_list":{"0":"post-1629","1":"page","2":"type-page","3":"status-publish","5":"entry"},"aioseo_notices":[],"featured_image_src":null,"featured_image_src_square":null,"jetpack_sharing_enabled":true,"_links":{"self":[{"href":"https:\/\/vps181.cesvima.upm.es\/urb-sis-agra\/wp-json\/wp\/v2\/pages\/1629","targetHints":{"allow":["GET"]}}],"collection":[{"href":"https:\/\/vps181.cesvima.upm.es\/urb-sis-agra\/wp-json\/wp\/v2\/pages"}],"about":[{"href":"https:\/\/vps181.cesvima.upm.es\/urb-sis-agra\/wp-json\/wp\/v2\/types\/page"}],"author":[{"embeddable":true,"href":"https:\/\/vps181.cesvima.upm.es\/urb-sis-agra\/wp-json\/wp\/v2\/users\/22"}],"replies":[{"embeddable":true,"href":"https:\/\/vps181.cesvima.upm.es\/urb-sis-agra\/wp-json\/wp\/v2\/comments?post=1629"}],"version-history":[{"count":8,"href":"https:\/\/vps181.cesvima.upm.es\/urb-sis-agra\/wp-json\/wp\/v2\/pages\/1629\/revisions"}],"predecessor-version":[{"id":2350,"href":"https:\/\/vps181.cesvima.upm.es\/urb-sis-agra\/wp-json\/wp\/v2\/pages\/1629\/revisions\/2350"}],"wp:attachment":[{"href":"https:\/\/vps181.cesvima.upm.es\/urb-sis-agra\/wp-json\/wp\/v2\/media?parent=1629"}],"wp:term":[{"taxonomy":"author","embeddable":true,"href":"https:\/\/vps181.cesvima.upm.es\/urb-sis-agra\/wp-json\/wp\/v2\/coauthors?post=1629"}],"curies":[{"name":"wp","href":"https:\/\/api.w.org\/{rel}","templated":true}]}}