{"id":1687,"date":"2019-10-28T17:10:06","date_gmt":"2019-10-28T16:10:06","guid":{"rendered":"https:\/\/vps181.cesvima.upm.es\/urb-sis-agra\/?page_id=1687"},"modified":"2021-11-16T16:04:29","modified_gmt":"2021-11-16T15:04:29","slug":"aesop-sfp-agroecological-transitions","status":"publish","type":"page","link":"https:\/\/vps181.cesvima.upm.es\/urb-sis-agra\/paec-sp\/aesop-sfp-agroecological-transitions\/","title":{"rendered":"2018-2019 Conferencia AESOP-SFP Agroecological transitions confronting climate breakdown: Food planning for the post-carbon city"},"content":{"rendered":"\n<h2 class=\"wp-block-heading\">Programa Final de la Conferencia<\/h2>\n\n\n\n<p>El programa final se puede descargar <a href=\"https:\/\/drive.google.com\/open?id=1mnkkJo1l-jL73z70Gx-SAwvA7iprJbKU\">aqu\u00ed<\/a><\/p>\n\n\n\n<p><strong>(Side event) PhD Workshop Wednesday 6th November<\/strong>. Escuela de Arquitectura (Faculty <em>of Architecture<\/em>)<\/p>\n\n\n\n<p>12:30 \u2013 13:00: Registration \u2013 get to know each other \u2013 short individual presentation&nbsp;<\/p>\n\n\n\n<p>13:00 \u2013 14:00: Interactive training session&nbsp;<\/p>\n\n\n\n<p>14:00 \u2013 14:30: Lunch<\/p>\n\n\n\n<p>14:30 \u2013 16:00: Masterclass with Prof. Dr. Gonz\u00e1lez de Molina<\/p>\n\n\n\n<p>16:00 \u2013 16:15: Coffee break<\/p>\n\n\n\n<p>16:15 \u2013 17:00: Wrap up \u2013&nbsp; Paris 2020, next steps of AESOP PhD and YP Group<br><\/p>\n\n\n\n<p><strong>Thursday 7th November<\/strong>. Escuela de Arquitectura (Faculty <em>of Architecture<\/em>)<\/p>\n\n\n\n<p>8:30 &#8211; 9:15&nbsp;&nbsp; &nbsp;&nbsp;&nbsp; Registration<\/p>\n\n\n\n<p>9:15-9:45 &nbsp;&nbsp;&nbsp; Official Welcome and Opening Remarks<\/p>\n\n\n\n<p>Alberto Garrido, Vice Chancellor for Quality and Efficiency Universidad Polit\u00e9cnica de Madrid<\/p>\n\n\n\n<p>Jos\u00e9 Miguel Fde-G\u00fcell, Director Urban and Territorial Planning Department (UPM)<\/p>\n\n\n\n<p>Chiara Tornaghi, Chair AESOP-Sustainable Food Planning<\/p>\n\n\n\n<p>9:45-10:45&nbsp;&nbsp; Keynote Speaker. Manuel Gonz\u00e1lez de Molina (Pablo Olavide University) <em>\u201cHow to scale up Agroecology: Proposals for advancing the agroecological transition\u201d<\/em><br><\/p>\n\n\n\n<p>10:45-11:00 &nbsp;&nbsp;&nbsp; Coffee break<\/p>\n\n\n\n<p>11:00-12:15&nbsp;&nbsp;&nbsp; Parallel Sessions I<\/p>\n\n\n\n<p>Aula 1<\/p>\n\n\n\n<ul class=\"wp-block-list\"><li><em>Chairperson: Chiara Tornaghi&nbsp;<\/em><\/li><li>Innovations in farmland management to support a transition towards agro-ecology and more territorialized food systems.&nbsp;&nbsp;&nbsp; <em>Coline Perrin<\/em><\/li><li>Agricultural Landscapes of Densification. The Case of Luxembourg. <em>Ivonne Weichold<\/em><\/li><li>Strategic spatial planning and reorientation of the agro-food system in Valencia. Evaluating urban transformative capacities for sustainability. <em>Sergio Segura Calero and Nancy Sarabia**<\/em><\/li><li>Planning for food through agroparks: room for manoeuvre fostering sustainable farming. <em>Elke Vanempten**<\/em><\/li><\/ul>\n\n\n\n<p>&nbsp;&nbsp;&nbsp; Aula 2<\/p>\n\n\n\n<ul class=\"wp-block-list\"><li><em>Chairperson: Caroline Brand<\/em><\/li><li>Does agro-ecological transition of the city necessarily implies alternative urban policies ? A discussion through the Carma project in Paris. <em>Paula Mace-Le-Ficher<\/em><\/li><li>How to operationalize urban food systems in planning? A transsectoral approach. <em>Margot Olbertz and Christoph Kasper<\/em><\/li><li>Tools for the ecological transition. A proposal of indicators for the community of Madrid. <em>Laura Jim\u00e9nez Bail\u00f3n**<\/em><\/li><li>Urban food strategy of Madrid: an evaluative case-study. <em>Tanya Zerbian**<\/em><\/li><\/ul>\n\n\n\n<p>Aula 3<\/p>\n\n\n\n<ul class=\"wp-block-list\"><li><em>Chairperson:<\/em><\/li><li>The birth of Food Council MRA. <em>Arnold van der Valk<\/em><\/li><li>From grassroots to collaborative action: Governance of a community garden with a neighbourhood-level food cycle in suburban Tokyo. <em>Naomi Shimpo**<\/em><\/li><li>Agro-ecology and the Metropolitan Biopolitics of Food in Cape Town and Johannesburg. <em>Florian Kroll<\/em><\/li><li>The emergence of translocal city food networks: reinventing meta-governance for sustainable food security. <em>Ana Moragues-Faus<\/em><\/li><\/ul>\n\n\n\n<p>12:15-13:30&nbsp;&nbsp;&nbsp; Parallel Sessions II<\/p>\n\n\n\n<p>Aula 1<\/p>\n\n\n\n<ul class=\"wp-block-list\"><li><em>Chairperson: Michiel Dehaene<\/em><\/li><li>Crisis in urban, agricultural and food systems. Situated knowledge approach towards resilience potentials for urbanism issues and tools. <em>Caroline Brand<\/em><\/li><li>Urban\/rural co-productions. Planning approaches for improving the sustainability of local food systems in Italy and England. <em>Luca Lazzarini**<\/em><\/li><li>Agroecological Landscape Modelling as a Deliberative Tool: Prospective Horizons of Socioecological Planning in the Barcelona Metropolitan Area (Vall\u00e8s County, Catalonia. <em>Roc Padr\u00f3<\/em><\/li><li>Spatial planning as a lever for agroecology, the missing ingredient in the re-localization of food system in the Mediterranean basin. <em>Marian Sim\u00f3n<\/em><\/li><\/ul>\n\n\n\n<p>Aula 2<\/p>\n\n\n\n<ul class=\"wp-block-list\"><li><em>Chairperson:<\/em><\/li><li>Feeding Sustainable Cities Platform reshaping the Portuguese foodscape: Exploring the role of internet and ICTs. <em>Cec\u00edlia Delgado**<\/em><\/li><li>The role of knowledge and universities in food democracy. <em>Camilla Adelle<\/em><\/li><li>Emerging new food systems &#8211; transforming education and training systems. <em>Niels Heine Kristensen.&nbsp;<\/em><\/li><li>The Foodprint Melbourne project: a transdisciplinary approach to establish an evidence base, future vision and policy framework for sustainable urban food system transformation in Melbourne, Australia. <em>Seona Candy**<\/em><\/li><\/ul>\n\n\n\n<p>13:30&nbsp;&nbsp;&nbsp; &nbsp;&nbsp;&nbsp; Lunch time<\/p>\n\n\n\n<p>14:30-15:30&nbsp;&nbsp;&nbsp; Keynote Speaker Luis Orive (Vitoria City Council) &nbsp;&nbsp;<em>\u00abDifficulties for the implementation of an agroecological model in Vitoria-Gasteiz\u00bb<\/em><br><\/p>\n\n\n\n<p>15:45-17:30&nbsp;&nbsp;&nbsp; Parallel Sessions III&nbsp;<\/p>\n\n\n\n<p>Aula 1<\/p>\n\n\n\n<ul class=\"wp-block-list\"><li>Food-productive infrastructure: Enabling agroecological transitions from an urban design perspective. <em>Katrin Bohn<\/em><\/li><li>Embedding agroecology\u2019s soil care principle in the urbanised society: the case of Flanders. <em>Hans Vandermaelen**<\/em><\/li><li>Food and Multifunctional Urban Green Infrastructure. <em>Juli\u00e1n Briz**<\/em><\/li><li>Food Planning Matters \u2013 Towards an Integrated Approach for a Sustainable Rural Urban Nexus. <em>Christoph Kasper**<\/em><\/li><li>The Urban Agriculture Nexus. <em>Silvio Caputo**<\/em><\/li><li>Exploring the food in the urban food-water-energy-nexus: innovations and policies for resilient and sustainable urban development. <em>Alexandra Doernberg**<\/em><\/li><\/ul>\n\n\n\n<p>Aula 2<\/p>\n\n\n\n<ul class=\"wp-block-list\"><li>Prosumer, Food Growing, Food Policies. <em>Jan Eelco Jansma<\/em><\/li><li>Tourism in support of agroecological food production. <em>Barbara Ma\u0107kiewicz and&nbsp; Ana Espinosa<\/em><\/li><li>Short supply chains and agroecological transition in the Cusco region (Peruvian Andes). Reflections on the hybridization of different sustainability approaches. <em>Margaux Girard<\/em>**<\/li><li>The role of the rural Open Public Food Markets in the construction of territory. <em>Nadia Fava**<\/em><\/li><li>An invisible movement in city:&nbsp; the transformation through the agroalimentary system. <em>Cristina Rodr\u00edguez Garc\u00eda**<\/em><\/li><li>Does food availability differ by socioeconomic status of the neighborhood? A typology of foodscapes of Montpellier, France. <em>Vonthron, Simon **<\/em><\/li><li>Is urban (food) planning contributing to build class divisions?&#8217; An approach to food geographies contradictions. <em>In\u00e9s Morales Bernardos<\/em><\/li><\/ul>\n\n\n\n<p>18:30- 20:30&nbsp; Optional visits<\/p>\n\n\n\n<p>Local food and drink tasting at <em>El Fog\u00f3n Verde.,<\/em>an agroecological restaurant located in the centre of Madrid.<\/p>\n\n\n\n<p>Inland CAR. Centro de Acercamiento a lo Rural, a platform&nbsp; that links territory, culture and social change<br><\/p>\n\n\n\n<p><strong>Friday 8th November<\/strong>. Escuela de Arquitectura&nbsp;<\/p>\n\n\n\n<p>9:30-10:30&nbsp;&nbsp;&nbsp; Keynote Speaker Emma Siliprandi (FAO).&nbsp;<\/p>\n\n\n\n<p><em>\u00abUN-Partners&#8217; Scaling up Agroecology Initiative &#8211; a framework to guide the transition towards sustainable food and agricultural systems\u00bb<\/em><\/p>\n\n\n\n<p>10.30 \u2013 10:45&nbsp; Pausa caf\u00e9<\/p>\n\n\n\n<p>10:45 &#8211; 12:00 &nbsp;&nbsp;&nbsp; Parallel Sessions IV&nbsp;<\/p>\n\n\n\n<p>Aula 1<\/p>\n\n\n\n<ul class=\"wp-block-list\"><li>Productive cities for urban regeneration: the case study of Turin (proGIreg <em>H2020 project). Giacomo Pettenati<\/em><\/li><li>Integrating agroecology in urban food strategies to fight food poverty. Potential impact in Madrid\u2019s deprived neighbourhoods. <em>Marian Sim\u00f3n**<\/em><\/li><li>Exploring the spatial planning dimensions of urban informal food.<em> Luoman Zhao**<\/em><\/li><li>The transformative potential of community kitchens for an agroecological urbanism. Preliminary insights and a research agenda.<em> Carlotta Gennari**<\/em><\/li><\/ul>\n\n\n\n<p>Aula 2<\/p>\n\n\n\n<ul class=\"wp-block-list\"><li>Who Governs the Food Agenda?&nbsp; Food democracy and power in an American City.<em> Mary P Corcoran**<\/em><\/li><li>Can Living-Lab be a tool to foster Food Democracy ? An analysis of a territorialised agri-food system reshaping process in France. <em>Romain Feche**<\/em><\/li><li>Towards a more-than-human right to the city. <em>Debra Solomon**<\/em><\/li><li>Striving for food democracy through municipal Food Policy Councils. Experiences from Germany and Canada. <em>Marit Rosol and Barbara Ma\u0107kiewicz<\/em><\/li><\/ul>\n\n\n\n<p>12.00 &#8211; 12.30 Posters Sessions<br>12:30&nbsp;&nbsp;&nbsp; &nbsp;&nbsp;&nbsp; Lunch time<br>13:30-14:45&nbsp;&nbsp;&nbsp; Parallel Sessions V<\/p>\n\n\n\n<p>Aula 1<\/p>\n\n\n\n<ul class=\"wp-block-list\"><li>A spatial perspective on food transition in diffused settlements. Lessons from the Veneto region. <em>Alessandra Manganelli**<\/em><\/li><li>URBAL: a tool to unfold the impacts of urban-driven innovations on food systems\u2019 sustainability. The example of two case-studies in Montpellier (France). <em>Elodie Valette<\/em><\/li><li>Multifunctional Urban Space. Urban agriculture as a tool for climate vulnerability mitigation. <em>Giulia Lucertini**<\/em><\/li><li>\u201cInnovativeness\u201d in urban agriculture: Which novelties in the social, environmental and economic dimension do urban agriculture projects produce? <em>Kathrin Specht<\/em><\/li><\/ul>\n\n\n\n<p>Aula 2<\/p>\n\n\n\n<ul class=\"wp-block-list\"><li>\u201cYou need to have a shared vision\u201d: Factors that support or obstruct the sustainable establishment and development of urban community gardens<em>. Runrid Fox-K\u00e4mper<\/em><\/li><li>From Leisure to Necessity: Evolution of urban allotments in the province of Alicante in time of crisis. <em>Marit Rosol, Ana Espinosa Segu\u00ed and Barbara Mackiewicz<\/em><\/li><li>Food production and distribution in allotment gardens: past or future? <em>Ewa Kacprzak-Barbara Mackiewicz -Magdalena Szczepa\u0144ska**<\/em><\/li><li>Urban Agriculture as Activism: The Cases of S\u00e3o Paulo and Paris.&nbsp; <em>Gustavo Nagib**<\/em><\/li><\/ul>\n\n\n\n<p>Aula 3<br><\/p>\n\n\n\n<ul class=\"wp-block-list\"><li>How multi-level food policy networks can improve local food systems: evaluating the Dutch \u2018City deal: Food on the Urban Agenda. <em>Lara Sibbing**<\/em><\/li><li>Food sovereignty in a globalized urban world. Strategies, arenas and actors in the current food movement in City-Region of Bucaramanga, Santander, Colombia.<em> Laura Mendoza Sandoval<\/em><\/li><li>Deepening, broadening, and scaling-up: the case of Australian local food initiatives. <em>Leticia Canal Vieira** (no pub.)<\/em><\/li><li>Integrating traditional private actors in the construction of a food public strategy: the case of independent shopkeepers and wholesalers in Paris. <em>Natacha Rollinde**<\/em><\/li><\/ul>\n\n\n\n<p>14:45-15:30&nbsp;&nbsp;&nbsp; Plenary. Wrap-up.&nbsp; <em>Scientific Committee<\/em><\/p>\n\n\n\n<p>Institutional Closing words:<\/p>\n\n\n\n<ul class=\"wp-block-list\"><li> <em>Alejandro Benito. Chair Applied Research and Agrarian Extension Department. IMIDRA (Instituto Madrile\u00f1o de Investigaci\u00f3n y Desarrollo Rural, Agrario y Alimentario)<\/em><\/li><\/ul>\n\n\n\n<ul class=\"wp-block-list\"><li><em>Manuel Blanco. Director School of Architecture. Universidad Polit\u00e9cnica de Madrid<\/em><\/li><\/ul>\n\n\n\n<p><strong>Friday 8th November. Afternoon<\/strong> <em>LCE \u2013 La Casa Encendida<\/em><\/p>\n\n\n\n<p>17:00-18:30&nbsp;&nbsp;&nbsp; Mesa redonda. Investigaci\u00f3n, t\u00e9cnicos, movimientos socialses. \u00bfQui\u00e9n planea la transici\u00f3n agroecol\u00f3gica frente a la emergencia clim\u00e1tica? Presenta y faciltia: <em>Marian Sim\u00f3n Rojo, GIAU+S<\/em><\/p>\n\n\n\n<ul class=\"wp-block-list\"><li><em>Emma Silipandri<\/em>. FAO Scaling up agroecology<\/li><li><em>Alberto Leboreiro Amaro<\/em>. Vice-director Regional Planning, Government Agency Comunidad de Madrid<\/li><li><em>Agust\u00edn Hern\u00e1ndez Aja<\/em>, President WG Sustainability CRUE (Conference of Spanish Universities&#8217; Rectors)<\/li><li><em>Luis Velasco and Juan Carlos Liano.&nbsp; <\/em>Madrid Agroecol\u00f3gico \/ AUPA \/ Trasiego<\/li><\/ul>\n\n\n\n<p>19:00-21:00&nbsp;&nbsp;&nbsp; Social Dinner<\/p>\n\n\n\n<p><strong>Saturday 9th November<\/strong><\/p>\n\n\n\n<p>9.30-15:30&nbsp; <a href=\"https:\/\/www.lacasaencendida.es\/cursos\/salidas\/visita-alternativas-agroecologicas-lo-urbano-lo-rural-10635\">Field Trip<\/a>. Visit to urban and periurban agroecological projects<\/p>\n\n\n\n<h2 class=\"wp-block-heading\">La Conferencia.  Transiciones agroecol\u00f3gicas en la ciudad post-carbono <\/h2>\n\n\n\n<p>La rama Sustainable Food Planning tiene especial inter\u00e9s en vincular  su trabajo con la agroecolog\u00eda y los movimientos sociales, raz\u00f3n por la  cual nos invitaron a acoger la Conferencia Bienal de AESOP-SFP.<\/p>\n\n\n\n<p>Desde el grupo de Agroecolog\u00eda, Urbanismo y Sistemas Alimentarios, del GIAU+S recogimos el guante. Se ha abierto el <strong><a href=\"http:\/\/aesopsfp.wordpress.com\/call-for-papers-2019\/\">call for papers<\/a><\/strong> y&nbsp; la conferencia llama a compartir investigaciones y proyectos en torno a:<\/p>\n\n\n\n<p><a href=\"http:\/\/aesopsfp.wordpress.com\/call-for-papers-2019\/\"><strong>\u00abTransiciones agroecol\u00f3gicas frente al colapso clim\u00e1tico: planear sistemas <\/strong><strong>alimentarios en la ciudad post-carbono\u00bb<\/strong><\/a><\/p>\n\n\n\n<p>Las evidencias cient\u00edficas confirman que nos acercamos a un punto de \ninflexi\u00f3n en el cambio clim\u00e1tico, con una retroalimentaci\u00f3n de los \nprocesos que acelerar\u00e1n el deterioro a escala global. Los sistemas \nalimentarios urbanos no solo contribuyen de manera importante al cambio \nclim\u00e1tico, tambi\u00e9n son muy vulnerables ante el mismo. Vulnerabilidad que\n no es homog\u00e9nea, es m\u00e1s acusada en \u00e1reas urbanas y comuniades en crisis\n y que han experimentado procesos de desposesi\u00f3n.<\/p>\n\n\n\n<p>Con esta conferencia, queremos invitar a compartir conocimientos y \nexperiencias sobre la planificaci\u00f3n de la transici\u00f3n agroecol\u00f3gica y la \nreorientaci\u00f3n de los sistemas alimentarios actuales. Quermos \nrefelexionar conjuntamente sobre de qu\u00e9 manera pueden los instrumentos y\n procesos de planificaci\u00f3n ser palancas de cambio hacia sistemas \nalimentarios territorializados, en los que se da una reorganizaci\u00f3n del \nsistema de producci\u00f3n y consumo de alimentos. \u00bfEs la resiliencia un \nconcepto lo suficientemente fuerte para enfrentar la crisis ecol\u00f3gica o \nse necesita un enfoque m\u00e1s radical? \u00bfEstamos hablando de abordar las \nrelaciones de poder desiguales y las distribuciones de recursos? \n\u00bfBuscamos resituar a la agricultura \/ sector primario en una posici\u00f3n \ncentral en la econom\u00eda del norte?&nbsp; \u00bfRecolocar al mundo rural en una \nposici\u00f3n central en la planificaci\u00f3n de alimentos? \u00bfLos planes dirigen \nhacia una mayor autonom\u00eda de la ciudad, a un urbanismo de la austeridad \nque integra a la ciudad en su biorregi\u00f3n?<\/p>\n\n\n\n<p>Estas y otras cuestiones se trabajar\u00e1n a lo largo de tres ejes:<\/p>\n\n\n\n<ul class=\"wp-block-list\"><li>Transici\u00f3n agroecol\u00f3gica regional<\/li><li>Urbanismo agroecol\u00f3gico<\/li><li>Democracia alimentaria<\/li><\/ul>\n\n\n\n<p>Os invitamos a compartir vuestro conocimiento y experiencia, \nparticipando en la conferencia. Est\u00e1 abierta la recepci\u00f3n de res\u00famenes \nen <strong><a href=\"http:\/\/Est\u00e1 abierta la recepci\u00f3n de res\u00famenes.\">este enlace<\/a><\/strong><\/p>\n\n\n\n<p>Toda la informaci\u00f3n en: https:\/\/wordpress.com\/view\/aesopsfp.wordpress.com<\/p>\n","protected":false},"excerpt":{"rendered":"<p>Programa Final de la Conferencia El programa final se puede descargar aqu\u00ed (Side event) PhD Workshop Wednesday 6th November. Escuela de Arquitectura (Faculty of Architecture) 12:30 \u2013 13:00: Registration \u2013 get to know each other \u2013 short individual presentation&nbsp; 13:00 \u2013 14:00: Interactive training session&nbsp; 14:00 \u2013 14:30: Lunch 14:30 \u2013 16:00: Masterclass with Prof. [&hellip;]<\/p>\n","protected":false},"author":24,"featured_media":0,"parent":1629,"menu_order":0,"comment_status":"closed","ping_status":"closed","template":"","meta":{"_genesis_hide_title":false,"_genesis_hide_breadcrumbs":false,"_genesis_hide_singular_image":false,"_genesis_hide_footer_widgets":false,"_genesis_custom_body_class":"","_genesis_custom_post_class":"","_genesis_layout":"","jetpack_post_was_ever_published":false,"footnotes":""},"coauthors":[253],"class_list":{"0":"post-1687","1":"page","2":"type-page","3":"status-publish","5":"entry"},"aioseo_notices":[],"featured_image_src":null,"featured_image_src_square":null,"jetpack_sharing_enabled":true,"_links":{"self":[{"href":"https:\/\/vps181.cesvima.upm.es\/urb-sis-agra\/wp-json\/wp\/v2\/pages\/1687","targetHints":{"allow":["GET"]}}],"collection":[{"href":"https:\/\/vps181.cesvima.upm.es\/urb-sis-agra\/wp-json\/wp\/v2\/pages"}],"about":[{"href":"https:\/\/vps181.cesvima.upm.es\/urb-sis-agra\/wp-json\/wp\/v2\/types\/page"}],"author":[{"embeddable":true,"href":"https:\/\/vps181.cesvima.upm.es\/urb-sis-agra\/wp-json\/wp\/v2\/users\/24"}],"replies":[{"embeddable":true,"href":"https:\/\/vps181.cesvima.upm.es\/urb-sis-agra\/wp-json\/wp\/v2\/comments?post=1687"}],"version-history":[{"count":5,"href":"https:\/\/vps181.cesvima.upm.es\/urb-sis-agra\/wp-json\/wp\/v2\/pages\/1687\/revisions"}],"predecessor-version":[{"id":1703,"href":"https:\/\/vps181.cesvima.upm.es\/urb-sis-agra\/wp-json\/wp\/v2\/pages\/1687\/revisions\/1703"}],"up":[{"embeddable":true,"href":"https:\/\/vps181.cesvima.upm.es\/urb-sis-agra\/wp-json\/wp\/v2\/pages\/1629"}],"wp:attachment":[{"href":"https:\/\/vps181.cesvima.upm.es\/urb-sis-agra\/wp-json\/wp\/v2\/media?parent=1687"}],"wp:term":[{"taxonomy":"author","embeddable":true,"href":"https:\/\/vps181.cesvima.upm.es\/urb-sis-agra\/wp-json\/wp\/v2\/coauthors?post=1687"}],"curies":[{"name":"wp","href":"https:\/\/api.w.org\/{rel}","templated":true}]}}