{"id":2345,"date":"2026-01-26T21:07:23","date_gmt":"2026-01-26T20:07:23","guid":{"rendered":"https:\/\/vps181.cesvima.upm.es\/urb-sis-agra\/?page_id=2345"},"modified":"2026-01-26T21:22:59","modified_gmt":"2026-01-26T20:22:59","slug":"2025-2027-espacios-agrarios-amortiuamiento-red-iv-bufagri_futuregreen","status":"publish","type":"page","link":"https:\/\/vps181.cesvima.upm.es\/urb-sis-agra\/2025-2027-espacios-agrarios-amortiuamiento-red-iv-bufagri_futuregreen\/","title":{"rendered":"2025-2027\u00a0Espacios agrarios como zonas de amortiguamiento de la Red Nacional de Infraestructura Verde Bufagri_FutureGreen"},"content":{"rendered":"\n<p>Proyecto PID2023-152776OB-C22 financiado en la convocatoria de ayudas 2023 a \u201cPROYECTOS DE GENERACI\u00d3N DE CONOCIMIENTO\u201d en el marco del  Plan Estatal de Investigaci\u00f3n Cient\u00edfica, T\u00e9cnica y de Innovaci\u00f3n 2021-2023, del Ministerio de Ciencia, Innovaci\u00f3n y Universidades. <\/p>\n\n\n\n<p>El 1 de enero de 2025 comenz\u00f3 el proyecto coordinado <a href=\"https:\/\/futuregreen.csic.es\/\" title=\"\">FutureGreen<\/a> del que forma parte el SP2 \u00abEspacios agrarios como zonas de amortiguamiento de la Red Nacional de la Infraestructura Verde, Bufagri\u00bb. El Subproyecto 1, liderado por el CSIC aborda los problemas de las \u00e1reas protegidas y la biodiversidad bas\u00e1ndose en tecnolog\u00edas de vanguardia de modelizaci\u00f3n y teledetecci\u00f3n. El Subproyecto 1 aporta experiencia en \u00e1reas protegidas amenazadas por factores globales y locales. El Subproyecto 2, liderado por la UPM <strong>aborda los desaf\u00edos de la sobreexplotaci\u00f3n de recursos, la p\u00e9rdida de biodiversidad (y el declive de la agricultura familiar) <\/strong>analizando c\u00f3mo la agricultura puede contribuir a la transici\u00f3n hacia sistemas alimentarios locales y una agricultura m\u00e1s sostenible desde el punto de vista ambiental y econ\u00f3mico.<\/p>\n\n\n\n<p>A lo largo de 3 a\u00f1os exploramos c\u00f3mo las \u00e1reas agr\u00edcolas, con unos manejos y un r\u00e9gimen de gesti\u00f3n adecuado pueden desempe\u00f1ar un papel importante en la restauraci\u00f3n de \u00e1reas degradadas y el aumento de la conectividad y el valor de los servicios de los ecosistemas fragmentados. Este enfoque proporciona importantes beneficios, no solo a las \u00e1reas de alto valor natural existentes, sino tambi\u00e9n a la producci\u00f3n agraria.<\/p>\n\n\n\n<h3 class=\"wp-block-heading\">Equipo del proyecto:<\/h3>\n\n\n\n<p><strong>Equipo de investigaci\u00f3n<\/strong><\/p>\n\n\n\n<ul class=\"wp-block-list\">\n<li><a href=\"https:\/\/portalcientifico.upm.es\/es\/ipublic\/researcher\/305767\" title=\"\">Marian Sim\u00f3n Rojo<\/a>, Universidad Polit\u00e9cnica de Madrid, Investigadora Principal<\/li>\n\n\n\n<li><a href=\"https:\/\/portalcientifico.upm.es\/es\/ipublic\/researcher\/332228\" title=\"\">Ver\u00f3nica Hern\u00e1ndez Jim\u00e9nez<\/a>, Universidad Polit\u00e9cnica de Madrid, Investigadora Principal<\/li>\n\n\n\n<li><a href=\"https:\/\/www.ucm.es\/geografia\/barrasa-garcia,-sara\" title=\"\">Sara Barrasa Garc\u00eda<\/a>, Universidad Complutense de Madrid<\/li>\n\n\n\n<li><a href=\"https:\/\/portaldelaciencia.uva.es\/investigadores\/180972\/detalle\" title=\"\">Ana Teresa L\u00f3pez Pastor,<\/a> Universidad de Valladolid<\/li>\n\n\n\n<li><a href=\"https:\/\/portalcientifico.upm.es\/es\/ipublic\/researcher\/306638\" title=\"\">Alejandro Tamayo Palacios<\/a>, Universidad Polit\u00e9cnica de Madrid<\/li>\n\n\n\n<li><a href=\"https:\/\/servicios.urjc.es\/pdi\/ver\/ana.zazo\" title=\"\">Ana Zazo Moratalla<\/a>, Universidad Rey Juan Carlos<\/li>\n<\/ul>\n\n\n\n<p><strong>Equipo de Trabajo<\/strong><\/p>\n\n\n\n<ul class=\"wp-block-list\">\n<li><a href=\"https:\/\/www.linkedin.com\/in\/alvaroareta\/\" title=\"\u00c1lvaro Areta\">\u00c1lvaro Areta Garc\u00eda<\/a> , COAG<\/li>\n\n\n\n<li><a href=\"https:\/\/investigacion.ubu.es\/investigadores\/35087\/detalle\" title=\"\">Jos\u00e9 Mar\u00eda de la Cuesta Sanz<\/a>, Universidad de Burgos<\/li>\n\n\n\n<li><a href=\"https:\/\/www.med.uevora.pt\/profile\/88\/\" title=\"\">Jos\u00e9 Mu\u00f1oz-Rojas,<\/a> Universidad de \u00c9vora<\/li>\n\n\n\n<li>Lara Rom\u00e1n, Observatorio para una Cultura del Territorio<\/li>\n<\/ul>\n\n\n\n<figure class=\"wp-block-image size-full\"><img data-recalc-dims=\"1\" loading=\"lazy\" decoding=\"async\" width=\"928\" height=\"1024\" src=\"https:\/\/i0.wp.com\/vps181.cesvima.upm.es\/urb-sis-agra\/wp-content\/uploads\/sites\/8\/2026\/01\/image.png?resize=928%2C1024&#038;ssl=1\" alt=\"\" class=\"wp-image-2346\" srcset=\"https:\/\/i0.wp.com\/vps181.cesvima.upm.es\/urb-sis-agra\/wp-content\/uploads\/sites\/8\/2026\/01\/image.png?w=928&amp;ssl=1 928w, https:\/\/i0.wp.com\/vps181.cesvima.upm.es\/urb-sis-agra\/wp-content\/uploads\/sites\/8\/2026\/01\/image.png?resize=272%2C300&amp;ssl=1 272w, https:\/\/i0.wp.com\/vps181.cesvima.upm.es\/urb-sis-agra\/wp-content\/uploads\/sites\/8\/2026\/01\/image.png?resize=768%2C847&amp;ssl=1 768w\" sizes=\"auto, (max-width: 928px) 100vw, 928px\" \/><\/figure>\n","protected":false},"excerpt":{"rendered":"<p>Proyecto PID2023-152776OB-C22 financiado en la convocatoria de ayudas 2023 a \u201cPROYECTOS DE GENERACI\u00d3N DE CONOCIMIENTO\u201d en el marco del Plan Estatal de Investigaci\u00f3n Cient\u00edfica, T\u00e9cnica y de Innovaci\u00f3n 2021-2023, del Ministerio de Ciencia, Innovaci\u00f3n y Universidades. El 1 de enero de 2025 comenz\u00f3 el proyecto coordinado FutureGreen del que forma parte el SP2 \u00abEspacios agrarios [&hellip;]<\/p>\n","protected":false},"author":24,"featured_media":0,"parent":0,"menu_order":0,"comment_status":"closed","ping_status":"closed","template":"","meta":{"_genesis_hide_title":false,"_genesis_hide_breadcrumbs":false,"_genesis_hide_singular_image":false,"_genesis_hide_footer_widgets":false,"_genesis_custom_body_class":"","_genesis_custom_post_class":"","_genesis_layout":"","jetpack_post_was_ever_published":false,"footnotes":""},"coauthors":[253],"class_list":{"0":"post-2345","1":"page","2":"type-page","3":"status-publish","5":"entry"},"aioseo_notices":[],"featured_image_src":null,"featured_image_src_square":null,"jetpack_sharing_enabled":true,"_links":{"self":[{"href":"https:\/\/vps181.cesvima.upm.es\/urb-sis-agra\/wp-json\/wp\/v2\/pages\/2345","targetHints":{"allow":["GET"]}}],"collection":[{"href":"https:\/\/vps181.cesvima.upm.es\/urb-sis-agra\/wp-json\/wp\/v2\/pages"}],"about":[{"href":"https:\/\/vps181.cesvima.upm.es\/urb-sis-agra\/wp-json\/wp\/v2\/types\/page"}],"author":[{"embeddable":true,"href":"https:\/\/vps181.cesvima.upm.es\/urb-sis-agra\/wp-json\/wp\/v2\/users\/24"}],"replies":[{"embeddable":true,"href":"https:\/\/vps181.cesvima.upm.es\/urb-sis-agra\/wp-json\/wp\/v2\/comments?post=2345"}],"version-history":[{"count":3,"href":"https:\/\/vps181.cesvima.upm.es\/urb-sis-agra\/wp-json\/wp\/v2\/pages\/2345\/revisions"}],"predecessor-version":[{"id":2354,"href":"https:\/\/vps181.cesvima.upm.es\/urb-sis-agra\/wp-json\/wp\/v2\/pages\/2345\/revisions\/2354"}],"wp:attachment":[{"href":"https:\/\/vps181.cesvima.upm.es\/urb-sis-agra\/wp-json\/wp\/v2\/media?parent=2345"}],"wp:term":[{"taxonomy":"author","embeddable":true,"href":"https:\/\/vps181.cesvima.upm.es\/urb-sis-agra\/wp-json\/wp\/v2\/coauthors?post=2345"}],"curies":[{"name":"wp","href":"https:\/\/api.w.org\/{rel}","templated":true}]}}