{"id":355,"date":"2012-09-20T13:15:40","date_gmt":"2012-09-20T11:15:40","guid":{"rendered":"http:\/\/www2.aq.upm.es\/Departamentos\/Urbanismo\/blogs\/paec-sp\/?page_id=355"},"modified":"2012-09-20T13:15:40","modified_gmt":"2012-09-20T11:15:40","slug":"urban-agriculture-europe-uae","status":"publish","type":"page","link":"https:\/\/vps181.cesvima.upm.es\/urb-sis-agra\/paec-sp\/urban-agriculture-europe-uae\/","title":{"rendered":"2012-2016. COST Action. Urban Agriculture Europe (UAE)"},"content":{"rendered":"<p><!--:es--><span style=\"font-family: arial,helvetica,sans-serif\"><em>TUD COST Action TD1106<\/em> <\/span> <span style=\"font-family: arial,helvetica,sans-serif\">La acci\u00f3n COST Agricultura Urbana en Europa (AUE) tiene por objetivo orientar la investigaci\u00f3n sobre AU, incidir en la PAC y fomentar proyectos y planes p\u00fablicos y privados. Emplear\u00e1 un enfoque innovador combinando metodolog\u00edas bottom-up y top-down, investigaci\u00f3n mediante el dise\u00f1o, y creando puntos de contacto entre ellas. Se trabajar\u00e1 en colaboraci\u00f3n con agentes regionales de los \u00e1mbitos del desarrollo urbano y la agricultura. La acci\u00f3n contribuye al desarrollo territorial sostenible y resiliente en Europa. La acci\u00f3n tiene por objetivo liderar la investigaci\u00f3n sobre AU en pa\u00edses desarrollados. \u00a0 <\/span> <span style=\"font-family: arial,helvetica,sans-serif\">Enlace del proyecto: <\/span>http:\/\/www.urbanagricultureeurope.la.rwth-aachen.de\/<\/p>\n<hr \/>\n<h3><span style=\"font-family: arial,helvetica,sans-serif\">Participantes <tt>GIAU+S<\/tt>:<\/span><\/h3>\n<ul>\n<li><span style=\"font-family: arial,helvetica,sans-serif\">Carlos Verdaguer (WG2, MC ) <\/span><\/li>\n<li><span style=\"font-family: arial,helvetica,sans-serif\">Marian Sim\u00f3n Rojo (WG1 co-chair) <\/span><\/li>\n<li>An<span style=\"font-family: arial,helvetica,sans-serif\">a Zazo (WG2)<\/span><\/li>\n<\/ul>\n<p><!--:--><!--:en--><span style=\"font-family: arial,helvetica,sans-serif\"><em>TUD COST Action TD1106<\/em> <\/span> <span style=\"font-family: arial,helvetica,sans-serif\">The outcomes of the Action will help to focus future research on UA, modify the CAP and stimulate private and public activities in UA projects and planning. The Action will use an innovative approach crossing bottom-up and top-down methods, using the method of research by design and creating interfaces between the three methods. By working in close cooperation with regional stakeholders from the domains of urban development and agriculture the Action contributes to sustainable, resilient territorial development in Europe and aims for leadership in research on UA in developed countries. <\/span> <span style=\"font-family: arial,helvetica,sans-serif\">Link: http:\/\/www.urbanagricultureeurope.la.rwth-aachen.de\/<\/span><\/p>\n<hr \/>\n<p><span style=\"font-family: arial,helvetica,sans-serif\">\u00a0<\/span><\/p>\n<h3><span style=\"font-family: arial,helvetica,sans-serif\">Participants <tt>GIAU+S<\/tt>:<\/span><\/h3>\n<ul>\n<li><span style=\"font-family: arial,helvetica,sans-serif\">Carlos Verdaguer (WG2, MC) <\/span><\/li>\n<li><span style=\"font-family: arial,helvetica,sans-serif\">Marian Sim\u00f3n Rojo (WG1 Co-chair)<\/span><\/li>\n<li><span style=\"font-family: arial,helvetica,sans-serif\">Ana Zazo (WG2)<\/span><\/li>\n<\/ul>\n<p><!--:--><\/p>\n","protected":false},"excerpt":{"rendered":"<p>TUD COST Action TD1106 La acci\u00f3n COST Agricultura Urbana en Europa (AUE) tiene por objetivo orientar la investigaci\u00f3n sobre AU, incidir en la PAC y fomentar proyectos y planes p\u00fablicos y privados. Emplear\u00e1 un enfoque innovador combinando metodolog\u00edas bottom-up y top-down, investigaci\u00f3n mediante el dise\u00f1o, y creando puntos de contacto entre ellas. Se trabajar\u00e1 en [&hellip;]<\/p>\n","protected":false},"author":22,"featured_media":0,"parent":1629,"menu_order":2,"comment_status":"closed","ping_status":"closed","template":"","meta":{"_genesis_hide_title":false,"_genesis_hide_breadcrumbs":false,"_genesis_hide_singular_image":false,"_genesis_hide_footer_widgets":false,"_genesis_custom_body_class":"","_genesis_custom_post_class":"","_genesis_layout":"","jetpack_post_was_ever_published":false,"footnotes":""},"coauthors":[],"class_list":{"0":"post-355","1":"page","2":"type-page","3":"status-publish","5":"entry"},"aioseo_notices":[],"featured_image_src":null,"featured_image_src_square":null,"jetpack_sharing_enabled":true,"_links":{"self":[{"href":"https:\/\/vps181.cesvima.upm.es\/urb-sis-agra\/wp-json\/wp\/v2\/pages\/355","targetHints":{"allow":["GET"]}}],"collection":[{"href":"https:\/\/vps181.cesvima.upm.es\/urb-sis-agra\/wp-json\/wp\/v2\/pages"}],"about":[{"href":"https:\/\/vps181.cesvima.upm.es\/urb-sis-agra\/wp-json\/wp\/v2\/types\/page"}],"author":[{"embeddable":true,"href":"https:\/\/vps181.cesvima.upm.es\/urb-sis-agra\/wp-json\/wp\/v2\/users\/22"}],"replies":[{"embeddable":true,"href":"https:\/\/vps181.cesvima.upm.es\/urb-sis-agra\/wp-json\/wp\/v2\/comments?post=355"}],"version-history":[{"count":0,"href":"https:\/\/vps181.cesvima.upm.es\/urb-sis-agra\/wp-json\/wp\/v2\/pages\/355\/revisions"}],"up":[{"embeddable":true,"href":"https:\/\/vps181.cesvima.upm.es\/urb-sis-agra\/wp-json\/wp\/v2\/pages\/1629"}],"wp:attachment":[{"href":"https:\/\/vps181.cesvima.upm.es\/urb-sis-agra\/wp-json\/wp\/v2\/media?parent=355"}],"wp:term":[{"taxonomy":"author","embeddable":true,"href":"https:\/\/vps181.cesvima.upm.es\/urb-sis-agra\/wp-json\/wp\/v2\/coauthors?post=355"}],"curies":[{"name":"wp","href":"https:\/\/api.w.org\/{rel}","templated":true}]}}