{"id":1697,"date":"2019-09-18T18:12:41","date_gmt":"2019-09-18T16:12:41","guid":{"rendered":"https:\/\/vps181.cesvima.upm.es\/usv2019\/?page_id=1697"},"modified":"2019-10-24T12:48:06","modified_gmt":"2019-10-24T10:48:06","slug":"ciudad-innovacion-y-tecnologia","status":"publish","type":"page","link":"https:\/\/vps181.cesvima.upm.es\/usv2019\/ciudad-innovacion-y-tecnologia\/","title":{"rendered":"Ciudad, innovaci\u00f3n y tecnolog\u00eda"},"content":{"rendered":"<p><span style=\"color: #003366\"><em>#Innovaci\u00f3nUSV<\/em><\/span><\/p>\n<p><strong>Direcci\u00f3n:<\/strong><\/p>\n<ul class=\"block-editor-rich-text__editable editor-rich-text__editable\" role=\"textbox\" data-is-placeholder-visible=\"false\" aria-label=\"Escribe una lista\u2026\">\n<li>Iv\u00e1n Rodr\u00edguez Su\u00e1rez, arquitecto y profesor asociado, DUyOT-ETSAM-UPM.<\/li>\n<\/ul>\n<p><strong>Dossier del curso:<\/strong><\/p>\n<p><span style=\"color: #000000\">Descarga <a href=\"https:\/\/vps181.cesvima.upm.es\/usv2019\/wp-content\/uploads\/sites\/4\/2019\/10\/04-1023-Ciudad-innovaci\u00f3n-y-tecnolog\u00eda.pdf\" target=\"_blank\" rel=\"noopener noreferrer\">aqu\u00ed<\/a> el dossier completo del curso con los objetivos y el programa.<\/span><\/p>\n<p><span style=\"color: #000000\"><strong data-rich-text-format-boundary=\"true\">Objetivos del curso<\/strong>:<\/span><\/p>\n<p><strong data-rich-text-format-boundary=\"true\">Lunes 28. M\u00f3dulo I: Perspectivas sobre la innnovaci\u00f3n, el cambio tecnol\u00f3gico y el reequilibrio territorial<\/strong>.<\/p>\n<p>El m\u00f3dulo desarrollar\u00e1 un taller de prospectiva cuyo objetivo central ser\u00e1 la identificaci\u00f3n de los retos y oportunidades a los que se enfrentan nuestras ciudades derivados de los cambios e innovaciones tecnol\u00f3gicas. Se espera que este taller establezca el marco general en el que se desarrollar\u00e1 el curso y que estimule la participaci\u00f3n del alumnado.<\/p>\n<p>El objetivo central del taller es dar a conocer los conceptos b\u00e1sicos de la prospectiva o estudio del futuro, y formular una visi\u00f3n de futuro para una ciudad innovadora. El m\u00f3dulo se fundamenta en el enfoque taller con el prop\u00f3sito de que los asistentes participen y contribuyan a configurar la visi\u00f3n deseable de una ciudad innovadora tanto en los aspectos tecnol\u00f3gicos como en los socioecon\u00f3micos.<\/p>\n<p><strong data-rich-text-format-boundary=\"true\">Martes 29. M\u00f3dulo II: Redes de innovaci\u00f3n social y cultural.<\/strong><\/p>\n<p>El m\u00f3dulo explora las innovaciones que se est\u00e1n produciendo en los \u00e1mbitos social y cultural, qu\u00e9 se entiende por procesos de innovaci\u00f3n social y cu\u00e1les son las posibilidades de afrontar los retos existentes con nuevas pr\u00e1cticas y estrategias que den satisfacci\u00f3n a las necesidades sociales.<\/p>\n<p><strong data-rich-text-format-boundary=\"true\">Mi\u00e9rcoles 30. M\u00f3dulo III: Innovaci\u00f3n p\u00fablica e investigaci\u00f3n.<\/strong><\/p>\n<p>Innovaci\u00f3n en la administraci\u00f3n p\u00fablica, el gobierno y la investigaci\u00f3n.<\/p>\n<p><strong data-rich-text-format-boundary=\"true\">Jueves 31. M\u00f3dulo IV: Hacia un ecosistema de innovaci\u00f3n en el sur y este de Madrid.<\/strong><\/p>\n<p>Exploraci\u00f3n de la situaci\u00f3n actual en los distritos del sur y del este de Madrid de los retos planteados en las sesiones anteriores.<\/p>\n<p><strong>Programa:<\/strong><\/p>\n<p><img data-recalc-dims=\"1\" loading=\"lazy\" decoding=\"async\" class=\"alignleft wp-image-1953 size-large\" src=\"https:\/\/i0.wp.com\/vps181.cesvima.upm.es\/usv2019\/wp-content\/uploads\/sites\/4\/2019\/10\/10-24-Innovaci%C3%B3n-1024x788.jpg?resize=702%2C540&#038;ssl=1\" alt=\"\" width=\"702\" height=\"540\" srcset=\"https:\/\/i0.wp.com\/vps181.cesvima.upm.es\/usv2019\/wp-content\/uploads\/sites\/4\/2019\/10\/10-24-Innovaci%C3%B3n.jpg?resize=1024%2C788&amp;ssl=1 1024w, https:\/\/i0.wp.com\/vps181.cesvima.upm.es\/usv2019\/wp-content\/uploads\/sites\/4\/2019\/10\/10-24-Innovaci%C3%B3n.jpg?resize=300%2C231&amp;ssl=1 300w, https:\/\/i0.wp.com\/vps181.cesvima.upm.es\/usv2019\/wp-content\/uploads\/sites\/4\/2019\/10\/10-24-Innovaci%C3%B3n.jpg?resize=768%2C591&amp;ssl=1 768w, https:\/\/i0.wp.com\/vps181.cesvima.upm.es\/usv2019\/wp-content\/uploads\/sites\/4\/2019\/10\/10-24-Innovaci%C3%B3n.jpg?w=1404&amp;ssl=1 1404w, https:\/\/i0.wp.com\/vps181.cesvima.upm.es\/usv2019\/wp-content\/uploads\/sites\/4\/2019\/10\/10-24-Innovaci%C3%B3n.jpg?w=2106&amp;ssl=1 2106w\" sizes=\"auto, (max-width: 702px) 100vw, 702px\" \/><\/p>\n<p>Puedes consultar el programa detallado de experiencias y conferencias en <a href=\"https:\/\/vps181.cesvima.upm.es\/usv2019\/experiencias-conferencias\/\">este enlace<\/a>.<\/p>\n<p>Puedes consultar el contenido del resto de cursos en <a href=\"https:\/\/vps181.cesvima.upm.es\/usv2019\/cursos-usv\/\">este enlace<\/a>.<\/p>\n<p>Puedes consultar la estructura de la USV y las condiciones de obtenci\u00f3n de certificados en <a href=\"https:\/\/vps181.cesvima.upm.es\/usv2019\/cursos-usv\/\">este enlace<\/a>.<\/p>\n<p>Puedes descargar el programa completo de USV en <a href=\"https:\/\/vps181.cesvima.upm.es\/usv2019\/estructura\/programa\/\">este enlace<\/a>.<\/p>\n","protected":false},"excerpt":{"rendered":"<p>#Innovaci\u00f3nUSV Direcci\u00f3n: Iv\u00e1n Rodr\u00edguez Su\u00e1rez, arquitecto y profesor asociado, DUyOT-ETSAM-UPM. Dossier del curso: Descarga aqu\u00ed el dossier completo del curso con los objetivos y el programa. Objetivos del curso: Lunes 28. M\u00f3dulo I: Perspectivas sobre la innnovaci\u00f3n, el cambio tecnol\u00f3gico y el reequilibrio territorial. El m\u00f3dulo desarrollar\u00e1 un taller de prospectiva cuyo objetivo central ser\u00e1 [&hellip;]<\/p>\n","protected":false},"author":7,"featured_media":0,"parent":0,"menu_order":0,"comment_status":"closed","ping_status":"closed","template":"","meta":{"_genesis_hide_title":false,"_genesis_hide_breadcrumbs":false,"_genesis_hide_singular_image":false,"_genesis_hide_footer_widgets":false,"_genesis_custom_body_class":"","_genesis_custom_post_class":"","_genesis_layout":"","footnotes":""},"coauthors":[39],"class_list":{"0":"post-1697","1":"page","2":"type-page","3":"status-publish","5":"entry"},"aioseo_notices":[],"featured_image_src":null,"featured_image_src_square":null,"jetpack_sharing_enabled":true,"jetpack_likes_enabled":true,"jetpack_shortlink":"https:\/\/wp.me\/Pbh5zy-rn","_links":{"self":[{"href":"https:\/\/vps181.cesvima.upm.es\/usv2019\/wp-json\/wp\/v2\/pages\/1697","targetHints":{"allow":["GET"]}}],"collection":[{"href":"https:\/\/vps181.cesvima.upm.es\/usv2019\/wp-json\/wp\/v2\/pages"}],"about":[{"href":"https:\/\/vps181.cesvima.upm.es\/usv2019\/wp-json\/wp\/v2\/types\/page"}],"author":[{"embeddable":true,"href":"https:\/\/vps181.cesvima.upm.es\/usv2019\/wp-json\/wp\/v2\/users\/7"}],"replies":[{"embeddable":true,"href":"https:\/\/vps181.cesvima.upm.es\/usv2019\/wp-json\/wp\/v2\/comments?post=1697"}],"version-history":[{"count":9,"href":"https:\/\/vps181.cesvima.upm.es\/usv2019\/wp-json\/wp\/v2\/pages\/1697\/revisions"}],"predecessor-version":[{"id":1954,"href":"https:\/\/vps181.cesvima.upm.es\/usv2019\/wp-json\/wp\/v2\/pages\/1697\/revisions\/1954"}],"wp:attachment":[{"href":"https:\/\/vps181.cesvima.upm.es\/usv2019\/wp-json\/wp\/v2\/media?parent=1697"}],"wp:term":[{"taxonomy":"author","embeddable":true,"href":"https:\/\/vps181.cesvima.upm.es\/usv2019\/wp-json\/wp\/v2\/coauthors?post=1697"}],"curies":[{"name":"wp","href":"https:\/\/api.w.org\/{rel}","templated":true}]}}