{"id":972,"date":"2018-10-14T20:19:05","date_gmt":"2018-10-14T20:19:05","guid":{"rendered":"http:\/\/www.aq.upm.es\/giaus\/usvk2\/?page_id=972"},"modified":"2019-09-19T09:33:46","modified_gmt":"2019-09-19T07:33:46","slug":"cursos-usv","status":"publish","type":"page","link":"https:\/\/vps181.cesvima.upm.es\/usv2019\/cursos-usv\/","title":{"rendered":"Cursos USV"},"content":{"rendered":"<p style=\"text-align: justify\">La Universidad Social 2019 se organiza en cinco cursos sobre diferentes tem\u00e1ticas, divididos en cuatro m\u00f3dulos de un d\u00eda de duraci\u00f3n. Puedes consultar la <a href=\"https:\/\/vps181.cesvima.upm.es\/usv2019\/estructura\/\">estructura de la USV<\/a> si quieres m\u00e1s informaci\u00f3n sobre horarios y obtenci\u00f3n de certificados. Para descargar el programa completo puedes pinchar <a href=\"https:\/\/vps181.cesvima.upm.es\/usv2019\/estructura\/programa\/\">aqu\u00ed<\/a>. Si quieres ver el detalle de cada curso, pincha en su t\u00edtulo.<\/p>\n<p style=\"text-align: left\"><span style=\"color: #993300\"><img data-recalc-dims=\"1\" loading=\"lazy\" decoding=\"async\" class=\"alignright wp-image-1667 \" src=\"https:\/\/i0.wp.com\/vps181.cesvima.upm.es\/usv2019\/wp-content\/uploads\/sites\/4\/2019\/09\/Icono-Movilidad-1-300x192.jpg?resize=186%2C119&#038;ssl=1\" alt=\"\" width=\"186\" height=\"119\" srcset=\"https:\/\/i0.wp.com\/vps181.cesvima.upm.es\/usv2019\/wp-content\/uploads\/sites\/4\/2019\/09\/Icono-Movilidad-1.jpg?resize=300%2C192&amp;ssl=1 300w, https:\/\/i0.wp.com\/vps181.cesvima.upm.es\/usv2019\/wp-content\/uploads\/sites\/4\/2019\/09\/Icono-Movilidad-1.jpg?w=681&amp;ssl=1 681w\" sizes=\"auto, (max-width: 186px) 100vw, 186px\" \/><strong><span style=\"color: #000000\">1.<a style=\"color: #000000\" href=\"https:\/\/vps181.cesvima.upm.es\/usv2019\/movilidad-accesibilidad-y-articulacion-espacial\/\"> Movilidad, accesibilidad y articulaci\u00f3n espacial<\/a><\/span><\/strong><\/span><\/p>\n<p style=\"text-align: left\">\u00a0 \u00a0 \u00a0Direcci\u00f3n:<\/p>\n<ul>\n<li>Francisco Lam\u00edquiz Daud\u00e9n, profesor contratado doctor, DUyOT-ETSAM-UPM.<\/li>\n<li>Eduardo Espinosa S\u00e1nchez, arquitecto y urbanista, Cota Cero Estudios Territoriales.<\/li>\n<\/ul>\n<p style=\"text-align: left\">\u00a0 \u00a0 \u00a0M\u00f3dulos:<\/p>\n<ul>\n<li>M\u00f3dulo I: Movilidad y accesibilidad en la periferia pr\u00f3xima: conceptos.<\/li>\n<li>M\u00f3dulo II: Movilidad y accesibilidad en los barrios.<\/li>\n<li>M\u00f3dulo III: Movilidad y accesibilidad entre distritos del Sureste.<\/li>\n<li>M\u00f3dulo IV: Movilidad y accesibilidad al \u00c1rea Metropolitana.<\/li>\n<\/ul>\n<ul>\n<li style=\"list-style-type: none\"><\/li>\n<\/ul>\n<p><img data-recalc-dims=\"1\" loading=\"lazy\" decoding=\"async\" class=\"wp-image-1670  alignright\" src=\"https:\/\/i0.wp.com\/vps181.cesvima.upm.es\/usv2019\/wp-content\/uploads\/sites\/4\/2019\/09\/Icono-Reequilibrio-300x192.jpg?resize=186%2C119&#038;ssl=1\" alt=\"\" width=\"186\" height=\"119\" srcset=\"https:\/\/i0.wp.com\/vps181.cesvima.upm.es\/usv2019\/wp-content\/uploads\/sites\/4\/2019\/09\/Icono-Reequilibrio.jpg?resize=300%2C192&amp;ssl=1 300w, https:\/\/i0.wp.com\/vps181.cesvima.upm.es\/usv2019\/wp-content\/uploads\/sites\/4\/2019\/09\/Icono-Reequilibrio.jpg?w=681&amp;ssl=1 681w\" sizes=\"auto, (max-width: 186px) 100vw, 186px\" \/><\/p>\n<p style=\"text-align: left\"><strong><span style=\"color: #993300\"><span style=\"color: #000000\">2.<a style=\"color: #000000\" href=\"https:\/\/vps181.cesvima.upm.es\/usv2019\/gobernanza-y-reequilibrio-territorial\/\"> Gobernanza y reequilibrio territorial<\/a><\/span><\/span><\/strong><\/p>\n<p style=\"text-align: left\">\u00a0 \u00a0 \u00a0Direcci\u00f3n:<\/p>\n<ul>\n<li>Agust\u00edn Hern\u00e1ndez Aja, catedr\u00e1tico de universidad, DUyOT-ETSAM-UPM.<\/li>\n<li>Ana D\u00edez Bermejo, arquitecta e investigadora, UPM.<\/li>\n<\/ul>\n<p style=\"text-align: left\">\u00a0 \u00a0 \u00a0M\u00f3dulos:<\/p>\n<ul>\n<li>M\u00f3dulo I: Marco para el reequilibrio territorial.<\/li>\n<li>M\u00f3dulo II: Gobernanza para el reequilibrio territorial.<\/li>\n<li>M\u00f3dulo III: Modelo para el reequilibrio territorial.<\/li>\n<li>M\u00f3dulo IV: Universidad y territorio: articulaci\u00f3n y sinergias funcionales.<\/li>\n<\/ul>\n<p style=\"text-align: left\"><strong><span style=\"color: #993300\"><span style=\"color: #000000\">3.<a style=\"color: #000000\" href=\"https:\/\/vps181.cesvima.upm.es\/usv2019\/ciudad-medio-ambiente-y-salud\/\"> Ciudad, medio ambiente y salud<img data-recalc-dims=\"1\" loading=\"lazy\" decoding=\"async\" class=\"wp-image-1747  alignright\" src=\"https:\/\/i0.wp.com\/vps181.cesvima.upm.es\/usv2019\/wp-content\/uploads\/sites\/4\/2019\/09\/Icono-Medio-Ambiente3-300x192.jpg?resize=187%2C120&#038;ssl=1\" alt=\"\" width=\"187\" height=\"120\" srcset=\"https:\/\/i0.wp.com\/vps181.cesvima.upm.es\/usv2019\/wp-content\/uploads\/sites\/4\/2019\/09\/Icono-Medio-Ambiente3.jpg?resize=300%2C192&amp;ssl=1 300w, https:\/\/i0.wp.com\/vps181.cesvima.upm.es\/usv2019\/wp-content\/uploads\/sites\/4\/2019\/09\/Icono-Medio-Ambiente3.jpg?w=681&amp;ssl=1 681w\" sizes=\"auto, (max-width: 187px) 100vw, 187px\" \/><\/a><\/span><\/span><\/strong><\/p>\n<p style=\"text-align: left\">\u00a0 \u00a0 \u00a0Direcci\u00f3n:<\/p>\n<ul>\n<li>Ester Higueras Garc\u00eda, profesora titular, DUyOT-ETSAM-UPM.<\/li>\n<li>Emilia Rom\u00e1n L\u00f3pez, profesora ayudante doctora, DUyOT-ETSAM-UPM.<\/li>\n<\/ul>\n<p style=\"text-align: left\">\u00a0 \u00a0 \u00a0M\u00f3dulos:<\/p>\n<ul>\n<li>M\u00f3dulo I: Ciudad, dise\u00f1o urbano y salud.<\/li>\n<li>M\u00f3dulo II: Ciudades para caminar.<\/li>\n<li>M\u00f3dulo III: Naturaleza en las ciudades.<\/li>\n<li>M\u00f3dulo IV: Espacios de convivencia.<\/li>\n<\/ul>\n<p style=\"text-align: left\"><strong><span style=\"color: #993300\"><span style=\"color: #000000\">4.<a style=\"color: #000000\" href=\"https:\/\/vps181.cesvima.upm.es\/usv2019\/ciudad-innovacion-y-tecnologia\/\"> Ciudad, innovaci\u00f3n y tecnolog\u00eda<img data-recalc-dims=\"1\" loading=\"lazy\" decoding=\"async\" class=\"wp-image-1672  alignright\" src=\"https:\/\/i0.wp.com\/vps181.cesvima.upm.es\/usv2019\/wp-content\/uploads\/sites\/4\/2019\/09\/Icono-Innovaci%C3%B3n-300x192.jpg?resize=187%2C120&#038;ssl=1\" alt=\"\" width=\"187\" height=\"120\" srcset=\"https:\/\/i0.wp.com\/vps181.cesvima.upm.es\/usv2019\/wp-content\/uploads\/sites\/4\/2019\/09\/Icono-Innovaci%C3%B3n.jpg?resize=300%2C192&amp;ssl=1 300w, https:\/\/i0.wp.com\/vps181.cesvima.upm.es\/usv2019\/wp-content\/uploads\/sites\/4\/2019\/09\/Icono-Innovaci%C3%B3n.jpg?w=681&amp;ssl=1 681w\" sizes=\"auto, (max-width: 187px) 100vw, 187px\" \/><\/a><\/span><\/span><\/strong><\/p>\n<p style=\"text-align: left\">\u00a0 \u00a0 \u00a0Direcci\u00f3n:<\/p>\n<ul>\n<li>Iv\u00e1n Rodr\u00edguez Su\u00e1rez, arquitecto y profesor asociado, DUyOT-ETSAM-UPM.<\/li>\n<\/ul>\n<p style=\"text-align: left\">\u00a0 \u00a0 \u00a0M\u00f3dulos:<\/p>\n<ul>\n<li>M\u00f3dulo I: Perspectivas sobre la innovaci\u00f3n, el cambio tecnol\u00f3gico y el reequilibrio territorial.<\/li>\n<li>M\u00f3dulo II: Redes de innovaci\u00f3n social y cultural.<\/li>\n<li>M\u00f3dulo III: Innovaci\u00f3n p\u00fablica e investigaci\u00f3n.<\/li>\n<li>M\u00f3dulo IV: Hacia un ecosistema de innovaci\u00f3n en el sur y este de Madrid.<\/li>\n<\/ul>\n<p style=\"text-align: left\"><strong><span style=\"color: #993300\"><span style=\"color: #000000\">5.<a style=\"color: #000000\" href=\"https:\/\/vps181.cesvima.upm.es\/usv2019\/territorios-sostenibles\/\"> Territorios sostenibles<img data-recalc-dims=\"1\" loading=\"lazy\" decoding=\"async\" class=\"wp-image-1674  alignright\" src=\"https:\/\/i0.wp.com\/vps181.cesvima.upm.es\/usv2019\/wp-content\/uploads\/sites\/4\/2019\/09\/Icono-Territorios-300x192.jpg?resize=187%2C120&#038;ssl=1\" alt=\"\" width=\"187\" height=\"120\" srcset=\"https:\/\/i0.wp.com\/vps181.cesvima.upm.es\/usv2019\/wp-content\/uploads\/sites\/4\/2019\/09\/Icono-Territorios.jpg?resize=300%2C192&amp;ssl=1 300w, https:\/\/i0.wp.com\/vps181.cesvima.upm.es\/usv2019\/wp-content\/uploads\/sites\/4\/2019\/09\/Icono-Territorios.jpg?w=681&amp;ssl=1 681w\" sizes=\"auto, (max-width: 187px) 100vw, 187px\" \/><\/a><\/span><\/span><\/strong><\/p>\n<p style=\"text-align: left\">\u00a0 \u00a0 \u00a0Direcci\u00f3n:<\/p>\n<ul>\n<li>Isabel Gonz\u00e1lez Garc\u00eda, profesora ayudante doctora, DUyOT-ETSAM-UPM.<\/li>\n<li>Rafael C\u00f3rdoba Hern\u00e1ndez, arquitecto y profesor asociado, DUyOT-ETSAM-UPM.<\/li>\n<\/ul>\n<p style=\"text-align: left\">\u00a0 \u00a0 \u00a0M\u00f3dulos:<\/p>\n<ul>\n<li>M\u00f3dulo I: Retos ambientales de los territorios en transici\u00f3n: contexto actual y diagn\u00f3stico.<\/li>\n<li>M\u00f3dulo II: La implementaci\u00f3n de los retos a escala territorial.<\/li>\n<li>M\u00f3dulo III: La implementaci\u00f3n de los retos a escala local.<\/li>\n<li>M\u00f3dulo IV: La implementaci\u00f3n de los retos a escala de barrio.<\/li>\n<\/ul>\n","protected":false},"excerpt":{"rendered":"<p>La Universidad Social 2019 se organiza en cinco cursos sobre diferentes tem\u00e1ticas, divididos en cuatro m\u00f3dulos de un d\u00eda de duraci\u00f3n. Puedes consultar la estructura de la USV si quieres m\u00e1s informaci\u00f3n sobre horarios y obtenci\u00f3n de certificados. Para descargar el programa completo puedes pinchar aqu\u00ed. Si quieres ver el detalle de cada curso, pincha [&hellip;]<\/p>\n","protected":false},"author":1,"featured_media":0,"parent":0,"menu_order":0,"comment_status":"closed","ping_status":"closed","template":"","meta":{"_genesis_hide_title":false,"_genesis_hide_breadcrumbs":false,"_genesis_hide_singular_image":false,"_genesis_hide_footer_widgets":false,"_genesis_custom_body_class":"","_genesis_custom_post_class":"","_genesis_layout":"","footnotes":""},"coauthors":[],"class_list":{"0":"post-972","1":"page","2":"type-page","3":"status-publish","5":"entry"},"aioseo_notices":[],"featured_image_src":null,"featured_image_src_square":null,"jetpack_sharing_enabled":true,"jetpack_likes_enabled":true,"jetpack_shortlink":"https:\/\/wp.me\/Pbh5zy-fG","_links":{"self":[{"href":"https:\/\/vps181.cesvima.upm.es\/usv2019\/wp-json\/wp\/v2\/pages\/972","targetHints":{"allow":["GET"]}}],"collection":[{"href":"https:\/\/vps181.cesvima.upm.es\/usv2019\/wp-json\/wp\/v2\/pages"}],"about":[{"href":"https:\/\/vps181.cesvima.upm.es\/usv2019\/wp-json\/wp\/v2\/types\/page"}],"author":[{"embeddable":true,"href":"https:\/\/vps181.cesvima.upm.es\/usv2019\/wp-json\/wp\/v2\/users\/1"}],"replies":[{"embeddable":true,"href":"https:\/\/vps181.cesvima.upm.es\/usv2019\/wp-json\/wp\/v2\/comments?post=972"}],"version-history":[{"count":10,"href":"https:\/\/vps181.cesvima.upm.es\/usv2019\/wp-json\/wp\/v2\/pages\/972\/revisions"}],"predecessor-version":[{"id":1751,"href":"https:\/\/vps181.cesvima.upm.es\/usv2019\/wp-json\/wp\/v2\/pages\/972\/revisions\/1751"}],"wp:attachment":[{"href":"https:\/\/vps181.cesvima.upm.es\/usv2019\/wp-json\/wp\/v2\/media?parent=972"}],"wp:term":[{"taxonomy":"author","embeddable":true,"href":"https:\/\/vps181.cesvima.upm.es\/usv2019\/wp-json\/wp\/v2\/coauthors?post=972"}],"curies":[{"name":"wp","href":"https:\/\/api.w.org\/{rel}","templated":true}]}}