{"id":977,"date":"2018-10-14T20:41:28","date_gmt":"2018-10-14T20:41:28","guid":{"rendered":"http:\/\/www.aq.upm.es\/giaus\/usvk2\/?page_id=977"},"modified":"2019-10-10T19:29:00","modified_gmt":"2019-10-10T17:29:00","slug":"estructura","status":"publish","type":"page","link":"https:\/\/vps181.cesvima.upm.es\/usv2019\/estructura\/","title":{"rendered":"Estructura de la USV19"},"content":{"rendered":"<p style=\"text-align: justify\"><span style=\"text-decoration: underline;color: #000000\"><strong>Estructura<\/strong><\/span><\/p>\n<p style=\"text-align: justify\">La Universidad Social de Puente de Vallecas se estructura en<span style=\"color: #000000\">\u00a0<a href=\"https:\/\/vps181.cesvima.upm.es\/usv2019\/cursos-usv\/\">cinco cursos<\/a> sobre diferentes tem\u00e1ticas, divididos en cuatro m\u00f3dulos de un d\u00eda, que se desarrollar\u00e1n en sesiones de ma\u00f1ana (de 9:30 a 15:00) y tarde (de 16:00 a 19:00). Las sesiones de tarde son comunes a todos los cursos y consistir\u00e1n en la presentaci\u00f3n de <a href=\"https:\/\/vps181.cesvima.upm.es\/usv2019\/experiencias-conferencias\/\">experiencias y conferencias<\/a> de inter\u00e9s para todas las personas participantes.<\/span><\/p>\n<p>Se entregar\u00e1 un diploma a quienes se matriculen y asistan a un curso completo (33 horas), y un certificado de asistencia a quienes asistan a m\u00f3dulos independientes (8,5 horas\/m\u00f3dulo). La asistencia a un curso completo de la USV permite la obtenci\u00f3n de un cr\u00e9dito ECTS para estudiantes de la UPM.<\/p>\n<p><img data-recalc-dims=\"1\" loading=\"lazy\" decoding=\"async\" class=\"alignnone wp-image-1901 size-large\" src=\"https:\/\/i0.wp.com\/vps181.cesvima.upm.es\/usv2019\/wp-content\/uploads\/sites\/4\/2019\/10\/1010-Estructura-cursos-1-1024x807.jpg?resize=702%2C553&#038;ssl=1\" alt=\"\" width=\"702\" height=\"553\" srcset=\"https:\/\/i0.wp.com\/vps181.cesvima.upm.es\/usv2019\/wp-content\/uploads\/sites\/4\/2019\/10\/1010-Estructura-cursos-1.jpg?resize=1024%2C807&amp;ssl=1 1024w, https:\/\/i0.wp.com\/vps181.cesvima.upm.es\/usv2019\/wp-content\/uploads\/sites\/4\/2019\/10\/1010-Estructura-cursos-1.jpg?resize=300%2C236&amp;ssl=1 300w, https:\/\/i0.wp.com\/vps181.cesvima.upm.es\/usv2019\/wp-content\/uploads\/sites\/4\/2019\/10\/1010-Estructura-cursos-1.jpg?resize=768%2C605&amp;ssl=1 768w, https:\/\/i0.wp.com\/vps181.cesvima.upm.es\/usv2019\/wp-content\/uploads\/sites\/4\/2019\/10\/1010-Estructura-cursos-1.jpg?w=1404&amp;ssl=1 1404w, https:\/\/i0.wp.com\/vps181.cesvima.upm.es\/usv2019\/wp-content\/uploads\/sites\/4\/2019\/10\/1010-Estructura-cursos-1.jpg?w=2106&amp;ssl=1 2106w\" sizes=\"auto, (max-width: 702px) 100vw, 702px\" \/><\/p>\n<p style=\"text-align: justify\"><span style=\"text-decoration: underline;color: #000000\"><strong>Programa<\/strong><\/span><\/p>\n<p style=\"text-align: justify\">Puedes descargar el programa completo de la USV19 en <a href=\"https:\/\/vps181.cesvima.upm.es\/usv2019\/estructura\/programa\/\">este enlace<\/a>.<\/p>\n<p style=\"text-align: justify\"><span style=\"text-decoration: underline;color: #000000\"><strong>Tr\u00edptico informativo<\/strong><\/span><\/p>\n<p style=\"text-align: justify\">Puedes descargar el tr\u00edptico informativo de la USV19 en <a href=\"https:\/\/vps181.cesvima.upm.es\/usv2019\/triptico\/\">este enlace<\/a>.<\/p>\n<p style=\"text-align: justify\"><span style=\"text-decoration: underline;color: #000000\"><strong>Cartel<\/strong><\/span><\/p>\n<p style=\"text-align: justify\">Puedes descargar el cartel de la USV19 en <a href=\"https:\/\/vps181.cesvima.upm.es\/usv2019\/estructura\/cartel\/\">este enlace<\/a>.<\/p>\n\n\n<p><\/p>\n","protected":false},"excerpt":{"rendered":"<p>Estructura La Universidad Social de Puente de Vallecas se estructura en\u00a0cinco cursos sobre diferentes tem\u00e1ticas, divididos en cuatro m\u00f3dulos de un d\u00eda, que se desarrollar\u00e1n en sesiones de ma\u00f1ana (de 9:30 a 15:00) y tarde (de 16:00 a 19:00). Las sesiones de tarde son comunes a todos los cursos y consistir\u00e1n en la presentaci\u00f3n de [&hellip;]<\/p>\n","protected":false},"author":1,"featured_media":0,"parent":0,"menu_order":0,"comment_status":"closed","ping_status":"closed","template":"","meta":{"_genesis_hide_title":false,"_genesis_hide_breadcrumbs":false,"_genesis_hide_singular_image":false,"_genesis_hide_footer_widgets":false,"_genesis_custom_body_class":"","_genesis_custom_post_class":"","_genesis_layout":"","footnotes":""},"coauthors":[],"class_list":{"0":"post-977","1":"page","2":"type-page","3":"status-publish","5":"entry"},"aioseo_notices":[],"featured_image_src":null,"featured_image_src_square":null,"jetpack_sharing_enabled":true,"jetpack_likes_enabled":true,"jetpack_shortlink":"https:\/\/wp.me\/Pbh5zy-fL","_links":{"self":[{"href":"https:\/\/vps181.cesvima.upm.es\/usv2019\/wp-json\/wp\/v2\/pages\/977","targetHints":{"allow":["GET"]}}],"collection":[{"href":"https:\/\/vps181.cesvima.upm.es\/usv2019\/wp-json\/wp\/v2\/pages"}],"about":[{"href":"https:\/\/vps181.cesvima.upm.es\/usv2019\/wp-json\/wp\/v2\/types\/page"}],"author":[{"embeddable":true,"href":"https:\/\/vps181.cesvima.upm.es\/usv2019\/wp-json\/wp\/v2\/users\/1"}],"replies":[{"embeddable":true,"href":"https:\/\/vps181.cesvima.upm.es\/usv2019\/wp-json\/wp\/v2\/comments?post=977"}],"version-history":[{"count":16,"href":"https:\/\/vps181.cesvima.upm.es\/usv2019\/wp-json\/wp\/v2\/pages\/977\/revisions"}],"predecessor-version":[{"id":1902,"href":"https:\/\/vps181.cesvima.upm.es\/usv2019\/wp-json\/wp\/v2\/pages\/977\/revisions\/1902"}],"wp:attachment":[{"href":"https:\/\/vps181.cesvima.upm.es\/usv2019\/wp-json\/wp\/v2\/media?parent=977"}],"wp:term":[{"taxonomy":"author","embeddable":true,"href":"https:\/\/vps181.cesvima.upm.es\/usv2019\/wp-json\/wp\/v2\/coauthors?post=977"}],"curies":[{"name":"wp","href":"https:\/\/api.w.org\/{rel}","templated":true}]}}