{"id":26,"date":"2017-09-11T06:12:55","date_gmt":"2017-09-11T06:12:55","guid":{"rendered":"http:\/\/www2.aq.upm.es\/Departamentos\/Urbanismo\/blogs\/vallecas-upm\/?page_id=26"},"modified":"2017-09-11T06:12:55","modified_gmt":"2017-09-11T06:12:55","slug":"ebvk","status":"publish","type":"page","link":"https:\/\/vps181.cesvima.upm.es\/usvk-ebvk-2017\/ebvk\/","title":{"rendered":"I Encuentro Internacional de Barrios de Vallecas"},"content":{"rendered":"<p style=\"text-align: right\"><span style=\"font-size: 10pt\"><span style=\"color: #b2935e\">\u2502<strong>EBVK<\/strong>\u2502<\/span><a href=\"http:\/\/www2.aq.upm.es\/Departamentos\/Urbanismo\/blogs\/vallecas-upm\/conferencias-ebvk\/\" rel=\"noopener\">CONFERENCIAS<\/a><span style=\"color: #b2935e\"> \u2502<\/span><a href=\"http:\/\/www2.aq.upm.es\/Departamentos\/Urbanismo\/blogs\/vallecas-upm\/experiencias-ebvk\/\">EXPERIENCIAS<\/a> \u2502<a href=\"http:\/\/www2.aq.upm.es\/Departamentos\/Urbanismo\/blogs\/vallecas-upm\/talleres-ebvk\/\">TALLERES<\/a><span style=\"color: #b2935e\">\u2502<a href=\"http:\/\/www2.aq.upm.es\/Departamentos\/Urbanismo\/blogs\/vallecas-upm\/files\/2017\/10\/triptico-ebvk.pdf\" target=\"_blank\" rel=\"noopener noreferrer\">PROGRAMA<\/a><\/span><\/span><\/p>\n<p align=\"justify\">El <strong>I Encuentro Internacional de Barrios (<span style=\"color: #b29356\">EB<\/span>VK)<\/strong> es un seminario internacional de iniciativas y profesionales orientados al trabajo en estos barrios. Impulsado por el distrito de Villa Vallecas, pionero en la innovaci\u00f3n social y participaci\u00f3n ciudadana, toma como punto de partida la participaci\u00f3n de las entidades ciudadanas y vecinos y vecinas de Villa de Vallecas para enfrentar el reto de promover el reequilibrio territorial en barrios desfavorecidos desde la perspectiva urban\u00edstica y social.<\/p>\n<p align=\"justify\">El Encuentro, que tiene como principales objetivos potenciar el trabajo en red de los diferentes agentes sociales y de los distintos barrios y crear un banco de recursos,\u00a0 se organiza en dos d\u00edas:<\/p>\n<p align=\"justify\"><span style=\"color: #000000\"><span style=\"color: #b2935e\"><strong>1\u00ba jornada:<\/strong> <\/span>Busca establecer un marco general gracias a tres <a href=\"http:\/\/www2.aq.upm.es\/Departamentos\/Urbanismo\/blogs\/vallecas-upm\/conferencias-ebvk\/\" target=\"_blank\" rel=\"noopener noreferrer\">conferencias <\/a>de expertos internacionales y a una mesa redonda en la que se discutur\u00e1n desde un punto de vista local las cuestiones planteadas en el marco global.<br \/>\n<\/span><\/p>\n<p align=\"justify\"><span style=\"color: #000000\"><span style=\"color: #b2935e\"><strong>2\u00ba jornada:<\/strong><\/span> E<\/span>nfocada en los barrios, busca generar redes y detectar recursos mediante la presentaci\u00f3n de seis <a href=\"http:\/\/www2.aq.upm.es\/Departamentos\/Urbanismo\/blogs\/vallecas-upm\/experiencias-ebvk\/\" target=\"_blank\" rel=\"noopener noreferrer\">experiencias concretas<\/a> en barrios y de su posterior discusi\u00f3n en seis grupos de trabajo y puesta en com\u00fan.<\/p>\n<p align=\"justify\">El desarrollo los d\u00edas previos al encuentro de la <strong>Universidad Social de Vallecas <a href=\"http:\/\/www2.aq.upm.es\/Departamentos\/Urbanismo\/blogs\/vallecas-upm\/usvk\" target=\"_blank\" rel=\"noopener noreferrer\"><span style=\"color: #6ccc4a\">(US<\/span>VK)<\/a>,<\/strong> dar\u00e1 la posibilidad de generar sinergias entre ambos y recoger parte del conocimiento y de las discusiones generadas.<\/p>\n<p align=\"justify\">El Encuentro se desarrollar\u00e1 del <span style=\"color: #000000\"><strong>27 al 28 de octubre<\/strong><\/span> en el <a href=\"http:\/\/www.madrid.es\/portales\/munimadrid\/es\/Inicio\/Cultura-ocio-y-deporte\/Cultura-y-ocio\/Direcciones-y-telefonos\/Centro-Juvenil-El-Sitio-de-mi-Recreo-Villa-de-Vallecas-?vgnextfmt=default&amp;vgnextoid=9bd738d60b41c010VgnVCM2000000c205a0aRCRD&amp;vgnextchannel=76f3efff228fe410VgnVCM2000000c205a0aRCRD\" target=\"_blank\" rel=\"noopener noreferrer\">Centro Juvenil El Sitio de mi Recreo<\/a>, situado en el distrito de Villa de Vallecas.<\/p>\n<p><span style=\"color: #b2935e\"><strong>DIRECCI\u00d3N Y COORDINACION<\/strong><\/span><br \/>\n<strong>Direcci\u00f3n y coordinaci\u00f3n: <\/strong>Agust\u00edn Hern\u00e1ndez Aja, Profesor Titular de la E.T.S. de Arquitectura de Madrid de la U.P.M. y Angela Matesanz Parellada, Arquitecta Doctora \u00a0U.P.M.<br \/>\n<strong>Coordinaci\u00f3n t\u00e9cnica:<\/strong> Javier Rayo Ortig\u00fcela, Servicio Formaci\u00f3n Continua, U.P.M.<br \/>\n<strong>Apoyo a las jornadas : <\/strong>Marta Gayoso Heredia, grado en Arquitectura U.P.M.<\/p>\n<p align=\"justify\"><span style=\"color: #b29356\"><strong>MAS INFORMACI\u00d3N<\/strong><\/span><\/p>\n<p align=\"justify\"><a href=\"http:\/\/www2.aq.upm.es\/Departamentos\/Urbanismo\/blogs\/vallecas-upm\/conferencias-ebvk\/\" target=\"_blank\" rel=\"noopener noreferrer\">Conferencias<\/a><\/p>\n<p align=\"justify\"><a href=\"http:\/\/www2.aq.upm.es\/Departamentos\/Urbanismo\/blogs\/vallecas-upm\/experiencias-ebvk\/\" target=\"_blank\" rel=\"noopener noreferrer\">Experiencias<\/a><\/p>\n<p align=\"justify\"><a href=\"http:\/\/www2.aq.upm.es\/Departamentos\/Urbanismo\/blogs\/vallecas-upm\/talleres-ebvk\/\">Talleres<\/a><\/p>\n<p align=\"justify\"><a href=\"http:\/\/www2.aq.upm.es\/Departamentos\/Urbanismo\/blogs\/vallecas-upm\/files\/2017\/10\/dossierEBVK.pdf\" target=\"_blank\" rel=\"noopener noreferrer\">Dossier EBVK<\/a><\/p>\n<p align=\"justify\"><a href=\"http:\/\/www2.aq.upm.es\/Departamentos\/Urbanismo\/blogs\/vallecas-upm\/files\/2017\/10\/triptico-ebvk.pdf\" target=\"_blank\" rel=\"noopener noreferrer\">Progarma EBVK<\/a><\/p>\n<p><span style=\"color: #b2935e;font-size: 14pt\"><strong>V\u00eddeos de las jornadas<\/strong><\/span><\/p>\n<p><span style=\"color: #b29356\"><strong>ENTIDADES <\/strong><\/span><\/p>\n<table style=\"width: 580px\">\n<tbody>\n<tr>\n<td style=\"width: 121.5px\"><a href=\"http:\/\/www.madrid.es\/portales\/munimadrid\/es\/Inicio\/El-Ayuntamiento\/Villa-de-Vallecas?vgnextfmt=default&amp;vgnextchannel=8291ca5d5fb96010VgnVCM100000dc0ca8c0RCRD\" target=\"_blank\" rel=\"noopener noreferrer\"><img loading=\"lazy\" decoding=\"async\" class=\"alignnone wp-image-18\" src=\"https:\/\/vps181.cesvima.upm.es\/usvk-ebvk-2017\/wp-content\/uploads\/sites\/7\/2017\/09\/VILLLA-1.jpg\" alt=\"\" width=\"65\" height=\"65\" srcset=\"https:\/\/vps181.cesvima.upm.es\/usvk-ebvk-2017\/wp-content\/uploads\/sites\/7\/2017\/09\/VILLLA-1.jpg 225w, https:\/\/vps181.cesvima.upm.es\/usvk-ebvk-2017\/wp-content\/uploads\/sites\/7\/2017\/09\/VILLLA-1-150x150.jpg 150w, https:\/\/vps181.cesvima.upm.es\/usvk-ebvk-2017\/wp-content\/uploads\/sites\/7\/2017\/09\/VILLLA-1-100x100.jpg 100w\" sizes=\"auto, (max-width: 65px) 100vw, 65px\" \/><\/a><\/td>\n<td style=\"width: 442.5px\"><span style=\"font-size: 10pt\">Junta de Villa de Vallecas<\/span><\/td>\n<\/tr>\n<tr>\n<td style=\"width: 121.5px\"><a href=\"http:\/\/www.madrid.es\/portal\/site\/munimadrid\" target=\"_blank\" rel=\"noopener noreferrer\"><img loading=\"lazy\" decoding=\"async\" class=\"alignnone wp-image-84\" src=\"https:\/\/vps181.cesvima.upm.es\/usvk-ebvk-2017\/wp-content\/uploads\/sites\/7\/2017\/09\/Ayto.jpg\" alt=\"\" width=\"60\" height=\"60\" \/><\/a><\/td>\n<td style=\"width: 442.5px\"><span style=\"font-size: 10pt\">Ayuntamiento de Madrid<\/span><\/td>\n<\/tr>\n<tr>\n<td style=\"width: 121.5px\"><a href=\"http:\/\/www.madrid.es\/portal\/site\/munimadrid\" target=\"_blank\" rel=\"noopener noreferrer\"><img loading=\"lazy\" decoding=\"async\" class=\"alignnone wp-image-19\" src=\"https:\/\/vps181.cesvima.upm.es\/usvk-ebvk-2017\/wp-content\/uploads\/sites\/7\/2017\/09\/upm.jpg\" alt=\"\" width=\"65\" height=\"65\" \/><\/a><\/td>\n<td style=\"width: 442.5px\"><span style=\"font-size: 10pt\">Universidad Polit\u00e9cnica de Madrid<\/span><\/td>\n<\/tr>\n<\/tbody>\n<\/table>\n<p><img loading=\"lazy\" decoding=\"async\" class=\"aligncenter size-full wp-image-662\" src=\"https:\/\/vps181.cesvima.upm.es\/usvk-ebvk-2017\/wp-content\/uploads\/sites\/7\/2017\/10\/EVBK-_Cartel_r.jpg\" alt=\"\" width=\"3000\" height=\"4231\" srcset=\"https:\/\/vps181.cesvima.upm.es\/usvk-ebvk-2017\/wp-content\/uploads\/sites\/7\/2017\/10\/EVBK-_Cartel_r.jpg 3000w, https:\/\/vps181.cesvima.upm.es\/usvk-ebvk-2017\/wp-content\/uploads\/sites\/7\/2017\/10\/EVBK-_Cartel_r-213x300.jpg 213w, https:\/\/vps181.cesvima.upm.es\/usvk-ebvk-2017\/wp-content\/uploads\/sites\/7\/2017\/10\/EVBK-_Cartel_r-768x1083.jpg 768w, https:\/\/vps181.cesvima.upm.es\/usvk-ebvk-2017\/wp-content\/uploads\/sites\/7\/2017\/10\/EVBK-_Cartel_r-726x1024.jpg 726w\" sizes=\"auto, (max-width: 767px) 89vw, (max-width: 1000px) 54vw, (max-width: 1071px) 543px, 580px\" \/><\/p>\n<table>\n<tbody>\n<tr>\n<td><a href=\"http:\/\/www2.aq.upm.es\/Departamentos\/Urbanismo\/blogs\/vallecas-upm\/usvk\/\"><img loading=\"lazy\" decoding=\"async\" class=\"alignright size-thumbnail wp-image-135\" src=\"https:\/\/vps181.cesvima.upm.es\/usvk-ebvk-2017\/wp-content\/uploads\/sites\/7\/2017\/09\/usvk-150x150.jpg\" alt=\"\" width=\"150\" height=\"150\" srcset=\"https:\/\/vps181.cesvima.upm.es\/usvk-ebvk-2017\/wp-content\/uploads\/sites\/7\/2017\/09\/usvk-150x150.jpg 150w, https:\/\/vps181.cesvima.upm.es\/usvk-ebvk-2017\/wp-content\/uploads\/sites\/7\/2017\/09\/usvk-100x100.jpg 100w\" sizes=\"auto, (max-width: 150px) 100vw, 150px\" \/><\/a><\/td>\n<td><a href=\"http:\/\/www2.aq.upm.es\/Departamentos\/Urbanismo\/blogs\/vallecas-upm\/ebvk\/\"><img loading=\"lazy\" decoding=\"async\" class=\"alignright size-thumbnail wp-image-206\" src=\"https:\/\/vps181.cesvima.upm.es\/usvk-ebvk-2017\/wp-content\/uploads\/sites\/7\/2017\/09\/EBVK-ESC-150x150.jpg\" alt=\"\" width=\"150\" height=\"150\" srcset=\"https:\/\/vps181.cesvima.upm.es\/usvk-ebvk-2017\/wp-content\/uploads\/sites\/7\/2017\/09\/EBVK-ESC-150x150.jpg 150w, https:\/\/vps181.cesvima.upm.es\/usvk-ebvk-2017\/wp-content\/uploads\/sites\/7\/2017\/09\/EBVK-ESC-300x300.jpg 300w, https:\/\/vps181.cesvima.upm.es\/usvk-ebvk-2017\/wp-content\/uploads\/sites\/7\/2017\/09\/EBVK-ESC-768x769.jpg 768w, https:\/\/vps181.cesvima.upm.es\/usvk-ebvk-2017\/wp-content\/uploads\/sites\/7\/2017\/09\/EBVK-ESC-1024x1024.jpg 1024w, https:\/\/vps181.cesvima.upm.es\/usvk-ebvk-2017\/wp-content\/uploads\/sites\/7\/2017\/09\/EBVK-ESC-100x100.jpg 100w\" sizes=\"auto, (max-width: 150px) 100vw, 150px\" \/><\/a><\/td>\n<\/tr>\n<\/tbody>\n<\/table>\n","protected":false},"excerpt":{"rendered":"<p>\u2502EBVK\u2502CONFERENCIAS \u2502EXPERIENCIAS \u2502TALLERES\u2502PROGRAMA El I Encuentro Internacional de Barrios (EBVK) es un seminario internacional de iniciativas y profesionales orientados al trabajo en estos barrios. Impulsado por el distrito de Villa Vallecas, pionero en la innovaci\u00f3n social y participaci\u00f3n ciudadana, toma como punto de partida la participaci\u00f3n de las entidades ciudadanas y vecinos y vecinas de &hellip; <\/p>\n<p class=\"link-more\"><a href=\"https:\/\/vps181.cesvima.upm.es\/usvk-ebvk-2017\/ebvk\/\" class=\"more-link\">Continuar leyendo<span class=\"screen-reader-text\"> \u00abI Encuentro Internacional de Barrios de Vallecas\u00bb<\/span><\/a><\/p>\n","protected":false},"author":1,"featured_media":0,"parent":0,"menu_order":0,"comment_status":"closed","ping_status":"closed","template":"","meta":{"footnotes":""},"coauthors":[],"class_list":["post-26","page","type-page","status-publish","hentry"],"aioseo_notices":[],"jetpack_sharing_enabled":true,"_links":{"self":[{"href":"https:\/\/vps181.cesvima.upm.es\/usvk-ebvk-2017\/wp-json\/wp\/v2\/pages\/26","targetHints":{"allow":["GET"]}}],"collection":[{"href":"https:\/\/vps181.cesvima.upm.es\/usvk-ebvk-2017\/wp-json\/wp\/v2\/pages"}],"about":[{"href":"https:\/\/vps181.cesvima.upm.es\/usvk-ebvk-2017\/wp-json\/wp\/v2\/types\/page"}],"author":[{"embeddable":true,"href":"https:\/\/vps181.cesvima.upm.es\/usvk-ebvk-2017\/wp-json\/wp\/v2\/users\/1"}],"replies":[{"embeddable":true,"href":"https:\/\/vps181.cesvima.upm.es\/usvk-ebvk-2017\/wp-json\/wp\/v2\/comments?post=26"}],"version-history":[{"count":0,"href":"https:\/\/vps181.cesvima.upm.es\/usvk-ebvk-2017\/wp-json\/wp\/v2\/pages\/26\/revisions"}],"wp:attachment":[{"href":"https:\/\/vps181.cesvima.upm.es\/usvk-ebvk-2017\/wp-json\/wp\/v2\/media?parent=26"}],"wp:term":[{"taxonomy":"author","embeddable":true,"href":"https:\/\/vps181.cesvima.upm.es\/usvk-ebvk-2017\/wp-json\/wp\/v2\/coauthors?post=26"}],"curies":[{"name":"wp","href":"https:\/\/api.w.org\/{rel}","templated":true}]}}