{"id":769,"date":"2017-09-08T09:10:10","date_gmt":"2017-09-08T09:10:10","guid":{"rendered":"http:\/\/www2.aq.upm.es\/Departamentos\/Urbanismo\/blogs\/vallecas-upm\/?page_id=2"},"modified":"2017-09-08T09:10:10","modified_gmt":"2017-09-08T09:10:10","slug":"usvk","status":"publish","type":"page","link":"https:\/\/vps181.cesvima.upm.es\/usvk-ebvk-2017\/usvk\/","title":{"rendered":"Universidad Social de Vallecas"},"content":{"rendered":"<p style=\"text-align: right\"><span style=\"font-size: 10pt\"><span style=\"color: #6ccc4a\">\u2502<strong>US<span style=\"color: #000000\">VK<\/span><\/strong>\u2502<\/span><a href=\"http:\/\/www2.aq.upm.es\/Departamentos\/Urbanismo\/blogs\/vallecas-upm\/conferencias-usvk\/\" rel=\"noopener\">CONFERENCIAS<\/a><span style=\"color: #6ccc4a\"> \u2502<\/span><a href=\"http:\/\/www2.aq.upm.es\/Departamentos\/Urbanismo\/blogs\/vallecas-upm\/cursos-usvk\/\">CURSOS<\/a><span style=\"color: #6ccc4a\">\u2502<\/span><a href=\"http:\/\/www2.aq.upm.es\/Departamentos\/Urbanismo\/blogs\/vallecas-upm\/files\/2017\/09\/dossierUSVK.pdf\" target=\"_blank\" rel=\"noopener noreferrer\">DOSSIER-USVK<\/a><span style=\"color: #6ccc4a\">\u2502<\/span><\/span><\/p>\n<p align=\"justify\">La <strong>Universidad Social de Vallecas (<span style=\"color: #6ccc4a\">US<\/span>VK)<\/strong> ofrece un programa educativo y cultural a partir de la realizaci\u00f3n de actividades y cursos formativos en unas jornadas de puertas abiertas. Su intenci\u00f3n es crear un espacio de conocimiento e intercambio de ideas sobre temas relacionados con la ciudad con una perspectiva hacia la correcci\u00f3n de las desigualdades y desequilibrios sociales.<\/p>\n<p align=\"justify\">La Universidad Social se organiza en<span style=\"color: #6ccc4a\"><strong> cinc<\/strong><strong>o<\/strong> <strong>cursos<\/strong><\/span> <span style=\"color: #000000\">divididos <\/span>en cuatro m\u00f3dulos y unas <span style=\"color: #6ccc4a\"><strong>conferencias<\/strong> <\/span>de cierre con un car\u00e1cter formativo y cr\u00edtico. Cabe la posibilidad de aplicar el conocimiento adquirido en el Encuentro de Barrios d\u00f3nde se analizan experiencias urbanas espec\u00edficas y su posibilidad de implementaci\u00f3n en los barrios vulnerables de Vallecas.<\/p>\n<p align=\"justify\">Adem\u00e1s de crear espacios educativos y culturales de intercambio de ideas en los que aprender sobre temas de ciudad y vida social, busca\u00a0 generar nuevas din\u00e1micas de emprendimiento en el distrito de Vallecas y mejorar las din\u00e1micas sociales en los distintos barrios, proporcionando instrumentos a las personas que mejoren el tejido social y el conocimiento colectivo.<\/p>\n<p align=\"justify\">Los cursos y m\u00f3dulo de la Universidd Social de Vallecas se desarrollar\u00e1n del\u00a0 23 al 26 octubre se celebrara en la <a href=\"http:\/\/www.etsist.upm.es\" target=\"_blank\" rel=\"noopener noreferrer\">E.T.S de Ingenier\u00eda y Sistemas de Telecomunicaci\u00f3n<\/a>\u00a0 de la Universidad Polit\u00e9cnica de Madrid.<\/p>\n<p align=\"justify\"><span style=\"color: #6ccc4a\"><strong>DIRECCI\u00d3N Y COORDINACI\u00d3N<\/strong><\/span><\/p>\n<p align=\"justify\"><strong>Direcci\u00f3n: <\/strong>Agust\u00edn Hern\u00e1ndez Aja, <span style=\"font-size: 12pt\">Profesor Titular de la E.T.S. de Arquitectura de la U.P.M.<\/span><br \/>\n<strong>Coordinaci\u00f3n: <\/strong>Laura Picardo Costales, soci\u00f3loga, M\u00e1ster <span style=\"font-size: 10pt\">UPM<\/span><br \/>\n<strong>Coordinaci\u00f3n t\u00e9cnica:<\/strong> Javier Rayo Ortig\u00fcela, Servicio Formaci\u00f3n Continua, UPM<\/p>\n<p align=\"justify\"><span style=\"color: #6ccc4a\"><strong>M\u00c1S INFORMACI\u00d3N<\/strong><\/span><\/p>\n<p><a href=\"http:\/\/www2.aq.upm.es\/Departamentos\/Urbanismo\/blogs\/vallecas-upm\/cursos-usvk\/\" target=\"_blank\" rel=\"noopener noreferrer\"><strong><span style=\"color: #000000\">Cursos<\/span><\/strong><\/a><\/p>\n<p align=\"justify\"><span style=\"color: #000000\"><strong><a href=\"http:\/\/www2.aq.upm.es\/Departamentos\/Urbanismo\/blogs\/vallecas-upm\/conferencias-usvk\/\" target=\"_blank\" rel=\"noopener noreferrer\">Conferencias<\/a><\/strong><\/span><\/p>\n<p align=\"justify\"><strong><a href=\"http:\/\/www2.aq.upm.es\/Departamentos\/Urbanismo\/blogs\/vallecas-upm\/files\/2017\/09\/programaUSVK.pdf\" target=\"_blank\" rel=\"noopener noreferrer\">Programa<\/a><\/strong><\/p>\n<p align=\"justify\"><a href=\"http:\/\/www2.aq.upm.es\/Departamentos\/Urbanismo\/blogs\/vallecas-upm\/files\/2017\/10\/USVK-triptico-R.pdf\" target=\"_blank\" rel=\"noopener noreferrer\"><strong>Tr\u00edptico<\/strong><\/a><\/p>\n<p align=\"justify\"><strong><a href=\"http:\/\/www2.aq.upm.es\/Departamentos\/Urbanismo\/blogs\/vallecas-upm\/files\/2017\/09\/dossierUSVK.pdf\" target=\"_blank\" rel=\"noopener noreferrer\">Dossier completo<\/a><br \/>\n<\/strong><\/p>\n<p align=\"justify\"><span style=\"color: #000000\"><strong><a href=\"http:\/\/www.upm.es\/unisocial\" target=\"_blank\" rel=\"noopener noreferrer\">inscripci\u00f3n\u00a0 e informaci\u00f3n acad\u00e9mica<\/a>:\u00a0 <\/strong><\/span><span style=\"font-size: 10pt\">http\/:www.upm.es\/unisocial<\/span><\/p>\n<p>&nbsp;<\/p>\n<p><strong><span style=\"color: #6ccc4a\">ENTIDADES<\/span> <\/strong><\/p>\n<table style=\"width: 580px\">\n<tbody>\n<tr>\n<td style=\"width: 121.5px\"><img loading=\"lazy\" decoding=\"async\" class=\"alignnone wp-image-20\" src=\"https:\/\/vps181.cesvima.upm.es\/usvk-ebvk-2017\/wp-content\/uploads\/sites\/7\/2017\/09\/Puente-150x150.jpg\" alt=\"\" width=\"60\" height=\"60\" srcset=\"https:\/\/vps181.cesvima.upm.es\/usvk-ebvk-2017\/wp-content\/uploads\/sites\/7\/2017\/09\/Puente-150x150.jpg 150w, https:\/\/vps181.cesvima.upm.es\/usvk-ebvk-2017\/wp-content\/uploads\/sites\/7\/2017\/09\/Puente-100x100.jpg 100w, https:\/\/vps181.cesvima.upm.es\/usvk-ebvk-2017\/wp-content\/uploads\/sites\/7\/2017\/09\/Puente.jpg 225w\" sizes=\"auto, (max-width: 60px) 100vw, 60px\" \/><\/td>\n<td style=\"width: 442.5px\"><span style=\"font-size: 10pt\">Junta de Puente de Vallecas<\/span><\/td>\n<\/tr>\n<tr>\n<td style=\"width: 121.5px\"><img loading=\"lazy\" decoding=\"async\" class=\"alignnone wp-image-84\" src=\"https:\/\/vps181.cesvima.upm.es\/usvk-ebvk-2017\/wp-content\/uploads\/sites\/7\/2017\/09\/Ayto.jpg\" alt=\"\" width=\"60\" height=\"60\" \/><\/td>\n<td style=\"width: 442.5px\"><span style=\"font-size: 10pt\">Ayuntamiento de Madrid<\/span><\/td>\n<\/tr>\n<tr>\n<td style=\"width: 121.5px\"><img loading=\"lazy\" decoding=\"async\" class=\"alignnone wp-image-19\" src=\"https:\/\/vps181.cesvima.upm.es\/usvk-ebvk-2017\/wp-content\/uploads\/sites\/7\/2017\/09\/upm.jpg\" alt=\"\" width=\"77\" height=\"65\" \/><\/td>\n<td style=\"width: 442.5px\"><span style=\"font-size: 10pt\">Universidad Polit\u00e9cnica de Madrid<\/span><\/td>\n<\/tr>\n<tr>\n<td style=\"width: 121.5px\"><\/td>\n<td style=\"width: 442.5px\"><\/td>\n<\/tr>\n<\/tbody>\n<\/table>\n<p><img loading=\"lazy\" decoding=\"async\" class=\"aligncenter size-full wp-image-499\" src=\"https:\/\/vps181.cesvima.upm.es\/usvk-ebvk-2017\/wp-content\/uploads\/sites\/7\/2017\/09\/USVK_cartel-20171013.jpg\" alt=\"\" width=\"1191\" height=\"1684\" srcset=\"https:\/\/vps181.cesvima.upm.es\/usvk-ebvk-2017\/wp-content\/uploads\/sites\/7\/2017\/09\/USVK_cartel-20171013.jpg 1191w, https:\/\/vps181.cesvima.upm.es\/usvk-ebvk-2017\/wp-content\/uploads\/sites\/7\/2017\/09\/USVK_cartel-20171013-212x300.jpg 212w, https:\/\/vps181.cesvima.upm.es\/usvk-ebvk-2017\/wp-content\/uploads\/sites\/7\/2017\/09\/USVK_cartel-20171013-768x1086.jpg 768w, https:\/\/vps181.cesvima.upm.es\/usvk-ebvk-2017\/wp-content\/uploads\/sites\/7\/2017\/09\/USVK_cartel-20171013-724x1024.jpg 724w\" sizes=\"auto, (max-width: 767px) 89vw, (max-width: 1000px) 54vw, (max-width: 1071px) 543px, 580px\" \/><\/p>\n<table>\n<tbody>\n<tr>\n<td><a href=\"http:\/\/www2.aq.upm.es\/Departamentos\/Urbanismo\/blogs\/vallecas-upm\/usvk\/\"><img loading=\"lazy\" decoding=\"async\" class=\"alignright size-thumbnail wp-image-135\" src=\"https:\/\/vps181.cesvima.upm.es\/usvk-ebvk-2017\/wp-content\/uploads\/sites\/7\/2017\/09\/usvk-150x150.jpg\" alt=\"\" width=\"150\" height=\"150\" srcset=\"https:\/\/vps181.cesvima.upm.es\/usvk-ebvk-2017\/wp-content\/uploads\/sites\/7\/2017\/09\/usvk-150x150.jpg 150w, https:\/\/vps181.cesvima.upm.es\/usvk-ebvk-2017\/wp-content\/uploads\/sites\/7\/2017\/09\/usvk-100x100.jpg 100w\" sizes=\"auto, (max-width: 150px) 100vw, 150px\" \/><\/a><\/td>\n<td><a href=\"http:\/\/www2.aq.upm.es\/Departamentos\/Urbanismo\/blogs\/vallecas-upm\/ebvk\/\"><img loading=\"lazy\" decoding=\"async\" class=\"alignright size-thumbnail wp-image-206\" src=\"https:\/\/vps181.cesvima.upm.es\/usvk-ebvk-2017\/wp-content\/uploads\/sites\/7\/2017\/09\/EBVK-ESC-150x150.jpg\" alt=\"\" width=\"150\" height=\"150\" srcset=\"https:\/\/vps181.cesvima.upm.es\/usvk-ebvk-2017\/wp-content\/uploads\/sites\/7\/2017\/09\/EBVK-ESC-150x150.jpg 150w, https:\/\/vps181.cesvima.upm.es\/usvk-ebvk-2017\/wp-content\/uploads\/sites\/7\/2017\/09\/EBVK-ESC-300x300.jpg 300w, https:\/\/vps181.cesvima.upm.es\/usvk-ebvk-2017\/wp-content\/uploads\/sites\/7\/2017\/09\/EBVK-ESC-768x769.jpg 768w, https:\/\/vps181.cesvima.upm.es\/usvk-ebvk-2017\/wp-content\/uploads\/sites\/7\/2017\/09\/EBVK-ESC-1024x1024.jpg 1024w, https:\/\/vps181.cesvima.upm.es\/usvk-ebvk-2017\/wp-content\/uploads\/sites\/7\/2017\/09\/EBVK-ESC-100x100.jpg 100w\" sizes=\"auto, (max-width: 150px) 100vw, 150px\" \/><\/a><\/td>\n<\/tr>\n<\/tbody>\n<\/table>\n","protected":false},"excerpt":{"rendered":"<p>\u2502USVK\u2502CONFERENCIAS \u2502CURSOS\u2502DOSSIER-USVK\u2502 La Universidad Social de Vallecas (USVK) ofrece un programa educativo y cultural a partir de la realizaci\u00f3n de actividades y cursos formativos en unas jornadas de puertas abiertas. Su intenci\u00f3n es crear un espacio de conocimiento e intercambio de ideas sobre temas relacionados con la ciudad con una perspectiva hacia la correcci\u00f3n de &hellip; <\/p>\n<p class=\"link-more\"><a href=\"https:\/\/vps181.cesvima.upm.es\/usvk-ebvk-2017\/usvk\/\" class=\"more-link\">Continuar leyendo<span class=\"screen-reader-text\"> \u00abUniversidad Social de Vallecas\u00bb<\/span><\/a><\/p>\n","protected":false},"author":1,"featured_media":0,"parent":0,"menu_order":0,"comment_status":"closed","ping_status":"open","template":"","meta":{"footnotes":""},"coauthors":[],"class_list":["post-769","page","type-page","status-publish","hentry"],"aioseo_notices":[],"jetpack_sharing_enabled":true,"_links":{"self":[{"href":"https:\/\/vps181.cesvima.upm.es\/usvk-ebvk-2017\/wp-json\/wp\/v2\/pages\/769","targetHints":{"allow":["GET"]}}],"collection":[{"href":"https:\/\/vps181.cesvima.upm.es\/usvk-ebvk-2017\/wp-json\/wp\/v2\/pages"}],"about":[{"href":"https:\/\/vps181.cesvima.upm.es\/usvk-ebvk-2017\/wp-json\/wp\/v2\/types\/page"}],"author":[{"embeddable":true,"href":"https:\/\/vps181.cesvima.upm.es\/usvk-ebvk-2017\/wp-json\/wp\/v2\/users\/1"}],"replies":[{"embeddable":true,"href":"https:\/\/vps181.cesvima.upm.es\/usvk-ebvk-2017\/wp-json\/wp\/v2\/comments?post=769"}],"version-history":[{"count":0,"href":"https:\/\/vps181.cesvima.upm.es\/usvk-ebvk-2017\/wp-json\/wp\/v2\/pages\/769\/revisions"}],"wp:attachment":[{"href":"https:\/\/vps181.cesvima.upm.es\/usvk-ebvk-2017\/wp-json\/wp\/v2\/media?parent=769"}],"wp:term":[{"taxonomy":"author","embeddable":true,"href":"https:\/\/vps181.cesvima.upm.es\/usvk-ebvk-2017\/wp-json\/wp\/v2\/coauthors?post=769"}],"curies":[{"name":"wp","href":"https:\/\/api.w.org\/{rel}","templated":true}]}}