{"id":1024,"date":"2018-10-14T21:41:31","date_gmt":"2018-10-14T21:41:31","guid":{"rendered":"http:\/\/www.aq.upm.es\/giaus\/usvk2\/?page_id=1024"},"modified":"2018-10-14T21:41:31","modified_gmt":"2018-10-14T21:41:31","slug":"experiencias-usvk","status":"publish","type":"page","link":"https:\/\/vps181.cesvima.upm.es\/usvk2018\/agenda-urbana-vallecas-2030\/experiencias-usvk\/","title":{"rendered":"Experiencias USVK"},"content":{"rendered":"<p style=\"text-align: justify\"><strong><span style=\"color: #800000\"><i><img loading=\"lazy\" decoding=\"async\" class=\"alignleft size-thumbnail wp-image-834\" src=\"https:\/\/vps181.cesvima.upm.es\/usvk2018\/wp-content\/uploads\/sites\/5\/2018\/10\/co-city-150x150.png\" alt=\"\" width=\"150\" height=\"150\" srcset=\"https:\/\/vps181.cesvima.upm.es\/usvk2018\/wp-content\/uploads\/sites\/5\/2018\/10\/co-city-150x150.png 150w, https:\/\/vps181.cesvima.upm.es\/usvk2018\/wp-content\/uploads\/sites\/5\/2018\/10\/co-city.png 283w\" sizes=\"auto, (max-width: 150px) 100vw, 150px\" \/>CO-CITY TURIN<br \/>\n<em>Giovanni Ferrero \u2014 Ayuntamiento de Tur\u00edn (Italia)<\/em><br \/>\n<span style=\"color: #333333\">Jueves 25\u00b710\u00b72018 \u2013 15:30h<\/span><br \/>\n<\/i><\/span><\/strong><\/p>\n<p style=\"text-align: justify\">Co-City es un proyecto que busca la gesti\u00f3n colaborativa de los comunes urbanos para luchar contra la pobreza y la polarizaci\u00f3n socio-espacial. La regeneraci\u00f3n de los barrios vulnerables localizados en diferentes \u00e1reas de la ciudad es el principal reto del Co-City. Desde 2008 a 2013 el porcentaje de residentes viviendo en pobreza absoluta lleg\u00f3 al 7% de la poblaci\u00f3n total, mientras que el 14% vive bajo la l\u00ednea de la pobreza relativa. El desempleo lleg\u00f3 al 13% y crece m\u00e1s que en otras ciudades italianas.\u00a0El ayuntamiento de la ciudad ha puesto en marcha un amplio rango de acciones para contrarestar la exclusi\u00f3n social pero la reducci\u00f3n de la financiaci\u00f3n destinada a servicios sociales ha hecho dificil responder a una demanda cada vez m\u00e1s alta. Este proyecto se basa en la colaboraci\u00f3n de Comune di Torino, Universit\u00e0 degli Studi di Torino, la Fondazione Cascina Roccafranca (ONG) y la Associazione Nazionale Comuni Italiani. Esta experiencia busca la regeneraci\u00f3n de espacios abandonados o infrautilizados en diferentes \u00e1res de la ciudad para que esta constribuya a crear nuevos trabajos en el sector de la econom\u00eda social a trav\u00e9s de la creaci\u00f3n de nuevas iniciativas surgidas del proceso de participaci\u00f3n de los residentes, iniciado y facilitado por la ciudad de Tur\u00edn junto con la red de Viviendas y Barrios.<\/p>\n<p style=\"text-align: justify\"><strong><span style=\"color: #800000\"><i><img loading=\"lazy\" decoding=\"async\" class=\"alignleft size-thumbnail wp-image-839\" src=\"https:\/\/vps181.cesvima.upm.es\/usvk2018\/wp-content\/uploads\/sites\/5\/2018\/10\/Civitas-150x150.jpg\" alt=\"\" width=\"150\" height=\"150\" srcset=\"https:\/\/vps181.cesvima.upm.es\/usvk2018\/wp-content\/uploads\/sites\/5\/2018\/10\/Civitas-150x150.jpg 150w, https:\/\/vps181.cesvima.upm.es\/usvk2018\/wp-content\/uploads\/sites\/5\/2018\/10\/Civitas-300x300.jpg 300w, https:\/\/vps181.cesvima.upm.es\/usvk2018\/wp-content\/uploads\/sites\/5\/2018\/10\/Civitas.jpg 321w\" sizes=\"auto, (max-width: 150px) 100vw, 150px\" \/>PROYECTO CIVITAS-ECCENTRIC<br \/>\nIsabela Vel\u00e1zquez \u2014 Gea21<br \/>\n<span style=\"color: #333333\">Jueves 25\u00b710\u00b72018 \u2013 16:30h<\/span><\/i><\/span><\/strong><\/p>\n<p style=\"text-align: justify\">Este es un proyecto europeo de movilidad, de la convocatoria Horizon 2020, liderado por el Ayuntamiento de Madrid, cuyo objetivo es plantear soluciones innovadoras de movilidad sostenible en \u00e1reas perif\u00e9ricas de las ciudades, as\u00ed como estudiar soluciones para una distribuci\u00f3n urbana de mercancias de bajas emisiones en el centro urbano y probar\u00e1 veh\u00edculos y combustibles menos contaminantes. En el proyecto participan, junto a la ciudad de Madrid (que actua como coordinadora) las ciudades de Estocolmo, Munich, Turku y Ruse. Se present\u00f3 en 2016, lleva ya 2 a\u00f1os de recorrido, tiene prevista su ejecuci\u00f3n en un total de cuatro a\u00f1os y se destinar\u00e1 una dotaci\u00f3n de casi 5 millones de euros para proyectos en Madrid. En la iniciativa participan todo tipo de entidades, desde el Ayuntamiento de Madrid, a la Empresa Municipal de Transportes (EMT), el Consorcio Regional de Transportes de Madrid (CRTM), la Universidad Polit\u00e9cnica de Madrid (UPM) as\u00ed como empresas privadas y consultoras.<\/p>\n<p style=\"text-align: justify\"><strong><span style=\"color: #800000\"><i><img loading=\"lazy\" decoding=\"async\" class=\"alignleft size-thumbnail wp-image-836\" src=\"https:\/\/vps181.cesvima.upm.es\/usvk2018\/wp-content\/uploads\/sites\/5\/2018\/10\/ODS-1-150x150.jpg\" alt=\"\" width=\"150\" height=\"150\" \/>MADRID 2030: UNA CIUDAD PARA TODAS LAS PERSONAS Y TODAS LAS GENERACIONES<br \/>\n<em>Antonio Zurita<\/em> \u2014 <em>Ayuntamiento de Madrid<\/em><br \/>\n<span style=\"color: #333333\">Jueves 25\u00b710\u00b72018 \u2013 18:00h<\/span><\/i><\/span><\/strong><\/p>\n<p style=\"text-align: justify\">El Ayuntamiento de Madrid se siente profundamente concernido y comprometido con los desaf\u00edos que plantea la Agenda 2030 y decidi\u00f3 dar un paso al frente, alineando su\u00a0estrategia de desarrollo sostenible de ciudad al marco de transformaciones que sugieren los ODS, lo que dio lugar a esta estrategia de localizaci\u00f3n de ODS en la ciudad de Madrid con el t\u00edtulo \u201cMadrid 2030: una ciudad para todas las personas y las generaciones\u201d.\u00a0Esta estrategia servir\u00e1 como punto de partida de una visi\u00f3n compartida que requiere del m\u00e1ximo consenso posible entre los actores pol\u00edticos, sociales y econ\u00f3micos y, por lo tanto, una visi\u00f3n integradora de un nuevo modelo de desarrollo sostenible para la ciudad.<\/p>\n<p style=\"text-align: justify\"><strong><span style=\"color: #800000\"><i> <img loading=\"lazy\" decoding=\"async\" class=\"alignleft size-thumbnail wp-image-835\" src=\"https:\/\/vps181.cesvima.upm.es\/usvk2018\/wp-content\/uploads\/sites\/5\/2018\/10\/Mostoles2030-150x150.jpg\" alt=\"\" width=\"150\" height=\"150\" \/>M\u00d3STOLES 2030: UNA CIUDAD EN TRANSICI\u00d3N<br \/>\n<em>Emilio Santiago Mui\u00f1o<\/em> \u2014 <em>Ayuntamiento de M\u00f3stoles<\/em><br \/>\n<span style=\"color: #333333\">Jueves 25\u00b710\u00b72018 \u2013 19:00h<\/span><\/i><\/span><\/strong><\/p>\n<p style=\"text-align: justify\"><em>M\u00f3stoles 2030-Una ciudad en transici\u00f3n<\/em> es un plan de naturaleza pol\u00edtica y car\u00e1cter\u00a0estrat\u00e9gico para la ciudad de M\u00f3stoles, ejecutable durante 12 a\u00f1os, siendo su finalidad doble: (a) impulsar el Pacto Local para la implementaci\u00f3n en M\u00f3stoles de Objetivos Mundiales de Desarrollo Sostenible en sus aspectos ecosociales y (b) dar coherencia y continuidad en el tiempo a toda una bater\u00eda de programas y medidas orientadas a la consecuci\u00f3n de los retos de la sostenibilidad urbana. La transici\u00f3n hacia un esquema de ciudad que permita vivir bien dentro de los l\u00edmites de la biosfera no solo es una urgencia de \u00e9poca impostergable, sino tambi\u00e9n una oportunidad para la reinvenci\u00f3n del h\u00e1bitat urbano, as\u00ed como la tendencia principal hacia la que apuntan la evoluci\u00f3n de las ciudades m\u00e1s innovadoras del mundo.<\/p>\n<p style=\"text-align: justify\"><strong><span style=\"color: #800000\"><i><img loading=\"lazy\" decoding=\"async\" class=\"alignleft size-thumbnail wp-image-840\" src=\"https:\/\/vps181.cesvima.upm.es\/usvk2018\/wp-content\/uploads\/sites\/5\/2018\/10\/LasSabinas-150x150.jpg\" alt=\"\" width=\"150\" height=\"150\" srcset=\"https:\/\/vps181.cesvima.upm.es\/usvk2018\/wp-content\/uploads\/sites\/5\/2018\/10\/LasSabinas-150x150.jpg 150w, https:\/\/vps181.cesvima.upm.es\/usvk2018\/wp-content\/uploads\/sites\/5\/2018\/10\/LasSabinas-300x297.jpg 300w\" sizes=\"auto, (max-width: 150px) 100vw, 150px\" \/>REALOJANDO DERECHOS: LAS SABINAS<br \/>\nEva \u00c1lvarez de Andr\u00e9s \u2014 Movimiento ATD Cuarto Mundo<br \/>\n<span style=\"color: #333333\">Viernes 26\u00b710\u00b72018 \u2013 9:30h<\/span><\/i><\/span><\/strong><\/p>\n<p style=\"text-align: justify\"><i>Realojando derechos<\/i>\u00a0es una propuesta de investigaci\u00f3n-acci\u00f3n para evaluar y realizar propuestas de mejora sobre las pol\u00edticas de vivienda enfocadas a colectivos denominados como \u00abvulnerables\u00bb o de \u00abextrema necesidad\u00bb. Esta propuesta parte del conocimiento de quienes precisamente est\u00e1n siendo excluidos de su derecho a una vivienda digna y surge de la Asamblea de Vivienda Digna para Todas las Personas, una plataforma de lucha por el derecho a un alojamiento digno, seguro, estable y respetuoso con los Derechos Humanos, promovida por el Movimiento ATD Cuarto Mundo Espa\u00f1a y abierta a la participaci\u00f3n de todas las personas y colectivos que quieran sumarse. A lo largo de los dos a\u00f1os de historia de este proyecto han participado o colaborado con \u00e9l alrededor de 50 personas, a t\u00edtulo individual y miembros de otros colectivos como San Carlos Borromeo, PAH Madrid, Stop Desahucios M\u00f3stoles, Provivienda y Horuelo.<\/p>\n<p style=\"text-align: justify\"><strong><span style=\"color: #800000\"><i><span style=\"color: #000000\"><img loading=\"lazy\" decoding=\"async\" class=\"alignleft size-thumbnail wp-image-841\" src=\"https:\/\/vps181.cesvima.upm.es\/usvk2018\/wp-content\/uploads\/sites\/5\/2018\/10\/ajuntament-de-barcelona-150x150.jpg\" alt=\"\" width=\"150\" height=\"150\" srcset=\"https:\/\/vps181.cesvima.upm.es\/usvk2018\/wp-content\/uploads\/sites\/5\/2018\/10\/ajuntament-de-barcelona-150x150.jpg 150w, https:\/\/vps181.cesvima.upm.es\/usvk2018\/wp-content\/uploads\/sites\/5\/2018\/10\/ajuntament-de-barcelona-300x300.jpg 300w, https:\/\/vps181.cesvima.upm.es\/usvk2018\/wp-content\/uploads\/sites\/5\/2018\/10\/ajuntament-de-barcelona.jpg 567w\" sizes=\"auto, (max-width: 150px) 100vw, 150px\" \/><\/span>UNA ESTRATEGIA DE ACCI\u00d3N COMUNITARIA PARA LA TRANSFORMACI\u00d3N URBANA<br \/>\n<em>Oscar Rebollo Izquierdo<\/em> \u2014 UAB<br \/>\n<span style=\"color: #333333\">Viernes 26\u00b710\u00b72018 \u2013 10:30h<\/span><\/i><\/span><\/strong><\/p>\n<p style=\"text-align: justify\">El Ayuntamiento de Barcelona lleva a\u00f1os impulsando la acci\u00f3n comunitaria en la ciudad y a trav\u00e9s de esta experiencia se hablar\u00e1 de c\u00f3mo construir respuestas colectivas desde la pol\u00edtica p\u00fablica a los problemas y retos sociales, pasando de los objetivos a los proyectos. Se hablar\u00e1 de la acci\u00f3n comunitaria entendida como una estrategia para combatir las desigualdades, construir cohesi\u00f3n social y contribuir a la transformaci\u00f3n urbana y se desgranar\u00e1n los objetivos de la misma, que son mejorar las condiciones y oportunidades de vida; favorecer procesos de inclusi\u00f3n y cohesi\u00f3n social en barrios fuertemente marcados por la desigualdad, la diversidad y las fracturas sociales; y el empoderamiento individual y colectivo.<\/p>\n<p style=\"text-align: justify\"><strong><span style=\"color: #800000\"><i><img loading=\"lazy\" decoding=\"async\" class=\"alignleft size-thumbnail wp-image-838\" src=\"https:\/\/vps181.cesvima.upm.es\/usvk2018\/wp-content\/uploads\/sites\/5\/2018\/10\/TranviaCero-150x150.jpg\" alt=\"\" width=\"150\" height=\"150\" \/> COLECTIVO TRANV\u00cdA CERO. ECUADOR<br \/>\nPablo Ayala \u2014 Tranv\u00eda Cero<br \/>\n<span style=\"color: #333333\">Viernes 26\u00b710\u00b72018 \u2013 11:45h<\/span><\/i><\/span><\/strong><\/p>\n<div style=\"text-align: justify\">El Colectivo de arte contempor\u00e1neo Tranv\u00eda Cero fue creado en 2002. Sus planteamientos parten de la democratizaci\u00f3n de los espacios p\u00fablicos, la interrelaci\u00f3n y articulaci\u00f3n de estos con la comunidad, as\u00ed como una constante cr\u00edtica a las formas de interpretar la cultura y a la museificaci\u00f3n de la misma, cuestionando los registros formales y est\u00e9ticos de las artes visuales. Hacen frente a los ejercicios de poder institucional, acad\u00e9mico, a los circuitos art\u00edsticos y a la misma ciudadan\u00eda, con la intenci\u00f3n de reformular y de reflexionar desde una visi\u00f3n integral de la pr\u00e1ctica art\u00edstica.<\/div>\n<div style=\"text-align: justify\">Tranv\u00eda Cero est\u00e1 integrado por artistas pl\u00e1sticos egresados de la Facultad de Artes de la Universidad Central del Ecuador, Instituto de artes visuales de Quito, autodidactas y gestores culturales. A partir de su actividad en el Sur de Quito fomentan espacios independientes para la producci\u00f3n y difusi\u00f3n del arte. El trabajo de este equipo de artistas visuales sobre la base de la pintura, escultura, grabado, fotograf\u00eda, instalaciones y performance se ha destacado en diferentes exposiciones y participaciones en el \u00e1mbito nacional e internacional.<\/div>\n<p style=\"text-align: justify\"><strong><span style=\"color: #800000\"><i><img loading=\"lazy\" decoding=\"async\" class=\"alignleft size-thumbnail wp-image-837\" src=\"https:\/\/vps181.cesvima.upm.es\/usvk2018\/wp-content\/uploads\/sites\/5\/2018\/10\/onu-habitat-150x150.png\" alt=\"\" width=\"150\" height=\"150\" srcset=\"https:\/\/vps181.cesvima.upm.es\/usvk2018\/wp-content\/uploads\/sites\/5\/2018\/10\/onu-habitat-150x150.png 150w, https:\/\/vps181.cesvima.upm.es\/usvk2018\/wp-content\/uploads\/sites\/5\/2018\/10\/onu-habitat-300x300.png 300w, https:\/\/vps181.cesvima.upm.es\/usvk2018\/wp-content\/uploads\/sites\/5\/2018\/10\/onu-habitat.png 459w\" sizes=\"auto, (max-width: 150px) 100vw, 150px\" \/>ONU-HABITAT ESPA\u00d1A<br \/>\nCarmen S\u00e1nchez-Miranda \u2014 ONU HABITAT Espa\u00f1a<br \/>\n<span style=\"color: #333333\">Viernes 26\u00b710\u00b72018 \u2013 12:45h<\/span><\/i><\/span><\/strong><\/p>\n<p style=\"text-align: justify\">ONU-Habitat es el programa de Naciones Unidas que trabaja por un mejor futuro urbano. Su misi\u00f3n es promover el desarrollo de asentamientos humanos sostenibles del punto de vista social y medioambiental y proporcionar vivienda adecuada para todos y todas.\u00a0ONU-Habitat, el Programa de Naciones Unidas para los Asentamientos Humanos, tiene las riendas de este cambio al asumir un liderazgo natural y una funci\u00f3n catalizadora en temas urbanos. Con mandato otorgado por la Asamblea General de las Naciones Unidas en 1978, para abordar asuntos del crecimiento urbano, ONU-Habitat es una instituci\u00f3n con conocimiento en procesos de desarrollo urbano y entiende las aspiraciones de las ciudades y sus habitantes. ONU-Habitat trabaja desde hace casi 40 a\u00f1os en asentamientos humanos en todo el mundo centrado en construir un futuro mejor para comunidades rurales, pueblos y ciudades de todos los tama\u00f1os. Gracias a estas cuatro d\u00e9cadas de amplia experiencia, desde los niveles m\u00e1s altos de pol\u00edtica a una extensa variedad de temas t\u00e9cnicos espec\u00edficos, ONU-Habitat ha obtenido reconocimiento \u00fanico y universal en todo lo relacionado a lo urbano.<\/p>\n","protected":false},"excerpt":{"rendered":"<p>CO-CITY TURIN Giovanni Ferrero \u2014 Ayuntamiento de Tur\u00edn (Italia) Jueves 25\u00b710\u00b72018 \u2013 15:30h Co-City es un proyecto que busca la gesti\u00f3n colaborativa de los comunes urbanos para luchar contra la pobreza y la polarizaci\u00f3n socio-espacial. La regeneraci\u00f3n de los barrios vulnerables localizados en diferentes \u00e1reas de la ciudad es el principal reto del Co-City. Desde [&hellip;]<\/p>\n","protected":false},"author":1,"featured_media":0,"parent":979,"menu_order":0,"comment_status":"closed","ping_status":"closed","template":"","meta":{"_genesis_hide_title":false,"_genesis_hide_breadcrumbs":false,"_genesis_hide_singular_image":false,"_genesis_hide_footer_widgets":false,"_genesis_custom_body_class":"","_genesis_custom_post_class":"","_genesis_layout":"","footnotes":""},"coauthors":[],"class_list":{"0":"post-1024","1":"page","2":"type-page","3":"status-publish","5":"entry"},"aioseo_notices":[],"jetpack_sharing_enabled":true,"_links":{"self":[{"href":"https:\/\/vps181.cesvima.upm.es\/usvk2018\/wp-json\/wp\/v2\/pages\/1024","targetHints":{"allow":["GET"]}}],"collection":[{"href":"https:\/\/vps181.cesvima.upm.es\/usvk2018\/wp-json\/wp\/v2\/pages"}],"about":[{"href":"https:\/\/vps181.cesvima.upm.es\/usvk2018\/wp-json\/wp\/v2\/types\/page"}],"author":[{"embeddable":true,"href":"https:\/\/vps181.cesvima.upm.es\/usvk2018\/wp-json\/wp\/v2\/users\/1"}],"replies":[{"embeddable":true,"href":"https:\/\/vps181.cesvima.upm.es\/usvk2018\/wp-json\/wp\/v2\/comments?post=1024"}],"version-history":[{"count":0,"href":"https:\/\/vps181.cesvima.upm.es\/usvk2018\/wp-json\/wp\/v2\/pages\/1024\/revisions"}],"up":[{"embeddable":true,"href":"https:\/\/vps181.cesvima.upm.es\/usvk2018\/wp-json\/wp\/v2\/pages\/979"}],"wp:attachment":[{"href":"https:\/\/vps181.cesvima.upm.es\/usvk2018\/wp-json\/wp\/v2\/media?parent=1024"}],"wp:term":[{"taxonomy":"author","embeddable":true,"href":"https:\/\/vps181.cesvima.upm.es\/usvk2018\/wp-json\/wp\/v2\/coauthors?post=1024"}],"curies":[{"name":"wp","href":"https:\/\/api.w.org\/{rel}","templated":true}]}}