{"id":1158,"date":"2018-10-19T18:16:03","date_gmt":"2018-10-19T18:16:03","guid":{"rendered":"http:\/\/www.aq.upm.es\/giaus\/usvk2\/?page_id=1158"},"modified":"2018-10-19T18:16:03","modified_gmt":"2018-10-19T18:16:03","slug":"imagenes-de-la-usvk","status":"publish","type":"page","link":"https:\/\/vps181.cesvima.upm.es\/usvk2018\/cronica-de-la-usvk\/imagenes-de-la-usvk\/","title":{"rendered":"Im\u00e1genes de la USVK"},"content":{"rendered":"<p>Aqu\u00ed pod\u00e9is encontrar las mejores im\u00e1genes de la Universidad Social de Vallecas.<\/p>\n<ul>\n<li><a href=\"http:\/\/www.aq.upm.es\/giaus\/usvk2\/lunes-22-de-octubre-de-2018\/\" rel=\"noopener\">Lunes 22 de octubre<\/a><\/li>\n<li><a href=\"http:\/\/www.aq.upm.es\/giaus\/usvk2\/martes-23-de-octubre-de-2018\/\">Martes 23 de octubre<\/a><\/li>\n<li><a href=\"http:\/\/www.aq.upm.es\/giaus\/usvk2\/cronica-de-la-usvk\/imagenes-de-la-usvk\/miercoles-24-de-octubre-de-2018\/\">Mi\u00e9rcoles 24 de octubre<\/a><\/li>\n<li><a href=\"http:\/\/www.aq.upm.es\/giaus\/usvk2\/cronica-de-la-usvk\/imagenes-de-la-usvk\/jueves-25-de-octubre\/\">Jueves 25 de octubre<\/a><\/li>\n<li><a href=\"http:\/\/www.aq.upm.es\/giaus\/usvk2\/cronica-de-la-usvk\/imagenes-de-la-usvk\/viernes-26-de-octubre\/\">Viernes 26 de octubre<\/a><\/li>\n<\/ul>\n<p><img loading=\"lazy\" decoding=\"async\" class=\"aligncenter size-full wp-image-1169\" src=\"https:\/\/vps181.cesvima.upm.es\/usvk2018\/wp-content\/uploads\/sites\/5\/2018\/10\/PaginaFotografias.jpg\" alt=\"\" width=\"2956\" height=\"1131\" srcset=\"https:\/\/vps181.cesvima.upm.es\/usvk2018\/wp-content\/uploads\/sites\/5\/2018\/10\/PaginaFotografias.jpg 2956w, https:\/\/vps181.cesvima.upm.es\/usvk2018\/wp-content\/uploads\/sites\/5\/2018\/10\/PaginaFotografias-300x115.jpg 300w, https:\/\/vps181.cesvima.upm.es\/usvk2018\/wp-content\/uploads\/sites\/5\/2018\/10\/PaginaFotografias-768x294.jpg 768w, https:\/\/vps181.cesvima.upm.es\/usvk2018\/wp-content\/uploads\/sites\/5\/2018\/10\/PaginaFotografias-1024x392.jpg 1024w\" sizes=\"auto, (max-width: 2956px) 100vw, 2956px\" \/><\/p>\n<p>&nbsp;<\/p>\n","protected":false},"excerpt":{"rendered":"<p>Aqu\u00ed pod\u00e9is encontrar las mejores im\u00e1genes de la Universidad Social de Vallecas. Lunes 22 de octubre Martes 23 de octubre Mi\u00e9rcoles 24 de octubre Jueves 25 de octubre Viernes 26 de octubre &nbsp;<\/p>\n","protected":false},"author":1,"featured_media":0,"parent":1250,"menu_order":0,"comment_status":"closed","ping_status":"closed","template":"","meta":{"_genesis_hide_title":false,"_genesis_hide_breadcrumbs":false,"_genesis_hide_singular_image":false,"_genesis_hide_footer_widgets":false,"_genesis_custom_body_class":"","_genesis_custom_post_class":"","_genesis_layout":"","footnotes":""},"coauthors":[],"class_list":{"0":"post-1158","1":"page","2":"type-page","3":"status-publish","5":"entry"},"aioseo_notices":[],"jetpack_sharing_enabled":true,"_links":{"self":[{"href":"https:\/\/vps181.cesvima.upm.es\/usvk2018\/wp-json\/wp\/v2\/pages\/1158","targetHints":{"allow":["GET"]}}],"collection":[{"href":"https:\/\/vps181.cesvima.upm.es\/usvk2018\/wp-json\/wp\/v2\/pages"}],"about":[{"href":"https:\/\/vps181.cesvima.upm.es\/usvk2018\/wp-json\/wp\/v2\/types\/page"}],"author":[{"embeddable":true,"href":"https:\/\/vps181.cesvima.upm.es\/usvk2018\/wp-json\/wp\/v2\/users\/1"}],"replies":[{"embeddable":true,"href":"https:\/\/vps181.cesvima.upm.es\/usvk2018\/wp-json\/wp\/v2\/comments?post=1158"}],"version-history":[{"count":0,"href":"https:\/\/vps181.cesvima.upm.es\/usvk2018\/wp-json\/wp\/v2\/pages\/1158\/revisions"}],"up":[{"embeddable":true,"href":"https:\/\/vps181.cesvima.upm.es\/usvk2018\/wp-json\/wp\/v2\/pages\/1250"}],"wp:attachment":[{"href":"https:\/\/vps181.cesvima.upm.es\/usvk2018\/wp-json\/wp\/v2\/media?parent=1158"}],"wp:term":[{"taxonomy":"author","embeddable":true,"href":"https:\/\/vps181.cesvima.upm.es\/usvk2018\/wp-json\/wp\/v2\/coauthors?post=1158"}],"curies":[{"name":"wp","href":"https:\/\/api.w.org\/{rel}","templated":true}]}}