{"id":1472,"date":"2018-11-22T09:40:09","date_gmt":"2018-11-22T09:40:09","guid":{"rendered":"http:\/\/www.aq.upm.es\/giaus\/usvk2\/?page_id=1472"},"modified":"2018-11-22T09:40:09","modified_gmt":"2018-11-22T09:40:09","slug":"videos-de-la-usvk","status":"publish","type":"page","link":"https:\/\/vps181.cesvima.upm.es\/usvk2018\/cronica-de-la-usvk\/videos-de-la-usvk\/","title":{"rendered":"V\u00eddeos de la USVK"},"content":{"rendered":"<p>En esta entrada pod\u00e9is encontrar los v\u00eddeos de las <a href=\"http:\/\/www.aq.upm.es\/giaus\/usvk2\/agenda-urbana-vallecas-2030\/experiencias-usvk\/\">Experiencias USVK<\/a>, de las <a href=\"http:\/\/www.aq.upm.es\/giaus\/usvk2\/agenda-urbana-vallecas-2030\/conferencias-usvk-2\/\">Conferencias USVK<\/a> y de las mesas redondas correspondientes que tuvieron lugar en los m\u00f3dulos IV y V titulados\u00a0<a href=\"http:\/\/www.aq.upm.es\/giaus\/usvk2\/agenda-urbana-vallecas-2030\/\"><span style=\"color: #800000\"><strong>Agenda Urbana: Vallecas 2030<\/strong><\/span><\/a>, los d\u00edas 25 y 26 de noviembre.<\/p>\n<p><span style=\"color: #800000\"><strong>Jueves 25 de noviembre<\/strong><\/span><\/p>\n<ul>\n<li><span style=\"color: #800000\"><a style=\"color: #800000\" href=\"https:\/\/www.youtube.com\/watch?v=e1MY6EZXSUc&amp;index=2&amp;list=PL8bSwVy8_IcPptsUoKZFIySp5k0vG8INb&amp;t=0s\">Presentaci\u00f3n y conferencia inaugural<\/a><\/span>\n<ul>\n<li>Presentaci\u00f3n: Agust\u00edn Hern\u00e1ndez y Olga Mart\u00ednez<\/li>\n<li>Conferencia inaugural: Jos\u00e9 Fari\u00f1a<\/li>\n<\/ul>\n<\/li>\n<li><span style=\"color: #800000\"><a style=\"color: #800000\" href=\"https:\/\/www.youtube.com\/watch?v=1oIcexqEX_I&amp;t=0s&amp;list=PL8bSwVy8_IcPptsUoKZFIySp5k0vG8INb&amp;index=14\">Mesa redonda institucional<\/a><\/span>\n<ul>\n<li>Fernando Buyolo<\/li>\n<li>Sonia Hern\u00e1ndez<\/li>\n<li>Pablo Mart\u00ednez<\/li>\n<li>Modera: Agust\u00edn Hern\u00e1ndez<\/li>\n<\/ul>\n<\/li>\n<li><span style=\"color: #800000\"><a style=\"color: #800000\" href=\"https:\/\/www.youtube.com\/watch?v=ThR8jiI9eV0&amp;t=0s&amp;list=PL8bSwVy8_IcPptsUoKZFIySp5k0vG8INb&amp;index=6\">Experiencia 1. Co-City Tur\u00edn<\/a><\/span>\n<ul>\n<li>Giovanni Ferrero<\/li>\n<\/ul>\n<\/li>\n<li><span style=\"color: #800000\"><a style=\"color: #800000\" href=\"https:\/\/www.youtube.com\/watch?v=sRq_CzGNskg&amp;t=0s&amp;list=PL8bSwVy8_IcPptsUoKZFIySp5k0vG8INb&amp;index=7\">Experiencia 2. Civitas-Eccentric<\/a><\/span>\n<ul>\n<li>Isabela Vel\u00e1zquez<\/li>\n<li>Ana Rosa Llorente<\/li>\n<\/ul>\n<\/li>\n<li><span style=\"color: #800000\"><a style=\"color: #800000\" href=\"https:\/\/www.youtube.com\/watch?v=s1nTiV_oK-s&amp;t=0s&amp;list=PL8bSwVy8_IcPptsUoKZFIySp5k0vG8INb&amp;index=8\">Experiencia 3. Madrid 2030: Una ciudad para todas las personas y todas las generaciones. Ayuntamiento de Madrid<\/a><\/span>\n<ul>\n<li>Antonio Zurita<\/li>\n<\/ul>\n<\/li>\n<li><span style=\"color: #800000\"><a style=\"color: #800000\" href=\"https:\/\/www.youtube.com\/watch?v=_DRx0hd68T0&amp;t=0s&amp;list=PL8bSwVy8_IcPptsUoKZFIySp5k0vG8INb&amp;index=9\">Experiencia 4. M\u00f3stoles 2030: Una ciudad en transici\u00f3n. Ayuntamiento de M\u00f3stoles<\/a><\/span>\n<ul>\n<li>Emilio Santiago<\/li>\n<\/ul>\n<\/li>\n<li><span style=\"color: #800000\"><a style=\"color: #800000\" href=\"https:\/\/www.youtube.com\/watch?v=VWo9dHR9n4I&amp;t=0s&amp;list=PL8bSwVy8_IcPptsUoKZFIySp5k0vG8INb&amp;index=16\">Mesa redonda experiencias<\/a><\/span>\n<ul>\n<li>Giovanni Ferrero<\/li>\n<li>Isabela Vel\u00e1zquez<\/li>\n<li>Ana Rosa Llorente<\/li>\n<li>Antonio Zurita<\/li>\n<li>Emilio Santiago<\/li>\n<li>Modera: Carlos Mataix<\/li>\n<\/ul>\n<\/li>\n<\/ul>\n<p><span style=\"color: #800000\"><strong>Viernes 26 de octubre<\/strong><\/span><\/p>\n<ul>\n<li><span style=\"color: #800000\"><a style=\"color: #800000\" href=\"https:\/\/www.youtube.com\/watch?v=CJeEzNdrz2M&amp;t=0s&amp;list=PL8bSwVy8_IcPptsUoKZFIySp5k0vG8INb&amp;index=10\">Experiencia 5: Realojando derechos. Las Sabinas<\/a><\/span>\n<ul>\n<li>Eva P\u00e9rez<\/li>\n<\/ul>\n<\/li>\n<li><span style=\"color: #800000\"><a style=\"color: #800000\" href=\"https:\/\/www.youtube.com\/watch?v=l3fUPqEd41s&amp;t=0s&amp;list=PL8bSwVy8_IcPptsUoKZFIySp5k0vG8INb&amp;index=11\">Experiencia 6. Una estrategia de acci\u00f3n comunitaria para la transformaci\u00f3n urbana<\/a><\/span>\n<ul>\n<li>Oscar Rebollo<\/li>\n<\/ul>\n<\/li>\n<li><span style=\"color: #800000\"><a style=\"color: #800000\" href=\"https:\/\/www.youtube.com\/watch?v=S9E6fVrE7VY&amp;t=0s&amp;list=PL8bSwVy8_IcPptsUoKZFIySp5k0vG8INb&amp;index=12\">Experiencia 7. Colectivo Tranv\u00eda Cero (Ecuador)<\/a><\/span>\n<ul>\n<li>Pablo Ayala<\/li>\n<\/ul>\n<\/li>\n<li><span style=\"color: #800000\"><a style=\"color: #800000\" href=\"https:\/\/www.youtube.com\/watch?v=Z0KpaN-C3Vw&amp;t=0s&amp;list=PL8bSwVy8_IcPptsUoKZFIySp5k0vG8INb&amp;index=13\">Experiencia 8. ONU-Habitat Espa\u00f1a<\/a><\/span>\n<ul>\n<li>Gonzalo<\/li>\n<\/ul>\n<\/li>\n<li><span style=\"color: #800000\"><a style=\"color: #800000\" href=\"https:\/\/www.youtube.com\/watch?v=WFde4gN_TiE&amp;t=0s&amp;list=PL8bSwVy8_IcPptsUoKZFIySp5k0vG8INb&amp;index=15\">Mesa redonda experiencias<\/a><\/span>\n<ul>\n<li>Eva P\u00e9rez<\/li>\n<li>\u00d3scar Rebollo<\/li>\n<li>Pablo Ayala<\/li>\n<li>Gonzalo Lacurcia<\/li>\n<li>Modera: \u00c1ngela Matesanz<\/li>\n<\/ul>\n<\/li>\n<li><span style=\"color: #800000\"><a style=\"color: #800000\" href=\"https:\/\/www.youtube.com\/watch?v=hweUHItAr_o&amp;t=0s&amp;list=PL8bSwVy8_IcPptsUoKZFIySp5k0vG8INb&amp;index=3\">Conferencia magistral<\/a><\/span>\n<ul>\n<li>Lucelena Betancur<\/li>\n<\/ul>\n<\/li>\n<li><span style=\"color: #800000\"><a style=\"color: #800000\" href=\"https:\/\/www.youtube.com\/watch?v=a90NF-IUvsA&amp;t=0s&amp;list=PL8bSwVy8_IcPptsUoKZFIySp5k0vG8INb&amp;index=4\">Conferencia magistral<\/a><\/span>\n<ul>\n<li>Nabil Bonduki<\/li>\n<\/ul>\n<\/li>\n<li><span style=\"color: #800000\"><a style=\"color: #800000\" href=\"https:\/\/www.youtube.com\/watch?v=fS7OP_Ok-M8&amp;t=0s&amp;list=PL8bSwVy8_IcPptsUoKZFIySp5k0vG8INb&amp;index=5\">Conferencia magistral<\/a><\/span>\n<ul>\n<li>Claudia Laub<\/li>\n<\/ul>\n<\/li>\n<li><span style=\"color: #800000\"><a style=\"color: #800000\" href=\"https:\/\/www.youtube.com\/watch?v=lrp-twD6A-o&amp;t=0s&amp;list=PL8bSwVy8_IcPptsUoKZFIySp5k0vG8INb&amp;index=17\">Mesa redonda conferencias<\/a><\/span>\n<ul>\n<li>Jos\u00e9 Fari\u00f1a<\/li>\n<li>Lucelena Betancur<\/li>\n<li>Nabil Bonduki<\/li>\n<li>Claudia Laub<\/li>\n<li>Modera: Manuel Sierra<\/li>\n<\/ul>\n<\/li>\n<li><span style=\"color: #800000\"><a style=\"color: #800000\" href=\"https:\/\/www.youtube.com\/watch?v=_Y7IKj4mKvc&amp;t=0s&amp;list=PL8bSwVy8_IcPptsUoKZFIySp5k0vG8INb&amp;index=18\">Clausura<\/a><\/span>\n<ul>\n<li>Francisco P\u00e9rez<\/li>\n<li>Manuel Sierra<\/li>\n<li>Agust\u00edn Hern\u00e1ndez<\/li>\n<\/ul>\n<\/li>\n<\/ul>\n<p>&nbsp;<\/p>\n","protected":false},"excerpt":{"rendered":"<p>En esta entrada pod\u00e9is encontrar los v\u00eddeos de las Experiencias USVK, de las Conferencias USVK y de las mesas redondas correspondientes que tuvieron lugar en los m\u00f3dulos IV y V titulados\u00a0Agenda Urbana: Vallecas 2030, los d\u00edas 25 y 26 de noviembre. Jueves 25 de noviembre Presentaci\u00f3n y conferencia inaugural Presentaci\u00f3n: Agust\u00edn Hern\u00e1ndez y Olga Mart\u00ednez [&hellip;]<\/p>\n","protected":false},"author":1,"featured_media":0,"parent":1250,"menu_order":0,"comment_status":"closed","ping_status":"closed","template":"","meta":{"_genesis_hide_title":false,"_genesis_hide_breadcrumbs":false,"_genesis_hide_singular_image":false,"_genesis_hide_footer_widgets":false,"_genesis_custom_body_class":"","_genesis_custom_post_class":"","_genesis_layout":"","footnotes":""},"coauthors":[],"class_list":{"0":"post-1472","1":"page","2":"type-page","3":"status-publish","5":"entry"},"aioseo_notices":[],"jetpack_sharing_enabled":true,"_links":{"self":[{"href":"https:\/\/vps181.cesvima.upm.es\/usvk2018\/wp-json\/wp\/v2\/pages\/1472","targetHints":{"allow":["GET"]}}],"collection":[{"href":"https:\/\/vps181.cesvima.upm.es\/usvk2018\/wp-json\/wp\/v2\/pages"}],"about":[{"href":"https:\/\/vps181.cesvima.upm.es\/usvk2018\/wp-json\/wp\/v2\/types\/page"}],"author":[{"embeddable":true,"href":"https:\/\/vps181.cesvima.upm.es\/usvk2018\/wp-json\/wp\/v2\/users\/1"}],"replies":[{"embeddable":true,"href":"https:\/\/vps181.cesvima.upm.es\/usvk2018\/wp-json\/wp\/v2\/comments?post=1472"}],"version-history":[{"count":0,"href":"https:\/\/vps181.cesvima.upm.es\/usvk2018\/wp-json\/wp\/v2\/pages\/1472\/revisions"}],"up":[{"embeddable":true,"href":"https:\/\/vps181.cesvima.upm.es\/usvk2018\/wp-json\/wp\/v2\/pages\/1250"}],"wp:attachment":[{"href":"https:\/\/vps181.cesvima.upm.es\/usvk2018\/wp-json\/wp\/v2\/media?parent=1472"}],"wp:term":[{"taxonomy":"author","embeddable":true,"href":"https:\/\/vps181.cesvima.upm.es\/usvk2018\/wp-json\/wp\/v2\/coauthors?post=1472"}],"curies":[{"name":"wp","href":"https:\/\/api.w.org\/{rel}","templated":true}]}}