{"id":979,"date":"2018-10-14T20:33:24","date_gmt":"2018-10-14T20:33:24","guid":{"rendered":"http:\/\/www.aq.upm.es\/giaus\/usvk2\/?page_id=979"},"modified":"2018-10-14T20:33:24","modified_gmt":"2018-10-14T20:33:24","slug":"agenda-urbana-vallecas-2030","status":"publish","type":"page","link":"https:\/\/vps181.cesvima.upm.es\/usvk2018\/agenda-urbana-vallecas-2030\/","title":{"rendered":"Agenda Urbana: Vallecas 2030"},"content":{"rendered":"<p style=\"text-align: justify\">La Universidad Social se organiza en cinco cursos divididos en cinco m\u00f3dulos, los tres primeros m\u00f3dulos son espec\u00edficos de cada curso y los dos \u00faltimos m\u00f3dulos son comunes a los cinco. Estas dos \u00faltimas jornadas, correspondientes a los m\u00f3dulos IV y V, tienen como objetivo establecer una hoja de ruta y\/o evaluaci\u00f3n para el alcance de una Agenda Urbana para Vallecas en alineaci\u00f3n con los Objetivos de Desarrollo Sostenible que recogen los documentos marco para lograr ciudades m\u00e1s sostenibles y resilientes.\u00a0En este sentido nos referimos a los siguientes documentos marco: la Nueva Agenda Urbana de ONU-H\u00e1bitat, los 17 Objetivos de Desarrollo Sostenible (ODS), la Agenda Urbana Espa\u00f1ola, y por \u00faltimo a nivel local, teniendo en cuenta que la formaci\u00f3n se ubica en el Distrito de Madrid de Puente de Vallecas, como documento principal: \u201cMadrid 2030: Una ciudad para todas las personas y todas las generaciones\u201d que ha elaborado el Ayuntamiento de Madrid.<\/p>\n<p>Teniendo en cuenta el objetivo, las jornadas contar\u00e1n con diferentes experiencias urbanas y territoriales contadas a trav\u00e9s de agentes institucionales, acad\u00e9micos y sociales, que pongan sobre la mesa reflexiones sobre la capacidad de influencia los mismos en las comunidades locales y sus territorios. Adem\u00e1s contaremos con un elenco de conferenciantes que nos permitir\u00e1n complementar el contenido de las experiencias con ponencias de excepci\u00f3n. Ambas actividades podr\u00e1n seguirse a trav\u00e9s de twitter con los HT #<a href=\"https:\/\/twitter.com\/hashtag\/ExperienciasUSVK?src=hash\" target=\"_blank\" rel=\"noopener noreferrer\"><strong><span style=\"color: #800000\">Experiencias USVK<\/span><\/strong><\/a>\u00a0y #<a href=\"https:\/\/twitter.com\/hashtag\/ConferenciasUSVK?src=hash\" target=\"_blank\" rel=\"noopener noreferrer\"><strong><span style=\"color: #800000\">Conferencias USVK<\/span><\/strong><\/a>\u00bb as\u00ed como la informaci\u00f3n complementaria en nuestra web.<\/p>\n<p>&nbsp;<\/p>\n<p style=\"text-align: justify\"><img loading=\"lazy\" decoding=\"async\" class=\"alignleft size-full wp-image-1028\" src=\"https:\/\/vps181.cesvima.upm.es\/usvk2018\/wp-content\/uploads\/sites\/5\/2018\/10\/ModulosIVyV.jpg\" alt=\"\" width=\"1240\" height=\"1476\" srcset=\"https:\/\/vps181.cesvima.upm.es\/usvk2018\/wp-content\/uploads\/sites\/5\/2018\/10\/ModulosIVyV.jpg 1240w, https:\/\/vps181.cesvima.upm.es\/usvk2018\/wp-content\/uploads\/sites\/5\/2018\/10\/ModulosIVyV-252x300.jpg 252w, https:\/\/vps181.cesvima.upm.es\/usvk2018\/wp-content\/uploads\/sites\/5\/2018\/10\/ModulosIVyV-768x914.jpg 768w, https:\/\/vps181.cesvima.upm.es\/usvk2018\/wp-content\/uploads\/sites\/5\/2018\/10\/ModulosIVyV-860x1024.jpg 860w\" sizes=\"auto, (max-width: 1240px) 100vw, 1240px\" \/><\/p>\n","protected":false},"excerpt":{"rendered":"<p>La Universidad Social se organiza en cinco cursos divididos en cinco m\u00f3dulos, los tres primeros m\u00f3dulos son espec\u00edficos de cada curso y los dos \u00faltimos m\u00f3dulos son comunes a los cinco. Estas dos \u00faltimas jornadas, correspondientes a los m\u00f3dulos IV y V, tienen como objetivo establecer una hoja de ruta y\/o evaluaci\u00f3n para el alcance [&hellip;]<\/p>\n","protected":false},"author":1,"featured_media":0,"parent":0,"menu_order":0,"comment_status":"closed","ping_status":"closed","template":"","meta":{"_genesis_hide_title":false,"_genesis_hide_breadcrumbs":false,"_genesis_hide_singular_image":false,"_genesis_hide_footer_widgets":false,"_genesis_custom_body_class":"","_genesis_custom_post_class":"","_genesis_layout":"","footnotes":""},"coauthors":[],"class_list":{"0":"post-979","1":"page","2":"type-page","3":"status-publish","5":"entry"},"aioseo_notices":[],"jetpack_sharing_enabled":true,"_links":{"self":[{"href":"https:\/\/vps181.cesvima.upm.es\/usvk2018\/wp-json\/wp\/v2\/pages\/979","targetHints":{"allow":["GET"]}}],"collection":[{"href":"https:\/\/vps181.cesvima.upm.es\/usvk2018\/wp-json\/wp\/v2\/pages"}],"about":[{"href":"https:\/\/vps181.cesvima.upm.es\/usvk2018\/wp-json\/wp\/v2\/types\/page"}],"author":[{"embeddable":true,"href":"https:\/\/vps181.cesvima.upm.es\/usvk2018\/wp-json\/wp\/v2\/users\/1"}],"replies":[{"embeddable":true,"href":"https:\/\/vps181.cesvima.upm.es\/usvk2018\/wp-json\/wp\/v2\/comments?post=979"}],"version-history":[{"count":0,"href":"https:\/\/vps181.cesvima.upm.es\/usvk2018\/wp-json\/wp\/v2\/pages\/979\/revisions"}],"wp:attachment":[{"href":"https:\/\/vps181.cesvima.upm.es\/usvk2018\/wp-json\/wp\/v2\/media?parent=979"}],"wp:term":[{"taxonomy":"author","embeddable":true,"href":"https:\/\/vps181.cesvima.upm.es\/usvk2018\/wp-json\/wp\/v2\/coauthors?post=979"}],"curies":[{"name":"wp","href":"https:\/\/api.w.org\/{rel}","templated":true}]}}