{"id":988,"date":"2018-10-14T20:52:07","date_gmt":"2018-10-14T20:52:07","guid":{"rendered":"http:\/\/www.aq.upm.es\/giaus\/usvk2\/?page_id=988"},"modified":"2018-10-14T20:52:07","modified_gmt":"2018-10-14T20:52:07","slug":"portada-2","status":"publish","type":"page","link":"https:\/\/vps181.cesvima.upm.es\/usvk2018\/","title":{"rendered":""},"content":{"rendered":"<p style=\"text-align: justify\">La Universidad Social de Vallecas (USVK) ofrece un programa educativo y cultural a trav\u00e9s de la realizaci\u00f3n de las actividades y los cursos formativos. Su intenci\u00f3n es crear un espacio de conocimiento e intercambio de ideas sobre los retos a los que se enfrentan nuestras ciudades, en la b\u00fasqueda de soluciones conducentes a la correcci\u00f3n de las desigualdades y desequilibrios sociales y ambientales, desde la perspectiva de la intervenci\u00f3n comunitaria y ciudadana.<a href=\"https:\/\/vps181.cesvima.upm.es\/usvk2018\/wp-content\/uploads\/sites\/5\/2018\/10\/PortadaWeb2.jpg\"><img loading=\"lazy\" decoding=\"async\" class=\"alignleft size-full wp-image-916\" src=\"https:\/\/vps181.cesvima.upm.es\/usvk2018\/wp-content\/uploads\/sites\/5\/2018\/10\/PortadaWeb2.jpg\" alt=\"\" width=\"2381\" height=\"1361\" srcset=\"https:\/\/vps181.cesvima.upm.es\/usvk2018\/wp-content\/uploads\/sites\/5\/2018\/10\/PortadaWeb2.jpg 2381w, https:\/\/vps181.cesvima.upm.es\/usvk2018\/wp-content\/uploads\/sites\/5\/2018\/10\/PortadaWeb2-300x171.jpg 300w, https:\/\/vps181.cesvima.upm.es\/usvk2018\/wp-content\/uploads\/sites\/5\/2018\/10\/PortadaWeb2-768x439.jpg 768w, https:\/\/vps181.cesvima.upm.es\/usvk2018\/wp-content\/uploads\/sites\/5\/2018\/10\/PortadaWeb2-1024x585.jpg 1024w\" sizes=\"auto, (max-width: 2381px) 100vw, 2381px\" \/><\/a><\/p>\n","protected":false},"excerpt":{"rendered":"<p>La Universidad Social de Vallecas (USVK) ofrece un programa educativo y cultural a trav\u00e9s de la realizaci\u00f3n de las actividades y los cursos formativos. Su intenci\u00f3n es crear un espacio de conocimiento e intercambio de ideas sobre los retos a los que se enfrentan nuestras ciudades, en la b\u00fasqueda de soluciones conducentes a la correcci\u00f3n [&hellip;]<\/p>\n","protected":false},"author":1,"featured_media":0,"parent":0,"menu_order":0,"comment_status":"closed","ping_status":"closed","template":"","meta":{"_genesis_hide_title":false,"_genesis_hide_breadcrumbs":false,"_genesis_hide_singular_image":false,"_genesis_hide_footer_widgets":false,"_genesis_custom_body_class":"","_genesis_custom_post_class":"","_genesis_layout":"","footnotes":""},"coauthors":[],"class_list":{"0":"post-988","1":"page","2":"type-page","3":"status-publish","5":"entry"},"aioseo_notices":[],"jetpack_sharing_enabled":true,"_links":{"self":[{"href":"https:\/\/vps181.cesvima.upm.es\/usvk2018\/wp-json\/wp\/v2\/pages\/988","targetHints":{"allow":["GET"]}}],"collection":[{"href":"https:\/\/vps181.cesvima.upm.es\/usvk2018\/wp-json\/wp\/v2\/pages"}],"about":[{"href":"https:\/\/vps181.cesvima.upm.es\/usvk2018\/wp-json\/wp\/v2\/types\/page"}],"author":[{"embeddable":true,"href":"https:\/\/vps181.cesvima.upm.es\/usvk2018\/wp-json\/wp\/v2\/users\/1"}],"replies":[{"embeddable":true,"href":"https:\/\/vps181.cesvima.upm.es\/usvk2018\/wp-json\/wp\/v2\/comments?post=988"}],"version-history":[{"count":0,"href":"https:\/\/vps181.cesvima.upm.es\/usvk2018\/wp-json\/wp\/v2\/pages\/988\/revisions"}],"wp:attachment":[{"href":"https:\/\/vps181.cesvima.upm.es\/usvk2018\/wp-json\/wp\/v2\/media?parent=988"}],"wp:term":[{"taxonomy":"author","embeddable":true,"href":"https:\/\/vps181.cesvima.upm.es\/usvk2018\/wp-json\/wp\/v2\/coauthors?post=988"}],"curies":[{"name":"wp","href":"https:\/\/api.w.org\/{rel}","templated":true}]}}